{"id":988029,"date":"2021-01-24T22:16:19","date_gmt":"2021-01-24T20:16:19","guid":{"rendered":"http:\/\/zd-piran.si\/?page_id=988029"},"modified":"2022-05-31T11:27:08","modified_gmt":"2022-05-31T09:27:08","slug":"nase-cakalne-dobe","status":"publish","type":"page","link":"https:\/\/zd-piran.si\/index.php\/nase-cakalne-dobe\/","title":{"rendered":"Na\u0161e \u010dakalne dobe"},"content":{"rendered":"<table>\n<tbody>\n<tr>\n<td style=\"border: 1px solid #ced5db; background: #568ec0; color: white; padding: 3px;\" width=\"135\"><strong>Naziv<\/strong><\/td>\n<td style=\"border: 1px solid #ced5db; background: #568ec0; color: white; padding: 3px;\" width=\"157\"><strong>Naslov<\/strong><\/td>\n<td style=\"border: 1px solid #ced5db; background: #568ec0; color: white; padding: 3px;\" width=\"65\"><strong>Redno<\/strong><\/td>\n<td style=\"border: 1px solid #ced5db; background: #568ec0; color: white; padding: 3px;\" width=\"60\"><strong>Hitro<\/strong><\/td>\n<td style=\"border: 1px solid #ced5db; background: #568ec0; color: white; padding: 3px;\" width=\"59\"><strong>Zelo hitro<\/strong><\/td>\n<td style=\"border: 1px solid #ced5db; background: #568ec0; color: white; padding: 3px;\" width=\"70\"><strong>Nujno<\/strong><\/td>\n<\/tr>\n<tr>\n<td style=\"border: 1px solid #ced5db; padding: 3px;\" width=\"135\"><strong>CENTER ZA KOREKCIJO SLUHA IN GOVORA PORTORO\u017d<br \/>\n<\/strong>MATJA\u017d KRAJNC, dr. med., spec. otorinolaringolog<\/td>\n<td style=\"border: 1px solid #ced5db; padding: 3px;\" width=\"157\">SON\u010cNA POT 14<br \/>\n6320 PORTORO\u017d &#8211; PORTOROSE<br \/>\ntel 05\/617 52 52<\/td>\n<td style=\"border: 1px solid #ced5db; padding: 3px;\" width=\"65\">0 do 100 dni<\/td>\n<td style=\"border: 1px solid #ced5db; padding: 3px;\" width=\"60\">do 90 dni<\/td>\n<td style=\"border: 1px solid #ced5db; padding: 3px;\" width=\"59\">do 45 dni<\/td>\n<td style=\"border: 1px solid #ced5db; padding: 3px;\" width=\"70\">\u010cakalne dobe ni<\/td>\n<\/tr>\n<tr>\n<td style=\"border: 1px solid #ced5db; padding: 3px;\" width=\"135\"><strong>ZDRAVSTVENI DOM PIRAN POLIAMBULATORIO PIRANO &#8211; ORL AMB. KOPER<br \/>\n<\/strong>MATJA\u017d KRAJNC, dr. med., spec. otorinolaringolog<\/td>\n<td style=\"border: 1px solid #ced5db; padding: 3px;\" width=\"157\">CESTA SOLINARJEV 1<br \/>\n6320 PORTORO\u017d &#8211; PORTOROSE<br \/>\ntel 05\/630 1000<\/td>\n<td style=\"border: 1px solid #ced5db; padding: 3px;\" width=\"65\">do 100 dni<\/td>\n<td style=\"border: 1px solid #ced5db; padding: 3px;\" width=\"60\">do 90 dni<\/td>\n<td style=\"border: 1px solid #ced5db; padding: 3px;\" width=\"59\">do 45 dni<\/td>\n<td style=\"border: 1px solid #ced5db; padding: 3px;\" width=\"70\">\u010cakalne dobe ni<\/td>\n<\/tr>\n<tr>\n<td style=\"border: 1px solid #ced5db; padding: 3px;\" width=\"135\"><strong>ZDRAVSTVENI DOM PIRAN POLIAMBULATORIO PIRANO &#8211; DIABETOLOGIJA<br \/>\n<\/strong>SNEZHANA JANKOVSKA, dr. med., spec internist<\/td>\n<td style=\"border: 1px solid #ced5db; padding: 3px;\" width=\"157\">CESTA SOLINARJEV 1<br \/>\n6320 PORTORO\u017d &#8211; PORTOROSE<br \/>\ntel: 05\/6207 252<\/td>\n<td style=\"border: 1px solid #ced5db; padding: 3px;\" width=\"65\">do 14 dni<\/td>\n<td style=\"border: 1px solid #ced5db; padding: 3px;\" width=\"60\">Do 7 dni<\/td>\n<td style=\"border: 1px solid #ced5db; padding: 3px;\" width=\"59\">Do 7 dni<\/td>\n<td style=\"border: 1px solid #ced5db; padding: 3px;\" width=\"70\">\u010cakalne dobe ni<\/td>\n<\/tr>\n<tr>\n<td style=\"border: 1px solid #ced5db; padding: 3px;\" width=\"135\"><strong>ZDRAVSTVENI DOM PIRAN POLIAMBULATORIO PIRANO<br \/>\n<\/strong>ALIDA MA\u017dER, dr. med., spec. psih.<\/td>\n<td style=\"border: 1px solid #ced5db; padding: 3px;\" width=\"157\">CESTA SOLINARJEV 1<br \/>\n6320 PORTORO\u017d &#8211; PORTOROSE<br \/>\ntel:05\/6207 246<\/td>\n<td style=\"border: 1px solid #ced5db; padding: 3px;\" width=\"65\">do 60 dni<\/td>\n<td style=\"border: 1px solid #ced5db; padding: 3px;\" width=\"60\">Do 40 dni<\/td>\n<td style=\"border: 1px solid #ced5db; padding: 3px;\" width=\"59\">Do 20 dni<\/td>\n<td style=\"border: 1px solid #ced5db; padding: 3px;\" width=\"70\">\u010cakalne dobe ni<\/td>\n<\/tr>\n<tr>\n<td style=\"border: 1px solid #ced5db; padding: 3px;\" width=\"135\"><strong>ZDRAVSTVENI DOM PIRAN POLIAMBULATORIO PIRANO &#8211; INTERNISTI\u010cNA AMB.<br \/>\n<\/strong>SNEZHANA JANKOVSKA, dr. med., spec internist<\/td>\n<td style=\"border: 1px solid #ced5db; padding: 3px;\" width=\"157\">CESTA SOLINARJEV 1<br \/>\n6320 PORTORO\u017d &#8211; PORTOROSE<br \/>\ntel: 05\/6207 220<\/td>\n<td style=\"border: 1px solid #ced5db; padding: 3px;\" width=\"65\">do 45 dni<\/td>\n<td style=\"border: 1px solid #ced5db; padding: 3px;\" width=\"60\">Do 40 dni<\/td>\n<td style=\"border: 1px solid #ced5db; padding: 3px;\" width=\"59\">Do 35 dni<\/td>\n<td style=\"border: 1px solid #ced5db; padding: 3px;\" width=\"70\">\u010cakalne dobe ni<\/td>\n<\/tr>\n<tr>\n<td style=\"border: 1px solid #ced5db; padding: 3px;\" width=\"135\"><strong>ZDRAVSTVENI DOM PIRAN POLIAMBULATORIO PIRANO<br \/>\n<\/strong>APATH TEA, dr. med., specialist psihiater<\/td>\n<td style=\"border: 1px solid #ced5db; padding: 3px;\" width=\"157\">CESTA SOLINARJEV 1<br \/>\n6320 PORTORO\u017d &#8211; PORTOROSE<br \/>\ntel:05\/6207 201<\/td>\n<td style=\"border: 1px solid #ced5db; padding: 3px;\" width=\"65\">Do 100 dni<\/td>\n<td style=\"border: 1px solid #ced5db; padding: 3px;\" width=\"60\">Do 70 dni<\/td>\n<td style=\"border: 1px solid #ced5db; padding: 3px;\" width=\"59\">Do 21 dni<\/td>\n<td style=\"border: 1px solid #ced5db; padding: 3px;\" width=\"70\">\u010cakalne dobe ni<\/td>\n<\/tr>\n<tr>\n<td style=\"border: 1px solid #ced5db; padding: 3px;\" width=\"135\"><strong>ZDRAVSTVENI DOM PIRAN POLIAMBULATORIO PIRANO<br \/>\n<\/strong>Ambulanta za klini\u010dno psihologijo za otroke in mladostnike<\/td>\n<td style=\"border: 1px solid #ced5db; padding: 3px;\" width=\"157\">CESTA SOLINARJEV 1<br \/>\n6320 PORTORO\u017d &#8211; PORTOROSE<br \/>\ntel:05\/6207 248<\/td>\n<td style=\"border: 1px solid #ced5db; padding: 3px;\" width=\"65\">Do 210 dni<\/td>\n<td style=\"border: 1px solid #ced5db; padding: 3px;\" width=\"60\">Do 120 dni<\/td>\n<td style=\"border: 1px solid #ced5db; padding: 3px;\" width=\"59\">Do 100 dni<\/td>\n<td style=\"border: 1px solid #ced5db; padding: 3px;\" width=\"70\">\u010cakalne dobe ni<\/td>\n<\/tr>\n<tr>\n<td style=\"border: 1px solid #ced5db; padding: 3px;\" width=\"135\"><strong>ZDRAVSTVENI DOM PIRAN POLIAMBULATORIO PIRANO<br \/>\n<\/strong>Psihohigienski dispanzer za otroke in mladostnike<\/td>\n<td style=\"border: 1px solid #ced5db; padding: 3px;\" width=\"157\">CESTA SOLINARJEV 1<br \/>\n6320 PORTORO\u017d &#8211; PORTOROSE<br \/>\ntel:05\/6207 248<\/td>\n<td style=\"border: 1px solid #ced5db; padding: 3px;\" width=\"65\">Do 220 dni<\/td>\n<td style=\"border: 1px solid #ced5db; padding: 3px;\" width=\"60\">Do 180 dni<\/td>\n<td style=\"border: 1px solid #ced5db; padding: 3px;\" width=\"59\">Do 130 dni<\/td>\n<td style=\"border: 1px solid #ced5db; padding: 3px;\" width=\"70\">\u010cakalne dobe ni<\/td>\n<\/tr>\n<\/tbody>\n<\/table>\n","protected":false},"excerpt":{"rendered":"<p>Naziv Naslov Redno Hitro Zelo hitro Nujno CENTER ZA KOREKCIJO SLUHA IN GOVORA PORTORO\u017d MATJA\u017d KRAJNC, dr. med., spec. otorinolaringolog SON\u010cNA POT 14 6320 PORTORO\u017d &#8211; PORTOROSE tel 05\/617 52 52 0 do 100 dni do 90 dni do 45 dni \u010cakalne dobe ni ZDRAVSTVENI DOM PIRAN POLIAMBULATORIO PIRANO &#8211; ORL AMB. KOPER MATJA\u017d KRAJNC,&#8230;<\/p>\n","protected":false},"author":1,"featured_media":0,"parent":0,"menu_order":0,"comment_status":"closed","ping_status":"closed","template":"","meta":{"ngg_post_thumbnail":0,"footnotes":""},"class_list":["post-988029","page","type-page","status-publish"],"_links":{"self":[{"href":"https:\/\/zd-piran.si\/index.php\/wp-json\/wp\/v2\/pages\/988029","targetHints":{"allow":["GET"]}}],"collection":[{"href":"https:\/\/zd-piran.si\/index.php\/wp-json\/wp\/v2\/pages"}],"about":[{"href":"https:\/\/zd-piran.si\/index.php\/wp-json\/wp\/v2\/types\/page"}],"author":[{"embeddable":true,"href":"https:\/\/zd-piran.si\/index.php\/wp-json\/wp\/v2\/users\/1"}],"replies":[{"embeddable":true,"href":"https:\/\/zd-piran.si\/index.php\/wp-json\/wp\/v2\/comments?post=988029"}],"version-history":[{"count":16,"href":"https:\/\/zd-piran.si\/index.php\/wp-json\/wp\/v2\/pages\/988029\/revisions"}],"predecessor-version":[{"id":989289,"href":"https:\/\/zd-piran.si\/index.php\/wp-json\/wp\/v2\/pages\/988029\/revisions\/989289"}],"wp:attachment":[{"href":"https:\/\/zd-piran.si\/index.php\/wp-json\/wp\/v2\/media?parent=988029"}],"curies":[{"name":"wp","href":"https:\/\/api.w.org\/{rel}","templated":true}]}}