{"id":988100,"date":"2021-01-10T18:25:23","date_gmt":"2021-01-10T16:25:23","guid":{"rendered":"http:\/\/zd-piran.si\/index.php\/ambulante-druzinske-medicine\/spolsne_ambulante\/sa01-2-2\/"},"modified":"2026-02-12T10:09:57","modified_gmt":"2026-02-12T09:09:57","slug":"sa06","status":"publish","type":"page","link":"https:\/\/zd-piran.si\/index.php\/ambulante-druzinske-medicine\/spolsne_ambulante\/sa06\/","title":{"rendered":"Dr. Polona Lampi\u010d"},"content":{"rendered":"<div class=\"row \"><div class=\"wpv-grid grid-1-2  wpv-first-level first unextended\" style=\"padding-top:0px;padding-bottom:0px\" id=\"wpv-column-3e1e0c15325be559847c343c7b76f5cb\" ><p><strong><span class=\"oddelek_zdravnik\">Lampi\u010d Polona, dr.med., spec. sp.med.<\/span><\/strong><br \/>\nCesta solinarjev 1, LUCIJA , PORTORO\u017d<\/p>\n<span class='icon shortcode  ' style='font-size:16px !important;'>&#57490;<\/span> 05\/ 672 04 30<br \/>\n<span class='icon shortcode  ' style='font-size:16px !important;'>&#57533;<\/span> 05\/ 6207 201<\/div>\n<div class=\"wpv-grid grid-1-2  wpv-first-level unextended\" style=\"padding-top:0px;padding-bottom:0px\" id=\"wpv-column-ffc773936dec4f90956be90181e04b4b\" ><table class=\"paleBlueRows\">\n<thead>\n<tr>\n<th style=\"text-align: center; background: #F2C74F; color: black;\">PON<\/th>\n<th style=\"text-align: center; background: #F2C74F; color: black;\">TOR<\/th>\n<th style=\"text-align: center; background: #F2C74F; color: black;\">SRE<\/th>\n<th style=\"text-align: center; background: #F2C74F; color: black;\">\u010cET<\/th>\n<th style=\"text-align: center; background: #F2C74F; color: black;\">PET<\/th>\n<th style=\"text-align: center; background: #F2C74F; color: black;\">SOB<\/th>\n<th style=\"text-align: center; background: #F2C74F; color: black;\">NED<\/th>\n<\/tr>\n<\/thead>\n<tbody>\n<tr>\n<td style=\"text-align: center; background: #EFE0B6; color: black;\">07:00<\/td>\n<td style=\"text-align: center; background: #EFE0B6; color: black;\">07:00<\/td>\n<td style=\"text-align: center; background: #EFE0B6; color: black;\">13:00<\/td>\n<td style=\"text-align: center; background: #EFE0B6; color: black;\">07:00<\/td>\n<td style=\"text-align: center; background: #EFE0B6; color: black;\">07:00<\/td>\n<td style=\"text-align: center; background: #EFE0B6; color: black;\">&#8211;<\/td>\n<td style=\"text-align: center; background: #EFE0B6; color: black;\">&#8211;<\/td>\n<\/tr>\n<tr>\n<td style=\"text-align: center; background: #EFE0B6; color: black;\">14:00<\/td>\n<td style=\"text-align: center; background: #EFE0B6; color: black;\">14:00<\/td>\n<td style=\"text-align: center; background: #EFE0B6; color: black;\">20:00<\/td>\n<td style=\"text-align: center; background: #EFE0B6; color: black;\">14:00<\/td>\n<td style=\"text-align: center; background: #EFE0B6; color: black;\">14:00<\/td>\n<td style=\"text-align: center; background: #EFE0B6; color: black;\">&#8211;<\/td>\n<td style=\"text-align: center; background: #EFE0B6; color: black;\">&#8211;<\/td>\n<\/tr>\n<\/tbody>\n<\/table><\/div><\/div>\n<div class=\"wpv-accordion-wrapper wpv-accordion-1\"><style scoped>.wpv-accordion-1 .tab .inner { background-color: #F2C74F; color: #000000; }<\/style><ul class=\"wpv-accordion\" data-collapsible=\"true\"><li class=\"pane-wrapper\" style=\"\">\n\t\t\t\t\t<h4 class=\"tab\"><span class=\"inner\">Naro\u010danje<\/span><\/h4>\n\t\t\t\t\t<div class=\"pane\"><div class=\"inner\"><div class=\"row \"><div class=\"wpv-grid grid-2-5  first unextended\" style=\"padding-top:0px;padding-bottom:0px\" id=\"wpv-column-8522b5dbeccfb7de7e178dd8cec90f88\" ><p>Naro\u010dite se lahko po telefonu ali osebno v ordinacijskem \u010dasu ambulante, pisno po po\u0161ti, ter spletno naro\u010danje preko portala doZdravnika.si<\/div>\n<div class=\"wpv-grid grid-3-5  unextended\" style=\"padding-top:0px;padding-bottom:0px\" id=\"wpv-column-38a2d7cd0f1f5f5649237ca0d66c6e06\" ><p><a href=\"https:\/\/zvem.ezdrav.si\/portal\/gost\" rel=\"attachment wp-att-990871\"><img loading=\"lazy\" decoding=\"async\" class=\"aligncenter wp-image-990871\" title=\"povezava do portala zVem\" src=\"http:\/\/zd-piran.si\/wp-content\/uploads\/2026\/02\/zvem_pasica-1024x243.png\" alt=\"povezava do portala zVem\" width=\"620\" height=\"163\"><\/a><\/div><\/div><\/div><\/div>\n\t\t\t\t\t<\/li><li class=\"pane-wrapper\" style=\"\">\n\t\t\t\t\t<h4 class=\"tab\"><span class=\"inner\">\u010cakalna doba<\/span><\/h4>\n\t\t\t\t\t<div class=\"pane\"><div class=\"inner\"><p>Za nujne primere \u010dakalne dobe ni, za nenujne preglede oz. prvi pregled do 7 dni, po predhodnem naro\u010dilu. Odgovorne osebe za vodenje \u010dakalnega seznama: Nata\u0161a Petvar, dipl. m.s., koordinator \u010dakalnih seznamov in \u010dakalnih vrst: Marko Grdina,dipl.zn, Pomo\u010dnik direktorja za podro\u010dje zdr.nege.<\/div><\/div>\n\t\t\t\t\t<\/li><li class=\"pane-wrapper\" style=\"\">\n\t\t\t\t\t<h4 class=\"tab\"><span class=\"inner\">Ostale informacije<\/span><\/h4>\n\t\t\t\t\t<div class=\"pane\"><div class=\"inner\"><p>Ambulanta dosega 2.473,68 glavarinskih koli\u010dnikov, &nbsp;zato ne sprejema\/opredeljuje novih pacientov.<\/p>\n<p>V \u010dasu letnih dopustov in odsotnosti jih nadome\u0161\u010da ambulanta Katarina Ralca, dr.med.spec.dru\u017e.med<\/div><\/div>\n\t\t\t\t\t<\/li><\/ul><\/div>\n","protected":false},"excerpt":{"rendered":"<p>Lampi\u010d Polona, dr.med., spec. sp.med. Cesta solinarjev 1, LUCIJA , PORTORO\u017d 05\/ 672 04 30 05\/ 6207 201 PON TOR SRE \u010cET PET SOB NED 07:00 07:00 13:00 07:00 07:00 &#8211; &#8211; 14:00 14:00 20:00 14:00 14:00 &#8211; &#8211;<\/p>\n","protected":false},"author":1,"featured_media":0,"parent":987987,"menu_order":0,"comment_status":"closed","ping_status":"closed","template":"","meta":{"ngg_post_thumbnail":0,"footnotes":""},"class_list":["post-988100","page","type-page","status-publish"],"_links":{"self":[{"href":"https:\/\/zd-piran.si\/index.php\/wp-json\/wp\/v2\/pages\/988100","targetHints":{"allow":["GET"]}}],"collection":[{"href":"https:\/\/zd-piran.si\/index.php\/wp-json\/wp\/v2\/pages"}],"about":[{"href":"https:\/\/zd-piran.si\/index.php\/wp-json\/wp\/v2\/types\/page"}],"author":[{"embeddable":true,"href":"https:\/\/zd-piran.si\/index.php\/wp-json\/wp\/v2\/users\/1"}],"replies":[{"embeddable":true,"href":"https:\/\/zd-piran.si\/index.php\/wp-json\/wp\/v2\/comments?post=988100"}],"version-history":[{"count":24,"href":"https:\/\/zd-piran.si\/index.php\/wp-json\/wp\/v2\/pages\/988100\/revisions"}],"predecessor-version":[{"id":990875,"href":"https:\/\/zd-piran.si\/index.php\/wp-json\/wp\/v2\/pages\/988100\/revisions\/990875"}],"up":[{"embeddable":true,"href":"https:\/\/zd-piran.si\/index.php\/wp-json\/wp\/v2\/pages\/987987"}],"wp:attachment":[{"href":"https:\/\/zd-piran.si\/index.php\/wp-json\/wp\/v2\/media?parent=988100"}],"curies":[{"name":"wp","href":"https:\/\/api.w.org\/{rel}","templated":true}]}}