{"id":988109,"date":"2021-01-10T18:25:23","date_gmt":"2021-01-10T16:25:23","guid":{"rendered":"http:\/\/zd-piran.si\/index.php\/ambulante-druzinske-medicine\/spolsne_ambulante\/sa01-2-2-2\/"},"modified":"2026-02-12T10:08:27","modified_gmt":"2026-02-12T09:08:27","slug":"sa01","status":"publish","type":"page","link":"https:\/\/zd-piran.si\/index.php\/ambulante-druzinske-medicine\/spolsne_ambulante\/sa01\/","title":{"rendered":"Dr. Katarina Ralca"},"content":{"rendered":"<div class=\"row \"><div class=\"wpv-grid grid-1-2  wpv-first-level first unextended\" style=\"padding-top:0px;padding-bottom:0px\" id=\"wpv-column-16302bf7a9643983ff5c3917302e3c4a\" ><p><strong>Ambulanta Katarina Ralca, dr.med. spec. dru\u017einske medicine<\/strong><br \/>\nCesta solinarjev 1, LUCIJA , PORTORO\u017d<\/p>\n<span class='icon shortcode  ' style='font-size:16px !important;'>&#57490;<\/span> 05\/ 6207 230<br \/>\n<span class='icon shortcode  ' style='font-size:16px !important;'>&#57533;<\/span> 05\/ 6207 201<\/div>\n<div class=\"wpv-grid grid-1-2  wpv-first-level unextended\" style=\"padding-top:0px;padding-bottom:0px\" id=\"wpv-column-8ad99ceaeaf1ca7cf6b7bc2e14309e1f\" ><table class=\"paleBlueRows\">\n<thead>\n<tr>\n<th style=\"text-align: center; background: #F2C74F; color: black;\">PON<\/th>\n<th style=\"text-align: center; background: #F2C74F; color: black;\">TOR<\/th>\n<th style=\"text-align: center; background: #F2C74F; color: black;\">SRE<\/th>\n<th style=\"text-align: center; background: #F2C74F; color: black;\">\u010cET<\/th>\n<th style=\"text-align: center; background: #F2C74F; color: black;\">PET<\/th>\n<th style=\"text-align: center; background: #F2C74F; color: black;\">SOB<\/th>\n<th style=\"text-align: center; background: #F2C74F; color: black;\">NED<\/th>\n<\/tr>\n<\/thead>\n<tbody>\n<tr>\n<td style=\"text-align: center; background: #EFE0B6; color: black;\">13:00<\/td>\n<td style=\"text-align: center; background: #EFE0B6; color: black;\">07:00<\/td>\n<td style=\"text-align: center; background: #EFE0B6; color: black;\">07:00<\/td>\n<td style=\"text-align: center; background: #EFE0B6; color: black;\">07:00<\/td>\n<td style=\"text-align: center; background: #EFE0B6; color: black;\">07:00<\/td>\n<td style=\"text-align: center; background: #EFE0B6; color: black;\">&#8211;<\/td>\n<td style=\"text-align: center; background: #EFE0B6; color: black;\">&#8211;<\/td>\n<\/tr>\n<tr>\n<td style=\"text-align: center; background: #EFE0B6; color: black;\">20:00<\/td>\n<td style=\"text-align: center; background: #EFE0B6; color: black;\">14:00<\/td>\n<td style=\"text-align: center; background: #EFE0B6; color: black;\">14:00<\/td>\n<td style=\"text-align: center; background: #EFE0B6; color: black;\">14:00<\/td>\n<td style=\"text-align: center; background: #EFE0B6; color: black;\">14:00<\/td>\n<td style=\"text-align: center; background: #EFE0B6; color: black;\">&#8211;<\/td>\n<td style=\"text-align: center; background: #EFE0B6; color: black;\">&#8211;<\/td>\n<\/tr>\n<\/tbody>\n<\/table>\n<p>Odmor za malico \/ Pausa pranzo:<br \/>\nDopoldan \/ Mattina : 10:00 &#8211; 10:30<br \/>\nPopoldan \/ Pomeriggio: 16:30 &#8211; 17:00<\/div><\/div>\n<div class=\"wpv-accordion-wrapper wpv-accordion-1\"><style scoped>.wpv-accordion-1 .tab .inner { background-color: #F2C74F; color: #000000; }<\/style><ul class=\"wpv-accordion\" data-collapsible=\"true\"><li class=\"pane-wrapper\" style=\"\">\n\t\t\t\t\t<h4 class=\"tab\"><span class=\"inner\">Naro\u010danje<\/span><\/h4>\n\t\t\t\t\t<div class=\"pane\"><div class=\"inner\"><div class=\"row \"><div class=\"wpv-grid grid-2-5  first unextended\" style=\"padding-top:0px;padding-bottom:0px\" id=\"wpv-column-452425ee9776c0b44c959cd7a5e47d4d\" ><p>Naro\u010dite se lahko po telefonu ali osebno v ordinacijskem \u010dasu ambulante, pisno po po\u0161ti, ter spletno naro\u010danje preko portala doZdravnika.si<\/div>\n<div class=\"wpv-grid grid-3-5  unextended\" style=\"padding-top:0px;padding-bottom:0px\" id=\"wpv-column-68c6085ba2b60eed1cfef679e5dc8397\" ><p><a href=\"https:\/\/zvem.ezdrav.si\/portal\/gost\" rel=\"attachment wp-att-990871\"><img loading=\"lazy\" decoding=\"async\" class=\"aligncenter wp-image-990871\" title=\"povezava do portala zVem\" src=\"http:\/\/zd-piran.si\/wp-content\/uploads\/2026\/02\/zvem_pasica-1024x243.png\" alt=\"povezava do portala zVem\" width=\"620\" height=\"163\"><\/a><\/div><\/div><\/div><\/div>\n\t\t\t\t\t<\/li><li class=\"pane-wrapper\" style=\"\">\n\t\t\t\t\t<h4 class=\"tab\"><span class=\"inner\">\u010cakalna doba<\/span><\/h4>\n\t\t\t\t\t<div class=\"pane\"><div class=\"inner\"><p>Za nujne primere \u010dakalne dobe ni, za nenujne preglede oz. prvi preged do 7 dni, po predhodnem naro\u010dilu. Odgovorne osebe za vodenje \u010dakalnega seznama: Jasminka Bo\u017ei\u0107, s.m.s., koordinator \u010dakalnih seznamov in \u010dakalnih vrst: Marko Grdina, dipl.zn, Pomo\u010dnik direktorja za podro\u010dje zdr.nege.<\/div><\/div>\n\t\t\t\t\t<\/li><li class=\"pane-wrapper\" style=\"\">\n\t\t\t\t\t<h4 class=\"tab\"><span class=\"inner\">Ostale informacije<\/span><\/h4>\n\t\t\t\t\t<div class=\"pane\"><div class=\"inner\"><p>Ambulanta dosega 2.676,56 glavarinskih koli\u010dnikov, \u00a0zato ne sprejema\/opredeljuje novih pacientov.<\/p>\n<p>V \u010dasu letnih dopustov in odsotnosti jih nadome\u0161\u010da ambulanta Polona Lampi\u010d, dr.med.spec.dru\u017e.med<\/div><\/div>\n\t\t\t\t\t<\/li><\/ul><\/div>\n","protected":false},"excerpt":{"rendered":"<p>Ambulanta Katarina Ralca, dr.med. spec. dru\u017einske medicine Cesta solinarjev 1, LUCIJA , PORTORO\u017d 05\/ 6207 230 05\/ 6207 201 PON TOR SRE \u010cET PET SOB NED 13:00 07:00 07:00 07:00 07:00 &#8211; &#8211; 20:00 14:00 14:00 14:00 14:00 &#8211; &#8211; Odmor za malico \/ Pausa pranzo: Dopoldan \/ Mattina : 10:00 &#8211; 10:30 Popoldan \/&#8230;<\/p>\n","protected":false},"author":1,"featured_media":0,"parent":987987,"menu_order":0,"comment_status":"closed","ping_status":"closed","template":"","meta":{"ngg_post_thumbnail":0,"footnotes":""},"class_list":["post-988109","page","type-page","status-publish"],"_links":{"self":[{"href":"https:\/\/zd-piran.si\/index.php\/wp-json\/wp\/v2\/pages\/988109","targetHints":{"allow":["GET"]}}],"collection":[{"href":"https:\/\/zd-piran.si\/index.php\/wp-json\/wp\/v2\/pages"}],"about":[{"href":"https:\/\/zd-piran.si\/index.php\/wp-json\/wp\/v2\/types\/page"}],"author":[{"embeddable":true,"href":"https:\/\/zd-piran.si\/index.php\/wp-json\/wp\/v2\/users\/1"}],"replies":[{"embeddable":true,"href":"https:\/\/zd-piran.si\/index.php\/wp-json\/wp\/v2\/comments?post=988109"}],"version-history":[{"count":18,"href":"https:\/\/zd-piran.si\/index.php\/wp-json\/wp\/v2\/pages\/988109\/revisions"}],"predecessor-version":[{"id":990873,"href":"https:\/\/zd-piran.si\/index.php\/wp-json\/wp\/v2\/pages\/988109\/revisions\/990873"}],"up":[{"embeddable":true,"href":"https:\/\/zd-piran.si\/index.php\/wp-json\/wp\/v2\/pages\/987987"}],"wp:attachment":[{"href":"https:\/\/zd-piran.si\/index.php\/wp-json\/wp\/v2\/media?parent=988109"}],"curies":[{"name":"wp","href":"https:\/\/api.w.org\/{rel}","templated":true}]}}