{"id":988170,"date":"2021-01-10T18:25:23","date_gmt":"2021-01-10T16:25:23","guid":{"rendered":"http:\/\/zd-piran.si\/index.php\/ambulante-druzinske-medicine\/spolsne_ambulante\/sa05-2\/"},"modified":"2026-02-12T10:13:00","modified_gmt":"2026-02-12T09:13:00","slug":"sa02","status":"publish","type":"page","link":"https:\/\/zd-piran.si\/index.php\/ambulante-druzinske-medicine\/sa02\/","title":{"rendered":"Dr. Bernarda Javornik"},"content":{"rendered":"<div class=\"row \"><div class=\"wpv-grid grid-1-2  wpv-first-level first unextended\" style=\"padding-top:0px;padding-bottom:0px\" id=\"wpv-column-e03c85072f732bc02aceca59a4c657a6\" ><p><strong><span class=\"oddelek_zdravnik\">Bernarda Javornik, dr.med. spec. dru\u017e. med.<\/span><\/strong><br \/>\nCankarjevo nabre\u017eje 9a, PIRAN<\/p>\n<span class='icon shortcode  ' style='font-size:16px !important;'>&#57490;<\/span> 05\/ 6207 284<br \/>\n<span class='icon shortcode  ' style='font-size:16px !important;'>&#57533;<\/span> 05\/ 6207 201<\/div>\n<div class=\"wpv-grid grid-1-2  wpv-first-level unextended\" style=\"padding-top:0px;padding-bottom:0px\" id=\"wpv-column-97c77386167a9d4b8967b91e53bd8d13\" ><table class=\"paleBlueRows\">\n<thead>\n<tr>\n<th style=\"text-align: center; background: #F2C74F; color: black;\">PON<\/th>\n<th style=\"text-align: center; background: #F2C74F; color: black;\">TOR<\/th>\n<th style=\"text-align: center; background: #F2C74F; color: black;\">SRE<\/th>\n<th style=\"text-align: center; background: #F2C74F; color: black;\">\u010cET<\/th>\n<th style=\"text-align: center; background: #F2C74F; color: black;\">PET<\/th>\n<th style=\"text-align: center; background: #F2C74F; color: black;\">SOB<\/th>\n<th style=\"text-align: center; background: #F2C74F; color: black;\">NED<\/th>\n<\/tr>\n<\/thead>\n<tbody>\n<tr>\n<td style=\"text-align: center; background: #EFE0B6; color: black;\">07:00<\/td>\n<td style=\"text-align: center; background: #EFE0B6; color: black;\">13:00<\/td>\n<td style=\"text-align: center; background: #EFE0B6; color: black;\">07:00<\/td>\n<td style=\"text-align: center; background: #EFE0B6; color: black;\">07:00<\/td>\n<td style=\"text-align: center; background: #EFE0B6; color: black;\">07:00<\/td>\n<td style=\"text-align: center; background: #EFE0B6; color: black;\">&#8211;<\/td>\n<td style=\"text-align: center; background: #EFE0B6; color: black;\">&#8211;<\/td>\n<\/tr>\n<tr>\n<td style=\"text-align: center; background: #EFE0B6; color: black;\">14:00<\/td>\n<td style=\"text-align: center; background: #EFE0B6; color: black;\">20:00<\/td>\n<td style=\"text-align: center; background: #EFE0B6; color: black;\">14:00<\/td>\n<td style=\"text-align: center; background: #EFE0B6; color: black;\">14:00<\/td>\n<td style=\"text-align: center; background: #EFE0B6; color: black;\">14:00<\/td>\n<td style=\"text-align: center; background: #EFE0B6; color: black;\">&#8211;<\/td>\n<td style=\"text-align: center; background: #EFE0B6; color: black;\">&#8211;<\/td>\n<\/tr>\n<\/tbody>\n<\/table>\n<p>Odmor za malico \/ Pausa pranzo:<br \/>\nDopoldan \/ Mattina : 10:00 &#8211; 10:30<br \/>\nPopoldan \/ Pomeriggio: 16:30 &#8211; 17:00<\/div><\/div>\n<div class=\"wpv-accordion-wrapper wpv-accordion-1\"><style scoped>.wpv-accordion-1 .tab .inner { background-color: #F2C74F; color: #000000; }<\/style><ul class=\"wpv-accordion\" data-collapsible=\"true\"><li class=\"pane-wrapper\" style=\"\">\n\t\t\t\t\t<h4 class=\"tab\"><span class=\"inner\">Naro\u010danje<\/span><\/h4>\n\t\t\t\t\t<div class=\"pane\"><div class=\"inner\"><div class=\"row \"><div class=\"wpv-grid grid-2-5  first unextended\" style=\"padding-top:0px;padding-bottom:0px\" id=\"wpv-column-b4a882c3638eecba5cb1f8ad85120309\" ><p>Naro\u010dite se lahko po telefonu ali osebno v ordinacijskem \u010dasu ambulante, pisno po po\u0161ti, ter spletno naro\u010danje preko portala doZdravnika.si<\/div>\n<div class=\"wpv-grid grid-3-5  unextended\" style=\"padding-top:0px;padding-bottom:0px\" id=\"wpv-column-df7bcbf328772817d4248b42c8ac2fde\" ><p><a href=\"https:\/\/zvem.ezdrav.si\/portal\/gost\" rel=\"attachment wp-att-990871\"><img loading=\"lazy\" decoding=\"async\" class=\"aligncenter wp-image-990871\" title=\"povezava do portala zVem\" src=\"http:\/\/zd-piran.si\/wp-content\/uploads\/2026\/02\/zvem_pasica-1024x243.png\" alt=\"povezava do portala zVem\" width=\"620\" height=\"163\"><\/a><\/div><\/div><\/div><\/div>\n\t\t\t\t\t<\/li><li class=\"pane-wrapper\" style=\"\">\n\t\t\t\t\t<h4 class=\"tab\"><span class=\"inner\">\u010cakalna doba<\/span><\/h4>\n\t\t\t\t\t<div class=\"pane\"><div class=\"inner\"><p>Za nujne primere \u010dakalne dobe ni, za nenujne preglede oz. prvi pregled do 7 dni, po predhodnem naro\u010dilu. Odgovorne osebe za vodenje \u010dakalnega seznama: Merima Husanovi\u0107, zdr.teh., koordinator \u010dakalnih seznamov in \u010dakalnih vrst: Marko Grdina,dipl.zn, Pomo\u010dnik direktorja za podro\u010dje zdr.nege.<\/div><\/div>\n\t\t\t\t\t<\/li><li class=\"pane-wrapper\" style=\"\">\n\t\t\t\t\t<h4 class=\"tab\"><span class=\"inner\">Ostale informacije<\/span><\/h4>\n\t\t\t\t\t<div class=\"pane\"><div class=\"inner\"><p>Ambulanta dosega 2.069,12 glavarinskih koli\u010dnikov, &nbsp;zato ne sprejema\/opredeljuje novih pacientov.<\/p>\n<p>V \u010dasu letnih dopustov in odsotnosti jih nadome\u0161\u010da ambulanta Kristine Babi\u0107, dr.med.spec.dru\u017e.med<\/div><\/div>\n\t\t\t\t\t<\/li><\/ul><\/div>\n","protected":false},"excerpt":{"rendered":"<p>Bernarda Javornik, dr.med. spec. dru\u017e. med. Cankarjevo nabre\u017eje 9a, PIRAN 05\/ 6207 284 05\/ 6207 201 PON TOR SRE \u010cET PET SOB NED 07:00 13:00 07:00 07:00 07:00 &#8211; &#8211; 14:00 20:00 14:00 14:00 14:00 &#8211; &#8211; Odmor za malico \/ Pausa pranzo: Dopoldan \/ Mattina : 10:00 &#8211; 10:30 Popoldan \/ Pomeriggio: 16:30 &#8211;&#8230;<\/p>\n","protected":false},"author":1,"featured_media":0,"parent":987949,"menu_order":0,"comment_status":"closed","ping_status":"closed","template":"","meta":{"ngg_post_thumbnail":0,"footnotes":""},"class_list":["post-988170","page","type-page","status-publish"],"_links":{"self":[{"href":"https:\/\/zd-piran.si\/index.php\/wp-json\/wp\/v2\/pages\/988170","targetHints":{"allow":["GET"]}}],"collection":[{"href":"https:\/\/zd-piran.si\/index.php\/wp-json\/wp\/v2\/pages"}],"about":[{"href":"https:\/\/zd-piran.si\/index.php\/wp-json\/wp\/v2\/types\/page"}],"author":[{"embeddable":true,"href":"https:\/\/zd-piran.si\/index.php\/wp-json\/wp\/v2\/users\/1"}],"replies":[{"embeddable":true,"href":"https:\/\/zd-piran.si\/index.php\/wp-json\/wp\/v2\/comments?post=988170"}],"version-history":[{"count":16,"href":"https:\/\/zd-piran.si\/index.php\/wp-json\/wp\/v2\/pages\/988170\/revisions"}],"predecessor-version":[{"id":990878,"href":"https:\/\/zd-piran.si\/index.php\/wp-json\/wp\/v2\/pages\/988170\/revisions\/990878"}],"up":[{"embeddable":true,"href":"https:\/\/zd-piran.si\/index.php\/wp-json\/wp\/v2\/pages\/987949"}],"wp:attachment":[{"href":"https:\/\/zd-piran.si\/index.php\/wp-json\/wp\/v2\/media?parent=988170"}],"curies":[{"name":"wp","href":"https:\/\/api.w.org\/{rel}","templated":true}]}}