{"id":988239,"date":"2021-01-10T18:25:23","date_gmt":"2021-01-10T16:25:23","guid":{"rendered":"http:\/\/zd-piran.si\/index.php\/specambulante\/orlcksg-2\/"},"modified":"2025-01-29T08:35:58","modified_gmt":"2025-01-29T07:35:58","slug":"internisticna","status":"publish","type":"page","link":"https:\/\/zd-piran.si\/index.php\/specambulante\/internisticna\/","title":{"rendered":"Internisti\u010dna ambulanta"},"content":{"rendered":"<div class=\"row \"><div class=\"wpv-grid grid-1-2  wpv-first-level first unextended\" style=\"padding-top:0px;padding-bottom:0px\" id=\"wpv-column-7cc434aeaa898f06ae8c3086390a054c\" ><p><strong><span class=\"oddelek_zdravnik\">Snezhana Jankovska, dr.med., spec. internist<\/span><\/strong><br \/>\nCesta solinarjev 1, 6320 Portoro\u017e<\/p>\n<span class='icon shortcode  ' style='font-size:16px !important;'>&#57490;<\/span> 05\/ 6207 247<br \/>\n<span class='icon shortcode  ' style='font-size:16px !important;'>&#57533;<\/span> 05\/ 6207 201<br \/>\n<span class='icon shortcode theme ' style='font-size:16px !important;'>&#57353;<\/span> int@zd-piran.si<\/div>\n<div class=\"wpv-grid grid-1-2  wpv-first-level unextended\" style=\"padding-top:0px;padding-bottom:0px\" id=\"wpv-column-2ba24acb342422e23423bc44284e65f2\" ><table class=\"paleBlueRows\">\n<thead>\n<tr>\n<th style=\"text-align: center; background: #596dff; color: white;\">PON<\/th>\n<th style=\"text-align: center; background: #596dff; color: white;\">TOR<\/th>\n<th style=\"text-align: center; background: #596dff; color: white;\">SRE<\/th>\n<th style=\"text-align: center; background: #596dff; color: white;\">\u010cET<\/th>\n<th style=\"text-align: center; background: #596dff; color: white;\">PET<\/th>\n<th style=\"text-align: center; background: #596dff; color: white;\">SOB<\/th>\n<th style=\"text-align: center; background: #596dff; color: white;\">NED<\/th>\n<\/tr>\n<\/thead>\n<tbody>\n<tr>\n<td style=\"text-align: center; background: #b9c5f0; color: black;\">14:00<\/td>\n<td style=\"text-align: center; background: #b9c5f0; color: black;\">14:00<\/td>\n<td style=\"text-align: center; background: #b9c5f0; color: black;\">&#8211;<\/td>\n<td style=\"text-align: center; background: #b9c5f0; color: black;\">&#8211;<\/td>\n<td style=\"text-align: center; background: #b9c5f0; color: black;\">07:00<\/td>\n<td style=\"text-align: center; background: #b9c5f0; color: black;\">&#8211;<\/td>\n<td style=\"text-align: center; background: #b9c5f0; color: black;\">&#8211;<\/td>\n<\/tr>\n<tr>\n<td style=\"text-align: center; background: #b9c5f0; color: black;\">20:00<\/td>\n<td style=\"text-align: center; background: #b9c5f0; color: black;\">20:00<\/td>\n<td style=\"text-align: center; background: #b9c5f0; color: black;\">&#8211;<\/td>\n<td style=\"text-align: center; background: #b9c5f0; color: black;\">&#8211;<\/td>\n<td style=\"text-align: center; background: #b9c5f0; color: black;\">14:00<\/td>\n<td style=\"text-align: center; background: #b9c5f0; color: black;\">&#8211;<\/td>\n<td style=\"text-align: center; background: #b9c5f0; color: black;\">&#8211;<\/td>\n<\/tr>\n<\/tbody>\n<\/table>\n<p>&nbsp;<\/div><\/div>\n<div class=\"row \"><div class=\"wpv-grid grid-1-1  wpv-first-level first unextended animation-fade-in animated-active\" style=\"padding-top:0px;padding-bottom:0px\" id=\"wpv-column-8ae71f790d77374e7529068e564b27fe\" ><div class=\"wpv-accordion-wrapper wpv-accordion-1\"><style scoped>.wpv-accordion-1 .tab .inner { background-color: #b9c5f0; color: #000000; }<\/style><ul class=\"wpv-accordion\" data-collapsible=\"true\"><li class=\"pane-wrapper\" style=\"\">\n\t\t\t\t\t<h4 class=\"tab\"><span class=\"inner\">Naro\u010danje<\/span><\/h4>\n\t\t\t\t\t<div class=\"pane\"><div class=\"inner\"><p>Vrsta zdravstvene storitve katere opravljamo: Internisti\u010dni pregled &#8211; prvi &#8211; 1017P\u00a0\u00a0\u00a0\u00a0\u00a0\u00a0\u00a0\u00a0\u00a0\u00a0\u00a0\u00a0\u00a0\u00a0\u00a0\u00a0\u00a0\u00a0\u00a0\u00a0\u00a0\u00a0\u00a0\u00a0\u00a0\u00a0\u00a0\u00a0\u00a0\u00a0\u00a0\u00a0\u00a0\u00a0\u00a0\u00a0\u00a0\u00a0\u00a0\u00a0\u00a0\u00a0\u00a0\u00a0\u00a0\u00a0\u00a0\u00a0\u00a0\u00a0\u00a0\u00a0\u00a0\u00a0\u00a0\u00a0\u00a0\u00a0\u00a0\u00a0\u00a0\u00a0\u00a0\u00a0\u00a0\u00a0\u00a0\u00a0\u00a0\u00a0\u00a0\u00a0\u00a0\u00a0\u00a0\u00a0\u00a0\u00a0\u00a0<\/p>\n<p>\u00a0 \u00a0 \u00a0 \u00a0 \u00a0 \u00a0 \u00a0 \u00a0 \u00a0 \u00a0 \u00a0 \u00a0 \u00a0 \u00a0 \u00a0 \u00a0 \u00a0 \u00a0 \u00a0 \u00a0 \u00a0 \u00a0 \u00a0 \u00a0 \u00a0 \u00a0 \u00a0 \u00a0 \u00a0 \u00a0 \u00a0 \u00a0 \u00a0 \u00a0 \u00a0 \u00a0 \u00a0 \u00a0 \u00a0 \u00a0 \u00a0 \u00a0 Internisti\u010dni pregled &#8211; kontrolni \u2013 1017K<\/p>\n<p>Naro\u010danje na prvi pregled: preko potrala <a href=\"https:\/\/narocanje.ezdrav.si\/\">https:\/\/narocanje.ezdrav.si\/<\/a>, osebno in po telefonu v ordinacijskem \u010dasu ambulante, preko maila ali pisno.<\/div><\/div>\n\t\t\t\t\t<\/li><li class=\"pane-wrapper\" style=\"\">\n\t\t\t\t\t<h4 class=\"tab\"><span class=\"inner\">\u010cakalna doba<\/span><\/h4>\n\t\t\t\t\t<div class=\"pane\"><div class=\"inner\"><p>Aktualne \u010dakalne doba za pregled v ambulanti so dostopne na naslednji povezavi: <a href=\"https:\/\/cakalnedobe.ezdrav.si\/zdravstvena-ustanova\/ZDRAVSTVENIDOMPIRANPOLIAMBULATORIOPIRANO_03521#redno\">https:\/\/cakalnedobe.ezdrav.si\/zdravstvena-ustanova\/ZDRAVSTVENIDOMPIRANPOLIAMBULATORIOPIRANO_03521#redno<\/a><\/p>\n<p>Odgovorne osebe za vodenje \u010dakalnega seznama: Jana Primo\u017ei\u010d, dipl.m.s., koordinator \u010dakalnih seznamov in \u010dakalnih vrst: Marko Grdina,dipl.zn, Pomo\u010dnik direktorja za podro\u010dje zdr.nege.<\/div><\/div>\n\t\t\t\t\t<\/li><li class=\"pane-wrapper\" style=\"\">\n\t\t\t\t\t<h4 class=\"tab\"><span class=\"inner\">Ostale informacije<\/span><\/h4>\n\t\t\t\t\t<div class=\"pane\"><div class=\"inner\"><\/div><\/div>\n\t\t\t\t\t<\/li><\/ul><\/div><\/div><\/div>\n","protected":false},"excerpt":{"rendered":"<p>Snezhana Jankovska, dr.med., spec. internist Cesta solinarjev 1, 6320 Portoro\u017e 05\/ 6207 247 05\/ 6207 201 int@zd-piran.si PON TOR SRE \u010cET PET SOB NED 14:00 14:00 &#8211; &#8211; 07:00 &#8211; &#8211; 20:00 20:00 &#8211; &#8211; 14:00 &#8211; &#8211; &nbsp;<\/p>\n","protected":false},"author":1,"featured_media":0,"parent":988188,"menu_order":0,"comment_status":"closed","ping_status":"closed","template":"","meta":{"ngg_post_thumbnail":0,"footnotes":""},"class_list":["post-988239","page","type-page","status-publish"],"_links":{"self":[{"href":"https:\/\/zd-piran.si\/index.php\/wp-json\/wp\/v2\/pages\/988239","targetHints":{"allow":["GET"]}}],"collection":[{"href":"https:\/\/zd-piran.si\/index.php\/wp-json\/wp\/v2\/pages"}],"about":[{"href":"https:\/\/zd-piran.si\/index.php\/wp-json\/wp\/v2\/types\/page"}],"author":[{"embeddable":true,"href":"https:\/\/zd-piran.si\/index.php\/wp-json\/wp\/v2\/users\/1"}],"replies":[{"embeddable":true,"href":"https:\/\/zd-piran.si\/index.php\/wp-json\/wp\/v2\/comments?post=988239"}],"version-history":[{"count":9,"href":"https:\/\/zd-piran.si\/index.php\/wp-json\/wp\/v2\/pages\/988239\/revisions"}],"predecessor-version":[{"id":990423,"href":"https:\/\/zd-piran.si\/index.php\/wp-json\/wp\/v2\/pages\/988239\/revisions\/990423"}],"up":[{"embeddable":true,"href":"https:\/\/zd-piran.si\/index.php\/wp-json\/wp\/v2\/pages\/988188"}],"wp:attachment":[{"href":"https:\/\/zd-piran.si\/index.php\/wp-json\/wp\/v2\/media?parent=988239"}],"curies":[{"name":"wp","href":"https:\/\/api.w.org\/{rel}","templated":true}]}}