{"id":988242,"date":"2021-01-10T18:25:23","date_gmt":"2021-01-10T16:25:23","guid":{"rendered":"http:\/\/zd-piran.si\/index.php\/specambulante\/internisticna-2\/"},"modified":"2024-07-25T11:24:30","modified_gmt":"2024-07-25T09:24:30","slug":"diabeticna","status":"publish","type":"page","link":"https:\/\/zd-piran.si\/index.php\/specambulante\/diabeticna\/","title":{"rendered":"Dispanzer za diabetike"},"content":{"rendered":"<div class=\"row \"><div class=\"wpv-grid grid-1-2  wpv-first-level first unextended\" style=\"padding-top:0px;padding-bottom:0px\" id=\"wpv-column-13ac4c7a8e75ca6b82be1dfe1774dfd4\" ><p><strong><span class=\"oddelek_zdravnik\">Snezhana Jankovska, dr.med., spec. internist<\/span><\/strong><br \/>\nCesta solinarjev 1, 6320 Portoro\u017e<\/p>\n<span class='icon shortcode  ' style='font-size:16px !important;'>&#57490;<\/span> 05\/ 6207 252<br \/>\n<span class='icon shortcode  ' style='font-size:16px !important;'>&#57533;<\/span> 05\/ 6207 201<br \/>\n<span class='icon shortcode theme ' style='font-size:16px !important;'>&#57353;<\/span> dia@zd-piran.si<\/div>\n<div class=\"wpv-grid grid-1-2  wpv-first-level unextended\" style=\"padding-top:0px;padding-bottom:0px\" id=\"wpv-column-9a37465a919adcae2588e7e21f06aa79\" ><table class=\"paleBlueRows\">\n<thead>\n<tr>\n<th style=\"text-align: center; background: #596dff; color: white;\">PON<\/th>\n<th style=\"text-align: center; background: #596dff; color: white;\">TOR<\/th>\n<th style=\"text-align: center; background: #596dff; color: white;\">SRE<\/th>\n<th style=\"text-align: center; background: #596dff; color: white;\">\u010cET<\/th>\n<th style=\"text-align: center; background: #596dff; color: white;\">PET<\/th>\n<th style=\"text-align: center; background: #596dff; color: white;\">SOB<\/th>\n<th style=\"text-align: center; background: #596dff; color: white;\">NED<\/th>\n<\/tr>\n<\/thead>\n<tbody>\n<tr>\n<td style=\"text-align: center; background: #b9c5f0; color: black;\">&#8211;<\/td>\n<td style=\"text-align: center; background: #b9c5f0; color: black;\">07:00<\/td>\n<td style=\"text-align: center; background: #b9c5f0; color: black;\">&#8211;<\/td>\n<td style=\"text-align: center; background: #b9c5f0; color: black;\">07:00<\/td>\n<td style=\"text-align: center; background: #b9c5f0; color: black;\">&#8211;<\/td>\n<td style=\"text-align: center; background: #b9c5f0; color: black;\">&#8211;<\/td>\n<td style=\"text-align: center; background: #b9c5f0; color: black;\">&#8211;<\/td>\n<\/tr>\n<tr>\n<td style=\"text-align: center; background: #b9c5f0; color: black;\">&#8211;<\/td>\n<td style=\"text-align: center; background: #b9c5f0; color: black;\">14:00<\/td>\n<td style=\"text-align: center; background: #b9c5f0; color: black;\">&#8211;<\/td>\n<td style=\"text-align: center; background: #b9c5f0; color: black;\">14:00<\/td>\n<td style=\"text-align: center; background: #b9c5f0; color: black;\">&#8211;<\/td>\n<td style=\"text-align: center; background: #b9c5f0; color: black;\">&#8211;<\/td>\n<td style=\"text-align: center; background: #b9c5f0; color: black;\">&#8211;<\/td>\n<\/tr>\n<\/tbody>\n<\/table><\/div><\/div>\n<div class=\"row \"><div class=\"wpv-grid grid-1-1  wpv-first-level first unextended animation-fade-in animated-active\" style=\"padding-top:0px;padding-bottom:0px\" id=\"wpv-column-77076aaa28d92c69488ff403e452c9ac\" ><div class=\"wpv-accordion-wrapper wpv-accordion-1\"><style scoped>.wpv-accordion-1 .tab .inner { background-color: #b9c5f0; color: #000000; }<\/style><ul class=\"wpv-accordion\" data-collapsible=\"true\"><li class=\"pane-wrapper\" style=\"\">\n\t\t\t\t\t<h4 class=\"tab\"><span class=\"inner\">Naro\u010danje<\/span><\/h4>\n\t\t\t\t\t<div class=\"pane\"><div class=\"inner\"><p>Vrsta zdravstvene storitve katere opravljamo: Diabetolo\u0161ki pregled &#8211; prvi &#8211; 1053P<\/p>\n<p>&nbsp; &nbsp; &nbsp; &nbsp; &nbsp; &nbsp; &nbsp; &nbsp; &nbsp; &nbsp; &nbsp; &nbsp; &nbsp; &nbsp; &nbsp; &nbsp; &nbsp; &nbsp; &nbsp; &nbsp; &nbsp; &nbsp; &nbsp; &nbsp; &nbsp; &nbsp; &nbsp; &nbsp; &nbsp; &nbsp; &nbsp; &nbsp; &nbsp; &nbsp; &nbsp; &nbsp; &nbsp; &nbsp; &nbsp; &nbsp; &nbsp; &nbsp; Diabetolo\u0161ki pregled &#8211; kontrolni \u2013 1053K<\/p>\n<p>&nbsp;<\/p>\n<p>Naro\u010danje na prvi pregled: preko potrala <a href=\"https:\/\/narocanje.ezdrav.si\/\">https:\/\/narocanje.ezdrav.si\/<\/a>, osebno in po telefonu v ordinacijskem \u010dasu ambulante, preko maila ali pisno.<br \/><\/div><\/div>\n\t\t\t\t\t<\/li><li class=\"pane-wrapper\" style=\"\">\n\t\t\t\t\t<h4 class=\"tab\"><span class=\"inner\">\u010cakalna doba<\/span><\/h4>\n\t\t\t\t\t<div class=\"pane\"><div class=\"inner\"><p>Aktualne \u010dakalne doba za pregled v ambulanti so dostopne na naslednji povezavi: <a href=\"https:\/\/cakalnedobe.ezdrav.si\/zdravstvena-ustanova\/ZDRAVSTVENIDOMPIRANPOLIAMBULATORIOPIRANO_03521#redno\">https:\/\/cakalnedobe.ezdrav.si\/zdravstvena-ustanova\/ZDRAVSTVENIDOMPIRANPOLIAMBULATORIOPIRANO_03521#redno<\/a><\/p>\n<p>Odgovorne osebe za vodenje \u010dakalnega seznama: Roberta Skaza, zdr.teh in Marko Grdina, dipl.zn., koordinator \u010dakalnih seznamov in \u010dakalnih vrst: Marko Grdina,dipl.zn, Pomo\u010dnik direktorja za podro\u010dje zdr.nege.<\/div><\/div>\n\t\t\t\t\t<\/li><li class=\"pane-wrapper\" style=\"\">\n\t\t\t\t\t<h4 class=\"tab\"><span class=\"inner\">Ostale informacije<\/span><\/h4>\n\t\t\t\t\t<div class=\"pane\"><div class=\"inner\"><\/div><\/div>\n\t\t\t\t\t<\/li><\/ul><\/div><\/div><\/div>\n","protected":false},"excerpt":{"rendered":"<p>Snezhana Jankovska, dr.med., spec. internist Cesta solinarjev 1, 6320 Portoro\u017e 05\/ 6207 252 05\/ 6207 201 dia@zd-piran.si PON TOR SRE \u010cET PET SOB NED &#8211; 07:00 &#8211; 07:00 &#8211; &#8211; &#8211; &#8211; 14:00 &#8211; 14:00 &#8211; &#8211; &#8211;<\/p>\n","protected":false},"author":1,"featured_media":0,"parent":988188,"menu_order":0,"comment_status":"closed","ping_status":"closed","template":"","meta":{"ngg_post_thumbnail":0,"footnotes":""},"class_list":["post-988242","page","type-page","status-publish"],"_links":{"self":[{"href":"https:\/\/zd-piran.si\/index.php\/wp-json\/wp\/v2\/pages\/988242","targetHints":{"allow":["GET"]}}],"collection":[{"href":"https:\/\/zd-piran.si\/index.php\/wp-json\/wp\/v2\/pages"}],"about":[{"href":"https:\/\/zd-piran.si\/index.php\/wp-json\/wp\/v2\/types\/page"}],"author":[{"embeddable":true,"href":"https:\/\/zd-piran.si\/index.php\/wp-json\/wp\/v2\/users\/1"}],"replies":[{"embeddable":true,"href":"https:\/\/zd-piran.si\/index.php\/wp-json\/wp\/v2\/comments?post=988242"}],"version-history":[{"count":4,"href":"https:\/\/zd-piran.si\/index.php\/wp-json\/wp\/v2\/pages\/988242\/revisions"}],"predecessor-version":[{"id":990141,"href":"https:\/\/zd-piran.si\/index.php\/wp-json\/wp\/v2\/pages\/988242\/revisions\/990141"}],"up":[{"embeddable":true,"href":"https:\/\/zd-piran.si\/index.php\/wp-json\/wp\/v2\/pages\/988188"}],"wp:attachment":[{"href":"https:\/\/zd-piran.si\/index.php\/wp-json\/wp\/v2\/media?parent=988242"}],"curies":[{"name":"wp","href":"https:\/\/api.w.org\/{rel}","templated":true}]}}