{"id":988245,"date":"2021-01-10T18:25:23","date_gmt":"2021-01-10T16:25:23","guid":{"rendered":"http:\/\/zd-piran.si\/index.php\/specambulante\/diabeticna-2\/"},"modified":"2025-05-28T10:15:58","modified_gmt":"2025-05-28T09:15:58","slug":"psihiatrija","status":"publish","type":"page","link":"https:\/\/zd-piran.si\/index.php\/specambulante\/psihiatrija\/","title":{"rendered":"Psihiatri\u010dni dispanzer"},"content":{"rendered":"<div class=\"row \"><div class=\"wpv-grid grid-1-2  wpv-first-level first unextended\" style=\"padding-top:0px;padding-bottom:0px\" id=\"wpv-column-b836593b46ac2098d51e1e9e23f31892\" ><p><strong><span class=\"oddelek_zdravnik\">Apath Tea, dr.med., spec.psih.<\/span><\/strong><br \/>\nCesta solinarjev 1, 6320 Portoro\u017e<\/p>\n<span class='icon shortcode  ' style='font-size:16px !important;'>&#57490;<\/span> 05\/ 6207 225<br \/>\n<span class='icon shortcode  ' style='font-size:16px !important;'>&#57533;<\/span> 05\/ 6207 201<br \/>\n<span class='icon shortcode theme ' style='font-size:16px !important;'>&#57353;<\/span> psihiatrija@zd-piran.si<\/div>\n<div class=\"wpv-grid grid-1-2  wpv-first-level unextended\" style=\"padding-top:0px;padding-bottom:0px\" id=\"wpv-column-49508c49efc5b9a5cabd0e48bfca2cae\" ><table class=\"paleBlueRows\">\n<thead>\n<tr>\n<th style=\"text-align: center; background: #596dff; color: white;\">PON<\/th>\n<th style=\"text-align: center; background: #596dff; color: white;\">TOR<\/th>\n<th style=\"text-align: center; background: #596dff; color: white;\">SRE<\/th>\n<th style=\"text-align: center; background: #596dff; color: white;\">\u010cET<\/th>\n<th style=\"text-align: center; background: #596dff; color: white;\">PET<\/th>\n<th style=\"text-align: center; background: #596dff; color: white;\">SOB<\/th>\n<th style=\"text-align: center; background: #596dff; color: white;\">NED<\/th>\n<\/tr>\n<\/thead>\n<tbody>\n<tr>\n<td style=\"text-align: center; background: #b9c5f0; color: black;\">10:15<\/td>\n<td style=\"text-align: center; background: #b9c5f0; color: black;\">&#8211;<\/td>\n<td style=\"text-align: center; background: #b9c5f0; color: black;\">13:00<\/td>\n<td style=\"text-align: center; background: #b9c5f0; color: black;\">07:00<\/td>\n<td style=\"text-align: center; background: #b9c5f0; color: black;\">07:00<\/td>\n<td style=\"text-align: center; background: #b9c5f0; color: black;\">&#8211;<\/td>\n<td style=\"text-align: center; background: #b9c5f0; color: black;\">&#8211;<\/td>\n<\/tr>\n<tr>\n<td style=\"text-align: center; background: #b9c5f0; color: black;\">17:15<\/td>\n<td style=\"text-align: center; background: #b9c5f0; color: black;\">&#8211;<\/td>\n<td style=\"text-align: center; background: #b9c5f0; color: black;\">20:00<\/td>\n<td style=\"text-align: center; background: #b9c5f0; color: black;\">14:00<\/td>\n<td style=\"text-align: center; background: #b9c5f0; color: black;\">14:00<\/td>\n<td style=\"text-align: center; background: #b9c5f0; color: black;\">&#8211;<\/td>\n<td style=\"text-align: center; background: #b9c5f0; color: black;\">&#8211;<\/td>\n<\/tr>\n<\/tbody>\n<\/table><\/div><\/div>\n<div class=\"row \"><div class=\"wpv-grid grid-1-1  wpv-first-level first unextended animation-fade-in animated-active\" style=\"padding-top:0px;padding-bottom:0px\" id=\"wpv-column-e28eac7e38a2aaf2b69c177906db09dc\" ><div class=\"wpv-accordion-wrapper wpv-accordion-1\"><style scoped>.wpv-accordion-1 .tab .inner { background-color: #b9c5f0; color: #000000; }<\/style><ul class=\"wpv-accordion\" data-collapsible=\"true\"><li class=\"pane-wrapper\" style=\"\">\n\t\t\t\t\t<h4 class=\"tab\"><span class=\"inner\">Naro\u010danje<\/span><\/h4>\n\t\t\t\t\t<div class=\"pane\"><div class=\"inner\"><p>Vrsta zdravstvene storitve katere opravljamo: Psihiatri\u010dna obravnava &#8211; prva &#8211; 1040P<\/p>\n<p>&nbsp; &nbsp; &nbsp; &nbsp; &nbsp; &nbsp; &nbsp; &nbsp; &nbsp; &nbsp; &nbsp; &nbsp; &nbsp; &nbsp; &nbsp; &nbsp; &nbsp; &nbsp; &nbsp; &nbsp; &nbsp; &nbsp; &nbsp; &nbsp; &nbsp; &nbsp; &nbsp; &nbsp; &nbsp; &nbsp; &nbsp; &nbsp; &nbsp; &nbsp; &nbsp; &nbsp; &nbsp; &nbsp; &nbsp; &nbsp; &nbsp; &nbsp; Psihiatri\u010dna obravnava &#8211; kontrolna \u2013 1040K<\/p>\n<p>Naro\u010danje na prvi pregled: preko potrala <a href=\"https:\/\/narocanje.ezdrav.si\/\">https:\/\/narocanje.ezdrav.si\/<\/a>, V ordinacijskem \u010dasu ambulante osebno ali po telefonu, preko elektronske po\u0161te, pisno po po\u0161ti ali preko portala eNapotnice &#8211; Izvaja se tria\u017ea vseh prejetih napotnic.<\/div><\/div>\n\t\t\t\t\t<\/li><li class=\"pane-wrapper\" style=\"\">\n\t\t\t\t\t<h4 class=\"tab\"><span class=\"inner\">\u010cakalna doba<\/span><\/h4>\n\t\t\t\t\t<div class=\"pane\"><div class=\"inner\"><p>Aktualne \u010dakalne doba za pregled v ambulanti so dostopne na naslednji povezavi: <a href=\"https:\/\/cakalnedobe.ezdrav.si\/zdravstvena-ustanova\/ZDRAVSTVENIDOMPIRANPOLIAMBULATORIOPIRANO_03521#redno\">https:\/\/cakalnedobe.ezdrav.si\/zdravstvena-ustanova\/ZDRAVSTVENIDOMPIRANPOLIAMBULATORIOPIRANO_03521#redno<\/a><\/p>\n<p>Odgovorne osebe za vodenje \u010dakalnega seznama, osebje ambulante Ornela Jagurd\u017eija, s.m.s., koordinator \u010dakalnih seznamov in \u010dakalnih vrst: Marko Grdina,dipl.zn, Pomo\u010dnik direktorja za podro\u010dje zdr.nege.<\/div><\/div>\n\t\t\t\t\t<\/li><li class=\"pane-wrapper\" style=\"\">\n\t\t\t\t\t<h4 class=\"tab\"><span class=\"inner\">Ostale informacije<\/span><\/h4>\n\t\t\t\t\t<div class=\"pane\"><div class=\"inner\"><p>Ob ponedeljkih je ambulantna urgentna za obalno regijo<\/div><\/div>\n\t\t\t\t\t<\/li><\/ul><\/div><\/div><\/div>\n","protected":false},"excerpt":{"rendered":"<p>Apath Tea, dr.med., spec.psih. Cesta solinarjev 1, 6320 Portoro\u017e 05\/ 6207 225 05\/ 6207 201 psihiatrija@zd-piran.si PON TOR SRE \u010cET PET SOB NED 10:15 &#8211; 13:00 07:00 07:00 &#8211; &#8211; 17:15 &#8211; 20:00 14:00 14:00 &#8211; &#8211;<\/p>\n","protected":false},"author":1,"featured_media":0,"parent":988188,"menu_order":0,"comment_status":"closed","ping_status":"closed","template":"","meta":{"ngg_post_thumbnail":0,"footnotes":""},"class_list":["post-988245","page","type-page","status-publish"],"_links":{"self":[{"href":"https:\/\/zd-piran.si\/index.php\/wp-json\/wp\/v2\/pages\/988245","targetHints":{"allow":["GET"]}}],"collection":[{"href":"https:\/\/zd-piran.si\/index.php\/wp-json\/wp\/v2\/pages"}],"about":[{"href":"https:\/\/zd-piran.si\/index.php\/wp-json\/wp\/v2\/types\/page"}],"author":[{"embeddable":true,"href":"https:\/\/zd-piran.si\/index.php\/wp-json\/wp\/v2\/users\/1"}],"replies":[{"embeddable":true,"href":"https:\/\/zd-piran.si\/index.php\/wp-json\/wp\/v2\/comments?post=988245"}],"version-history":[{"count":7,"href":"https:\/\/zd-piran.si\/index.php\/wp-json\/wp\/v2\/pages\/988245\/revisions"}],"predecessor-version":[{"id":990534,"href":"https:\/\/zd-piran.si\/index.php\/wp-json\/wp\/v2\/pages\/988245\/revisions\/990534"}],"up":[{"embeddable":true,"href":"https:\/\/zd-piran.si\/index.php\/wp-json\/wp\/v2\/pages\/988188"}],"wp:attachment":[{"href":"https:\/\/zd-piran.si\/index.php\/wp-json\/wp\/v2\/media?parent=988245"}],"curies":[{"name":"wp","href":"https:\/\/api.w.org\/{rel}","templated":true}]}}