{"id":988249,"date":"2021-01-10T18:25:23","date_gmt":"2021-01-10T16:25:23","guid":{"rendered":"http:\/\/zd-piran.si\/index.php\/specambulante\/psihiatrija-2\/"},"modified":"2024-12-20T13:19:41","modified_gmt":"2024-12-20T12:19:41","slug":"pedopsihiatrija","status":"publish","type":"page","link":"https:\/\/zd-piran.si\/index.php\/specambulante\/pedopsihiatrija\/","title":{"rendered":"Psihohigienski dispanzer za otroke in mladostnike"},"content":{"rendered":"<div class=\"row \"><div class=\"wpv-grid grid-1-2  wpv-first-level first unextended\" style=\"padding-top:0px;padding-bottom:0px\" id=\"wpv-column-70910eda1c95b9724418dbc1f02fee4e\" ><p><strong><span class=\"oddelek_zdravnik\">Alida Ma\u017eer, dr.med., spec.pedopsih.<\/span><\/strong><br \/>\nCesta solinarjev 1, 6320 Portoro\u017e<\/p>\n<span class='icon shortcode  ' style='font-size:16px !important;'>&#57490;<\/span> 05\/ 6207 246<br \/>\n<span class='icon shortcode  ' style='font-size:16px !important;'>&#57533;<\/span> 05\/ 6207 201<br \/>\n<span class='icon shortcode theme ' style='font-size:16px !important;'>&#57353;<\/span> pedopsihiatrija@zd-piran.si<\/div>\n<div class=\"wpv-grid grid-1-2  wpv-first-level unextended\" style=\"padding-top:0px;padding-bottom:0px\" id=\"wpv-column-27b867a7e9dfea53bfe1133540e1bf77\" ><table class=\"paleBlueRows\">\n<thead>\n<tr>\n<th style=\"text-align: center; background: #596dff; color: white;\">PON<\/th>\n<th style=\"text-align: center; background: #596dff; color: white;\">TOR<\/th>\n<th style=\"text-align: center; background: #596dff; color: white;\">SRE<\/th>\n<th style=\"text-align: center; background: #596dff; color: white;\">\u010cET<\/th>\n<th style=\"text-align: center; background: #596dff; color: white;\">PET<\/th>\n<th style=\"text-align: center; background: #596dff; color: white;\">SOB<\/th>\n<th style=\"text-align: center; background: #596dff; color: white;\">NED<\/th>\n<\/tr>\n<\/thead>\n<tbody>\n<tr>\n<td style=\"text-align: center; background: #b9c5f0; color: black;\">13:00<\/td>\n<td style=\"text-align: center; background: #b9c5f0; color: black;\">07:00<\/td>\n<td style=\"text-align: center; background: #b9c5f0; color: black;\">07:00<\/td>\n<td style=\"text-align: center; background: #b9c5f0; color: black;\">13:00<\/td>\n<td style=\"text-align: center; background: #b9c5f0; color: black;\">07:00<\/td>\n<td style=\"text-align: center; background: #b9c5f0; color: black;\">&#8211;<\/td>\n<td style=\"text-align: center; background: #b9c5f0; color: black;\">&#8211;<\/td>\n<\/tr>\n<tr>\n<td style=\"text-align: center; background: #b9c5f0; color: black;\">20:00<\/td>\n<td style=\"text-align: center; background: #b9c5f0; color: black;\">14:00<\/td>\n<td style=\"text-align: center; background: #b9c5f0; color: black;\">14:00<\/td>\n<td style=\"text-align: center; background: #b9c5f0; color: black;\">20:00<\/td>\n<td style=\"text-align: center; background: #b9c5f0; color: black;\">12:00<\/td>\n<td style=\"text-align: center; background: #b9c5f0; color: black;\">&#8211;<\/td>\n<td style=\"text-align: center; background: #b9c5f0; color: black;\">&#8211;<\/td>\n<\/tr>\n<\/tbody>\n<\/table><\/div><\/div>\n<div class=\"row \"><div class=\"wpv-grid grid-1-1  wpv-first-level first unextended animation-fade-in animated-active\" style=\"padding-top:0px;padding-bottom:0px\" id=\"wpv-column-83092416aab00597967d30faa199a3d1\" ><div class=\"wpv-accordion-wrapper wpv-accordion-1\"><style scoped>.wpv-accordion-1 .tab .inner { background-color: #b9c5f0; color: #000000; }<\/style><ul class=\"wpv-accordion\" data-collapsible=\"true\"><li class=\"pane-wrapper\" style=\"\">\n\t\t\t\t\t<h4 class=\"tab\"><span class=\"inner\">Naro\u010danje<\/span><\/h4>\n\t\t\t\t\t<div class=\"pane\"><div class=\"inner\"><p>Vrsta zdravstvene storitve katere opravljamo: Pedopsihiatri\u010dna obravnava &#8211; prva &#8211; 1041P<\/p>\n<p>\u00a0 \u00a0 \u00a0 \u00a0 \u00a0 \u00a0 \u00a0 \u00a0 \u00a0 \u00a0 \u00a0 \u00a0 \u00a0 \u00a0 \u00a0 \u00a0 \u00a0 \u00a0 \u00a0 \u00a0 \u00a0 \u00a0 \u00a0 \u00a0 \u00a0 \u00a0 \u00a0 \u00a0 \u00a0 \u00a0 \u00a0 \u00a0 \u00a0 \u00a0 \u00a0 \u00a0 \u00a0 \u00a0 \u00a0 \u00a0 \u00a0 \u00a0 Pedopsihiatri\u010dna obravnava &#8211; kontrolna \u2013 1041K<\/p>\n<p>\u00a0<\/p>\n<p>Povezava za naro\u010danje na prvi pregled: preko portala\u00a0<a href=\"https:\/\/narocanje.ezdrav.si\/\">https:\/\/narocanje.ezdrav.si<\/a>,<br \/>\nv ordinacijskem \u010dasu ambulante osebno ali po telefonu, preko elektronske po\u0161te pisno ali preko portala eNapotnice &#8211; Izvaja se tria\u017ea vseh prejetih napotnic.<\/div><\/div>\n\t\t\t\t\t<\/li><li class=\"pane-wrapper\" style=\"\">\n\t\t\t\t\t<h4 class=\"tab\"><span class=\"inner\">\u010cakalna doba<\/span><\/h4>\n\t\t\t\t\t<div class=\"pane\"><div class=\"inner\"><p>Aktualne \u010dakalne doba za pregled v ambulanti so dostopne na naslednji povezavi: <a href=\"https:\/\/cakalnedobe.ezdrav.si\/zdravstvena-ustanova\/ZDRAVSTVENIDOMPIRANPOLIAMBULATORIOPIRANO_03521#redno\">https:\/\/cakalnedobe.ezdrav.si\/zdravstvena-ustanova\/ZDRAVSTVENIDOMPIRANPOLIAMBULATORIOPIRANO_03521#redno<\/a><\/p>\n<p>Odgovorne osebe za vodenje \u010dakalnega seznama so: Andreja Omar, dipl.m.s. in Alida Ma\u017eer, dr.med., spec.pedopsih.<br \/><\/div><\/div>\n\t\t\t\t\t<\/li><li class=\"pane-wrapper\" style=\"\">\n\t\t\t\t\t<h4 class=\"tab\"><span class=\"inner\">Ostale informacije<\/span><\/h4>\n\t\t\t\t\t<div class=\"pane\"><div class=\"inner\"><p><strong>V primeru nujnega stanja se izven na\u0161ega ordinacijskega \u010dasa lahko obrnete na:<\/strong><\/p>\n<ul>\n<li>slu\u017ebo za otro\u0161ko psihiatrijo na Pediatri\u010dni kliniki v Ljubljani (Bohori\u010deva ul. 20) med 8.00 \u2013 15.00 uro za otroke do 15. leta<\/li>\n<li>urgentno tria\u017eno ambulanto Centra za mentalno zdravje za mladostnike (Grablovi\u010deva 44 a) od 15. do 18. leta<\/li>\n<\/ul>\n<p>Izven rednega delovnega \u010dasa se v primeru, da zaradi du\u0161evne motnje otrok\/mladostnik ogro\u017ea svoje \u017eivljenje ali \u017eivljenje drugih ali \u010de huje ogro\u017ea svoje zdravje ali zdravje drugih ali povzro\u010da hudo premo\u017eenjsko \u0161kodo sebi ali drugim, napoti na pregled v de\u017eurno slu\u017ebo, ki deluje v okviru Enote za intenzivno otro\u0161ko in adolescentno psihiatrijo.<\/div><\/div>\n\t\t\t\t\t<\/li><\/ul><\/div><\/div><\/div>\n","protected":false},"excerpt":{"rendered":"<p>Alida Ma\u017eer, dr.med., spec.pedopsih. Cesta solinarjev 1, 6320 Portoro\u017e 05\/ 6207 246 05\/ 6207 201 pedopsihiatrija@zd-piran.si PON TOR SRE \u010cET PET SOB NED 13:00 07:00 07:00 13:00 07:00 &#8211; &#8211; 20:00 14:00 14:00 20:00 12:00 &#8211; &#8211;<\/p>\n","protected":false},"author":1,"featured_media":0,"parent":988188,"menu_order":0,"comment_status":"closed","ping_status":"closed","template":"","meta":{"ngg_post_thumbnail":0,"footnotes":""},"class_list":["post-988249","page","type-page","status-publish"],"_links":{"self":[{"href":"https:\/\/zd-piran.si\/index.php\/wp-json\/wp\/v2\/pages\/988249","targetHints":{"allow":["GET"]}}],"collection":[{"href":"https:\/\/zd-piran.si\/index.php\/wp-json\/wp\/v2\/pages"}],"about":[{"href":"https:\/\/zd-piran.si\/index.php\/wp-json\/wp\/v2\/types\/page"}],"author":[{"embeddable":true,"href":"https:\/\/zd-piran.si\/index.php\/wp-json\/wp\/v2\/users\/1"}],"replies":[{"embeddable":true,"href":"https:\/\/zd-piran.si\/index.php\/wp-json\/wp\/v2\/comments?post=988249"}],"version-history":[{"count":12,"href":"https:\/\/zd-piran.si\/index.php\/wp-json\/wp\/v2\/pages\/988249\/revisions"}],"predecessor-version":[{"id":990345,"href":"https:\/\/zd-piran.si\/index.php\/wp-json\/wp\/v2\/pages\/988249\/revisions\/990345"}],"up":[{"embeddable":true,"href":"https:\/\/zd-piran.si\/index.php\/wp-json\/wp\/v2\/pages\/988188"}],"wp:attachment":[{"href":"https:\/\/zd-piran.si\/index.php\/wp-json\/wp\/v2\/media?parent=988249"}],"curies":[{"name":"wp","href":"https:\/\/api.w.org\/{rel}","templated":true}]}}