{"id":988328,"date":"2021-01-10T18:25:23","date_gmt":"2021-01-10T16:25:23","guid":{"rendered":"http:\/\/zd-piran.si\/index.php\/zobne_ambulante\/vatovec-2\/"},"modified":"2023-09-22T09:23:32","modified_gmt":"2023-09-22T07:23:32","slug":"skorjasoric","status":"publish","type":"page","link":"https:\/\/zd-piran.si\/index.php\/zobne_ambulante\/skorjasoric\/","title":{"rendered":"Vesna \u0160korja Sori\u010d , dr.dent.med."},"content":{"rendered":"<div class=\"row \"><div class=\"wpv-grid grid-1-2  wpv-first-level first unextended\" style=\"padding-top:0px;padding-bottom:0px\" id=\"wpv-column-5eb3a2ef2ef53388a2d78e56fa4f3c58\" ><p><strong><span class=\"oddelek_zdravnik\">Vesna \u0160korja Sori\u010d , dr.dent.med.<\/span><\/strong><br \/>\nSe\u010dovlje 44, 6333 Se\u010dovlje<\/p>\n<span class='icon shortcode  ' style='font-size:16px !important;'>&#57490;<\/span> 041 630 507<br \/>\n<span class='icon shortcode  ' style='font-size:16px !important;'>&#57490;<\/span> 05 672 03 80<\/div>\n<div class=\"wpv-grid grid-1-2  wpv-first-level unextended\" style=\"padding-top:0px;padding-bottom:0px\" id=\"wpv-column-58cc911096285259dd20d6c3e154a985\" ><table class=\"paleBlueRows\">\n<thead>\n<tr>\n<th style=\"text-align: center; background: #ff7919; color: black;\">PON<\/th>\n<th style=\"text-align: center; background: #ff7919; color: black;\">TOR<\/th>\n<th style=\"text-align: center; background: #ff7919; color: black;\">SRE<\/th>\n<th style=\"text-align: center; background: #ff7919; color: black;\">\u010cET<\/th>\n<th style=\"text-align: center; background: #ff7919; color: black;\">PET<\/th>\n<th style=\"text-align: center; background: #ff7919; color: black;\">SOB<\/th>\n<th style=\"text-align: center; background: #ff7919; color: black;\">NED<\/th>\n<\/tr>\n<\/thead>\n<tbody>\n<tr>\n<td style=\"text-align: center; background: #f5dac6; color: black;\">13:30<\/td>\n<td style=\"text-align: center; background: #f5dac6; color: black;\">08:00<\/td>\n<td style=\"text-align: center; background: #f5dac6; color: black;\">13:30<\/td>\n<td style=\"text-align: center; background: #f5dac6; color: black;\">08:00<\/td>\n<td style=\"text-align: center; background: #f5dac6; color: black;\">08:00<\/td>\n<td style=\"text-align: center; background: #f5dac6; color: black;\">&#8211;<\/td>\n<td style=\"text-align: center; background: #f5dac6; color: black;\">&#8211;<\/td>\n<\/tr>\n<tr>\n<td style=\"text-align: center; background: #f5dac6; color: black;\">20:00<\/td>\n<td style=\"text-align: center; background: #f5dac6; color: black;\">14:30<\/td>\n<td style=\"text-align: center; background: #f5dac6; color: black;\">20:00<\/td>\n<td style=\"text-align: center; background: #f5dac6; color: black;\">14:30<\/td>\n<td style=\"text-align: center; background: #f5dac6; color: black;\">14:30<\/td>\n<td style=\"text-align: center; background: #f5dac6; color: black;\">&#8211;<\/td>\n<td style=\"text-align: center; background: #f5dac6; color: black;\">&#8211;<\/td>\n<\/tr>\n<\/tbody>\n<\/table><\/div><\/div>\n","protected":false},"excerpt":{"rendered":"<p>Vesna \u0160korja Sori\u010d , dr.dent.med. Se\u010dovlje 44, 6333 Se\u010dovlje 041 630 507 05 672 03 80 PON TOR SRE \u010cET PET SOB NED 13:30 08:00 13:30 08:00 08:00 &#8211; &#8211; 20:00 14:30 20:00 14:30 14:30 &#8211; &#8211;<\/p>\n","protected":false},"author":1,"featured_media":0,"parent":988312,"menu_order":0,"comment_status":"closed","ping_status":"closed","template":"","meta":{"ngg_post_thumbnail":0,"footnotes":""},"class_list":["post-988328","page","type-page","status-publish"],"_links":{"self":[{"href":"https:\/\/zd-piran.si\/index.php\/wp-json\/wp\/v2\/pages\/988328","targetHints":{"allow":["GET"]}}],"collection":[{"href":"https:\/\/zd-piran.si\/index.php\/wp-json\/wp\/v2\/pages"}],"about":[{"href":"https:\/\/zd-piran.si\/index.php\/wp-json\/wp\/v2\/types\/page"}],"author":[{"embeddable":true,"href":"https:\/\/zd-piran.si\/index.php\/wp-json\/wp\/v2\/users\/1"}],"replies":[{"embeddable":true,"href":"https:\/\/zd-piran.si\/index.php\/wp-json\/wp\/v2\/comments?post=988328"}],"version-history":[{"count":9,"href":"https:\/\/zd-piran.si\/index.php\/wp-json\/wp\/v2\/pages\/988328\/revisions"}],"predecessor-version":[{"id":989794,"href":"https:\/\/zd-piran.si\/index.php\/wp-json\/wp\/v2\/pages\/988328\/revisions\/989794"}],"up":[{"embeddable":true,"href":"https:\/\/zd-piran.si\/index.php\/wp-json\/wp\/v2\/pages\/988312"}],"wp:attachment":[{"href":"https:\/\/zd-piran.si\/index.php\/wp-json\/wp\/v2\/media?parent=988328"}],"curies":[{"name":"wp","href":"https:\/\/api.w.org\/{rel}","templated":true}]}}