{"id":988331,"date":"2021-01-10T18:25:23","date_gmt":"2021-01-10T16:25:23","guid":{"rendered":"http:\/\/zd-piran.si\/index.php\/zobne_ambulante\/skorjasoric-2\/"},"modified":"2021-04-03T12:09:36","modified_gmt":"2021-04-03T10:09:36","slug":"samotorcan","status":"publish","type":"page","link":"https:\/\/zd-piran.si\/index.php\/zobne_ambulante\/samotorcan\/","title":{"rendered":"Slavko Samotor\u010dan, dr.dent.med."},"content":{"rendered":"<div class=\"row \"><div class=\"wpv-grid grid-1-2  wpv-first-level first unextended\" style=\"padding-top:0px;padding-bottom:0px\" id=\"wpv-column-e6e522577849991d18f455426401c92c\" ><p><strong><span class=\"oddelek_zdravnik\">Slavko Samotor\u010dan, dr.dent.med.<\/span><\/strong><br \/>\nCesta solinarjev 1, 6320 Portoro\u017e<\/p>\n<span class='icon shortcode  ' style='font-size:16px !important;'>&#57490;<\/span> 05 673 34 30<\/div>\n<div class=\"wpv-grid grid-1-2  wpv-first-level unextended\" style=\"padding-top:0px;padding-bottom:0px\" id=\"wpv-column-9b585332a13f5baa9d56ff4ba7eee66b\" ><table class=\"paleBlueRows\">\n<thead>\n<tr>\n<th style=\"text-align: center; background: #ff7919; color: black;\">PON<\/th>\n<th style=\"text-align: center; background: #ff7919; color: black;\">TOR<\/th>\n<th style=\"text-align: center; background: #ff7919; color: black;\">SRE<\/th>\n<th style=\"text-align: center; background: #ff7919; color: black;\">\u010cET<\/th>\n<th style=\"text-align: center; background: #ff7919; color: black;\">PET<\/th>\n<th style=\"text-align: center; background: #ff7919; color: black;\">SOB<\/th>\n<th style=\"text-align: center; background: #ff7919; color: black;\">NED<\/th>\n<\/tr>\n<\/thead>\n<tbody>\n<tr>\n<td style=\"text-align: center; background: #f5dac6; color: black;\">13:45<\/td>\n<td style=\"text-align: center; background: #f5dac6; color: black;\">13:45<\/td>\n<td style=\"text-align: center; background: #f5dac6; color: black;\">07:00<\/td>\n<td style=\"text-align: center; background: #f5dac6; color: black;\">07:00<\/td>\n<td style=\"text-align: center; background: #f5dac6; color: black;\">07:00<\/td>\n<td style=\"text-align: center; background: #f5dac6; color: black;\">&#8211;<\/td>\n<td style=\"text-align: center; background: #f5dac6; color: black;\">&#8211;<\/td>\n<\/tr>\n<tr>\n<td style=\"text-align: center; background: #f5dac6; color: black;\">18:15<\/td>\n<td style=\"text-align: center; background: #f5dac6; color: black;\">19:00<\/td>\n<td style=\"text-align: center; background: #f5dac6; color: black;\">13:30<\/td>\n<td style=\"text-align: center; background: #f5dac6; color: black;\">13:30<\/td>\n<td style=\"text-align: center; background: #f5dac6; color: black;\">13:30<\/td>\n<td style=\"text-align: center; background: #f5dac6; color: black;\">&#8211;<\/td>\n<td style=\"text-align: center; background: #f5dac6; color: black;\">&#8211;<\/td>\n<\/tr>\n<\/tbody>\n<\/table><\/div><\/div>\n","protected":false},"excerpt":{"rendered":"<p>Slavko Samotor\u010dan, dr.dent.med. Cesta solinarjev 1, 6320 Portoro\u017e 05 673 34 30 PON TOR SRE \u010cET PET SOB NED 13:45 13:45 07:00 07:00 07:00 &#8211; &#8211; 18:15 19:00 13:30 13:30 13:30 &#8211; &#8211;<\/p>\n","protected":false},"author":1,"featured_media":0,"parent":988312,"menu_order":0,"comment_status":"closed","ping_status":"closed","template":"","meta":{"ngg_post_thumbnail":0,"footnotes":""},"class_list":["post-988331","page","type-page","status-publish"],"_links":{"self":[{"href":"https:\/\/zd-piran.si\/index.php\/wp-json\/wp\/v2\/pages\/988331","targetHints":{"allow":["GET"]}}],"collection":[{"href":"https:\/\/zd-piran.si\/index.php\/wp-json\/wp\/v2\/pages"}],"about":[{"href":"https:\/\/zd-piran.si\/index.php\/wp-json\/wp\/v2\/types\/page"}],"author":[{"embeddable":true,"href":"https:\/\/zd-piran.si\/index.php\/wp-json\/wp\/v2\/users\/1"}],"replies":[{"embeddable":true,"href":"https:\/\/zd-piran.si\/index.php\/wp-json\/wp\/v2\/comments?post=988331"}],"version-history":[{"count":3,"href":"https:\/\/zd-piran.si\/index.php\/wp-json\/wp\/v2\/pages\/988331\/revisions"}],"predecessor-version":[{"id":988518,"href":"https:\/\/zd-piran.si\/index.php\/wp-json\/wp\/v2\/pages\/988331\/revisions\/988518"}],"up":[{"embeddable":true,"href":"https:\/\/zd-piran.si\/index.php\/wp-json\/wp\/v2\/pages\/988312"}],"wp:attachment":[{"href":"https:\/\/zd-piran.si\/index.php\/wp-json\/wp\/v2\/media?parent=988331"}],"curies":[{"name":"wp","href":"https:\/\/api.w.org\/{rel}","templated":true}]}}