{"id":988339,"date":"2021-01-10T18:25:23","date_gmt":"2021-01-10T16:25:23","guid":{"rendered":"http:\/\/zd-piran.si\/index.php\/zobne_ambulante\/skorjasoric-2\/"},"modified":"2024-11-11T10:43:51","modified_gmt":"2024-11-11T08:43:51","slug":"zobnapomorska","status":"publish","type":"page","link":"https:\/\/zd-piran.si\/index.php\/zobne_ambulante\/zobnapomorska\/","title":{"rendered":"Ambulanta za mladino in odrasle: Alenka Seljak, dr. dent. med."},"content":{"rendered":"<div class=\"row \"><div class=\"wpv-grid grid-1-2  wpv-first-level first unextended\" style=\"padding-top:0px;padding-bottom:0px\" id=\"wpv-column-42a56dfd73ba346d31a0a1e6e061c6b7\" ><p><strong><span class=\"oddelek_zdravnik\">ZD Piran<\/span><\/strong><\/p>\n<p><strong><span class=\"oddelek_zdravnik\">Alenka Seljak, dr. dent. med.<\/span><\/strong><br \/>\nPomorski in tehni\u0161ki izobra\u017eevalni center Portoro\u017e<br \/>\nPot pomor\u0161\u010dakov 4, 6320 Portoro\u017e<\/p>\n<span class='icon shortcode  ' style='font-size:16px !important;'>&#57490;<\/span> 05\/ 6207 272<br \/>\n<span class='icon shortcode theme ' style='font-size:16px !important;'>&#57353;<\/span> <a href=\"mailto:zobna@zd-piran.si\">zobna@zd-piran.si<\/a><\/div>\n<div class=\"wpv-grid grid-1-2  wpv-first-level unextended\" style=\"padding-top:0px;padding-bottom:0px\" id=\"wpv-column-92b39b404576e3c0ee1e2b3ee09f69ae\" ><p>Zaradi dodatnega izobra\u017eevanja kadra bo ambulanta do 31.12.2024 ordinirala ob ponedeljkih, sredah in petkih po objavljenem urniku.<\/p>\n<table class=\"paleBlueRows\">\n<thead>\n<tr>\n<th style=\"text-align: center; background: #ff7919; color: black;\">PON<\/th>\n<th style=\"text-align: center; background: #ff7919; color: black;\">TOR<\/th>\n<th style=\"text-align: center; background: #ff7919; color: black;\">SRE<\/th>\n<th style=\"text-align: center; background: #ff7919; color: black;\">\u010cET<\/th>\n<th style=\"text-align: center; background: #ff7919; color: black;\">PET<\/th>\n<th style=\"text-align: center; background: #ff7919; color: black;\">SOB<\/th>\n<th style=\"text-align: center; background: #ff7919; color: black;\">NED<\/th>\n<\/tr>\n<\/thead>\n<tbody>\n<tr>\n<td style=\"text-align: center; background: #f5dac6; color: black;\">10:30<\/td>\n<td style=\"text-align: center; background: #f5dac6; color: black;\">07:30<\/td>\n<td style=\"text-align: center; background: #f5dac6; color: black;\">07:30<\/td>\n<td style=\"text-align: center; background: #f5dac6; color: black;\">07:30<\/td>\n<td style=\"text-align: center; background: #f5dac6; color: black;\">07:30<\/td>\n<td style=\"text-align: center; background: #f5dac6; color: black;\">&#8211;<\/td>\n<td style=\"text-align: center; background: #f5dac6; color: black;\">&#8211;<\/td>\n<\/tr>\n<tr>\n<td style=\"text-align: center; background: #f5dac6; color: black;\">18:00<\/td>\n<td style=\"text-align: center; background: #f5dac6; color: black;\">14:00<\/td>\n<td style=\"text-align: center; background: #f5dac6; color: black;\">14:30<\/td>\n<td style=\"text-align: center; background: #f5dac6; color: black;\">14:00<\/td>\n<td style=\"text-align: center; background: #f5dac6; color: black;\">14:30<\/td>\n<td style=\"text-align: center; background: #f5dac6; color: black;\">&#8211;<\/td>\n<td style=\"text-align: center; background: #f5dac6; color: black;\">&#8211;<\/td>\n<\/tr>\n<\/tbody>\n<\/table><\/div><\/div>\n<div class=\"wpv-accordion-wrapper wpv-accordion-1\"><style scoped>.wpv-accordion-1 .tab .inner { background-color: #ff7919; color: #000000; }<\/style><ul class=\"wpv-accordion\" data-collapsible=\"true\"><li class=\"pane-wrapper\" style=\"\">\n\t\t\t\t\t<h4 class=\"tab\"><span class=\"inner\">Naro\u010danje<\/span><\/h4>\n\t\t\t\t\t<div class=\"pane\"><div class=\"inner\"><p>V ordinacijskem \u010dasu ambulante osebno ali po telefonu, po elektronski po\u0161ti ali pisno po po\u0161ti.<\/div><\/div>\n\t\t\t\t\t<\/li><li class=\"pane-wrapper\" style=\"\">\n\t\t\t\t\t<h4 class=\"tab\"><span class=\"inner\">Dodatne informacije<\/span><\/h4>\n\t\t\t\t\t<div class=\"pane\"><div class=\"inner\"><p>\u010cakalne dobe za prvi pregled ni. Odgovorne osebe za vodenje \u010dakalnega seznama so osebje v ambulanti Nada Ma\u010dek, zdr.tehnik. ter koordinator \u010dakalnih seznamov in vrst Marko Grdina dipl.zn, Pomo\u010dnik direktorja za podro\u010dje zdr. nege.<\/p>\n<p>Amb. Alenka Seljak, dr. dent. med. ima 555 opredeljenih odrslih pacientov, zato ambulanta <strong>sprejema nove paciente<\/strong>.<\/p>\n<p>Amb. Alenka Seljak, dr. dent. med. ima 135 opredeljenih mladincev, zato ambulanta <strong>opredeljuje\/sprejema nove paciente<\/strong>.<\/div><\/div>\n\t\t\t\t\t<\/li><li class=\"pane-wrapper\" style=\"\">\n\t\t\t\t\t<h4 class=\"tab\"><span class=\"inner\">Opombe<\/span><\/h4>\n\t\t\t\t\t<div class=\"pane\"><div class=\"inner\"><p>Zadnjega pacienta sprejmemo ob 13:00 oz ob 17:00 pred zaklju\u010dkom ord. \u010dasa.<br \/>\nMalice med delovnim \u010dasom ni.<br \/>\nPred prihodom se obrnite telefonsko na medicinsko sestro .<\/div><\/div>\n\t\t\t\t\t<\/li><\/ul><\/div>\n","protected":false},"excerpt":{"rendered":"<p>ZD Piran Alenka Seljak, dr. dent. med. Pomorski in tehni\u0161ki izobra\u017eevalni center Portoro\u017e Pot pomor\u0161\u010dakov 4, 6320 Portoro\u017e 05\/ 6207 272 zobna@zd-piran.si Zaradi dodatnega izobra\u017eevanja kadra bo ambulanta do 31.12.2024 ordinirala ob ponedeljkih, sredah in petkih po objavljenem urniku. PON TOR SRE \u010cET PET SOB NED 10:30 07:30 07:30 07:30 07:30 &#8211; &#8211; 18:00 14:00&#8230;<\/p>\n","protected":false},"author":1,"featured_media":0,"parent":988312,"menu_order":0,"comment_status":"closed","ping_status":"closed","template":"","meta":{"ngg_post_thumbnail":0,"footnotes":""},"class_list":["post-988339","page","type-page","status-publish"],"_links":{"self":[{"href":"https:\/\/zd-piran.si\/index.php\/wp-json\/wp\/v2\/pages\/988339","targetHints":{"allow":["GET"]}}],"collection":[{"href":"https:\/\/zd-piran.si\/index.php\/wp-json\/wp\/v2\/pages"}],"about":[{"href":"https:\/\/zd-piran.si\/index.php\/wp-json\/wp\/v2\/types\/page"}],"author":[{"embeddable":true,"href":"https:\/\/zd-piran.si\/index.php\/wp-json\/wp\/v2\/users\/1"}],"replies":[{"embeddable":true,"href":"https:\/\/zd-piran.si\/index.php\/wp-json\/wp\/v2\/comments?post=988339"}],"version-history":[{"count":13,"href":"https:\/\/zd-piran.si\/index.php\/wp-json\/wp\/v2\/pages\/988339\/revisions"}],"predecessor-version":[{"id":990255,"href":"https:\/\/zd-piran.si\/index.php\/wp-json\/wp\/v2\/pages\/988339\/revisions\/990255"}],"up":[{"embeddable":true,"href":"https:\/\/zd-piran.si\/index.php\/wp-json\/wp\/v2\/pages\/988312"}],"wp:attachment":[{"href":"https:\/\/zd-piran.si\/index.php\/wp-json\/wp\/v2\/media?parent=988339"}],"curies":[{"name":"wp","href":"https:\/\/api.w.org\/{rel}","templated":true}]}}