{"id":988349,"date":"2021-01-10T18:25:23","date_gmt":"2021-01-10T16:25:23","guid":{"rendered":"http:\/\/zd-piran.si\/index.php\/zobne_ambulante\/skorjasoric-2\/"},"modified":"2023-10-26T14:26:45","modified_gmt":"2023-10-26T12:26:45","slug":"dobravc","status":"publish","type":"page","link":"https:\/\/zd-piran.si\/index.php\/zobne_ambulante\/dobravc\/","title":{"rendered":"Dobravc Vesna, dr.dent.med."},"content":{"rendered":"<div class=\"row \"><div class=\"wpv-grid grid-1-2  wpv-first-level first unextended\" style=\"padding-top:0px;padding-bottom:0px\" id=\"wpv-column-7f2695b09f5666bdf9aed9a14d40b3d9\" ><p><strong><span class=\"oddelek_zdravnik\">Dobravc Vesna, dr.dent.med.<\/span><\/strong><br \/>\nOlj\u010dna pot 24, Piran<\/p>\n<span class='icon shortcode  ' style='font-size:16px !important;'>&#57490;<\/span> 05\/673 11 56<\/div>\n<div class=\"wpv-grid grid-1-2  wpv-first-level unextended\" style=\"padding-top:0px;padding-bottom:0px\" id=\"wpv-column-ea026b66ae9ca989b0411adc602a035e\" ><table class=\"paleBlueRows\">\n<thead>\n<tr>\n<th style=\"text-align: center; background: #ff7919; color: black;\">PON<\/th>\n<th style=\"text-align: center; background: #ff7919; color: black;\">TOR<\/th>\n<th style=\"text-align: center; background: #ff7919; color: black;\">SRE<\/th>\n<th style=\"text-align: center; background: #ff7919; color: black;\">\u010cET<\/th>\n<th style=\"text-align: center; background: #ff7919; color: black;\">PET<\/th>\n<th style=\"text-align: center; background: #ff7919; color: black;\">SOB<\/th>\n<th style=\"text-align: center; background: #ff7919; color: black;\">NED<\/th>\n<\/tr>\n<\/thead>\n<tbody>\n<tr>\n<td style=\"text-align: center; background: #f5dac6; color: black;\">08:00<\/td>\n<td style=\"text-align: center; background: #f5dac6; color: black;\">08:00<\/td>\n<td style=\"text-align: center; background: #f5dac6; color: black;\">08:00<\/td>\n<td style=\"text-align: center; background: #f5dac6; color: black;\">13:00<\/td>\n<td style=\"text-align: center; background: #f5dac6; color: black;\">08:00<\/td>\n<td style=\"text-align: center; background: #f5dac6; color: black;\">&#8211;<\/td>\n<td style=\"text-align: center; background: #f5dac6; color: black;\">&#8211;<\/td>\n<\/tr>\n<tr>\n<td style=\"text-align: center; background: #f5dac6; color: black;\">14:30<\/td>\n<td style=\"text-align: center; background: #f5dac6; color: black;\">14:30<\/td>\n<td style=\"text-align: center; background: #f5dac6; color: black;\">14:30<\/td>\n<td style=\"text-align: center; background: #f5dac6; color: black;\">19:00<\/td>\n<td style=\"text-align: center; background: #f5dac6; color: black;\">14:00<\/td>\n<td style=\"text-align: center; background: #f5dac6; color: black;\">&#8211;<\/td>\n<td style=\"text-align: center; background: #f5dac6; color: black;\">&#8211;<\/td>\n<\/tr>\n<\/tbody>\n<\/table><\/div><\/div>\n<p>Naro\u010danje je mo\u017eno na naslednje na\u010dine:<\/p>\n<p>* -po telefonu: 05 673 11 56 ali 040 876 300<br \/>\n* -osebno v ordinacijskem \u010dasu<br \/>\n* -po elektronski po\u0161ti: vesna.dobravc@gmail.com<br \/>\n* -po po\u0161ti: Vesna Dobravc, Olj\u010dna pot 24, 6330 Piran<\/p>\n<p>Poobla\u0161\u010dena oseba za naro\u010danje: Kim Rotovnik, zobna asistentka<\/p>\n","protected":false},"excerpt":{"rendered":"<p>Dobravc Vesna, dr.dent.med. Olj\u010dna pot 24, Piran 05\/673 11 56 PON TOR SRE \u010cET PET SOB NED 08:00 08:00 08:00 13:00 08:00 &#8211; &#8211; 14:30 14:30 14:30 19:00 14:00 &#8211; &#8211; Naro\u010danje je mo\u017eno na naslednje na\u010dine: * -po telefonu: 05 673 11 56 ali 040 876 300 * -osebno v ordinacijskem \u010dasu * -po&#8230;<\/p>\n","protected":false},"author":1,"featured_media":0,"parent":988312,"menu_order":0,"comment_status":"closed","ping_status":"closed","template":"","meta":{"ngg_post_thumbnail":0,"footnotes":""},"class_list":["post-988349","page","type-page","status-publish"],"_links":{"self":[{"href":"https:\/\/zd-piran.si\/index.php\/wp-json\/wp\/v2\/pages\/988349","targetHints":{"allow":["GET"]}}],"collection":[{"href":"https:\/\/zd-piran.si\/index.php\/wp-json\/wp\/v2\/pages"}],"about":[{"href":"https:\/\/zd-piran.si\/index.php\/wp-json\/wp\/v2\/types\/page"}],"author":[{"embeddable":true,"href":"https:\/\/zd-piran.si\/index.php\/wp-json\/wp\/v2\/users\/1"}],"replies":[{"embeddable":true,"href":"https:\/\/zd-piran.si\/index.php\/wp-json\/wp\/v2\/comments?post=988349"}],"version-history":[{"count":5,"href":"https:\/\/zd-piran.si\/index.php\/wp-json\/wp\/v2\/pages\/988349\/revisions"}],"predecessor-version":[{"id":989839,"href":"https:\/\/zd-piran.si\/index.php\/wp-json\/wp\/v2\/pages\/988349\/revisions\/989839"}],"up":[{"embeddable":true,"href":"https:\/\/zd-piran.si\/index.php\/wp-json\/wp\/v2\/pages\/988312"}],"wp:attachment":[{"href":"https:\/\/zd-piran.si\/index.php\/wp-json\/wp\/v2\/media?parent=988349"}],"curies":[{"name":"wp","href":"https:\/\/api.w.org\/{rel}","templated":true}]}}