{"id":988353,"date":"2021-01-10T18:25:23","date_gmt":"2021-01-10T16:25:23","guid":{"rendered":"http:\/\/zd-piran.si\/index.php\/zobne_ambulante\/dobravc-2\/"},"modified":"2025-09-05T12:38:26","modified_gmt":"2025-09-05T11:38:26","slug":"komljanec","status":"publish","type":"page","link":"https:\/\/zd-piran.si\/index.php\/zobne_ambulante\/komljanec\/","title":{"rendered":"Evgenij Komljanec, dr.dent.med.,spec.zobne in \u010deljustne ortopedije &#8211; ZZZ ORTHODONTIO"},"content":{"rendered":"<div class=\"row \"><div class=\"wpv-grid grid-1-2  wpv-first-level first unextended\" style=\"padding-top:0px;padding-bottom:0px\" id=\"wpv-column-70d9e87d9024d2e94be83359ad1f03db\" ><p><span class=\"oddelek_zdravnik\"><strong>ZZZ ORTHODONTIO<br \/>\nC. solinarjev 1, Portoro\u017e<\/strong><\/span><\/p>\n<p><strong>Evgenij Komljanec,dr.dent.med.,spec.\u010deljustne in zobne ortopedije<\/strong>.<br \/>\n<em>Ure za na\u010drtovanje: v TOREK: 14:00-15:30<\/em>.<br \/>\n<strong>Ma\u0161a Farka\u0161,dr.dent.med.,spec.\u010deljustne in zobne ortopedije<\/strong>.<br \/>\n<em>Ure za na\u010drtovanje: v SREDO: 07:00-08:30.<br \/>\n<\/em><strong>Maja Ho\u010devar,dr.dent.med.,spec.\u010deljustne in zobne ortopedije<\/strong>.<br \/>\n<em>Ure za na\u010drtovanje: v ponedeljek: 12:00-13:00, v \u010detrtek: 08:00-11:00<br \/>\n<\/em><br \/>\nasistentka:<strong>Katja Krajnc, zdravstveni tehnik<\/strong>.<\/p>\n<span class='icon shortcode  ' style='font-size:16px !important;'>&#57490;<\/span> 041 672 222<br \/>\n<span class='icon shortcode  ' style='font-size:16px !important;'>&#57823;<\/span> <a href=\"https:\/\/www.ortodontija-piran.si\">https:\/\/www.ortodontija-piran.si<\/a><br \/>\n<span class='icon shortcode theme ' style='font-size:16px !important;'>&#57353;<\/span> <strong><a href=\"mailto:info@ortodontija-piran.si\">info@ortodontija-piran.si<\/a><br \/>\n<\/strong><\/p>\n<p>Ostale informacije:<\/p>\n<p><strong>\u010cakalna doba za storitve preko ZZZS:<\/strong><\/p>\n<p>&#8211; za prvi zelo hitri pregled : 1 mesec<br \/>\n&#8211; za prvi hitri pregled : 30 mesecev<br \/>\n&#8211; za prvi redni pregled : 36 mesecev<br \/>\n&#8211; za ortodontsko zdravljenje za zelo hitre primere : 0<br \/>\n&#8211; za ortodontsko zdravljenje za hitre primere : 0<br \/>\n&#8211; za ortodontsko zdravljenje za redne primere : 0<\/div>\n<div class=\"wpv-grid grid-1-2  wpv-first-level unextended\" style=\"padding-top:0px;padding-bottom:0px\" id=\"wpv-column-f5724a2a4c13f54a77fd64ee9c846bbd\" ><table style=\"height: 272px;\" width=\"666\">\n<tbody>\n<tr>\n<td width=\"40\">&nbsp;<\/td>\n<td style=\"text-align: center;\" width=\"106\"><strong>od &#8211; do<\/strong><\/td>\n<td style=\"text-align: center;\" width=\"106\"><strong>Prekinitev<\/strong><\/td>\n<td width=\"117\">&nbsp;<\/td>\n<\/tr>\n<tr>\n<td width=\"40\"><strong>Pon.<\/strong><\/td>\n<td style=\"text-align: center;\">&nbsp;13.00 &#8211; 18.30<\/td>\n<td style=\"text-align: center;\">\/<\/td>\n<td style=\"text-align: center;\">&nbsp;dr.Ho\u010devar<\/td>\n<\/tr>\n<tr>\n<td width=\"40\"><strong>Tor.<\/strong><\/td>\n<td style=\"text-align: center;\">08.00 &#8211; 14.00<\/td>\n<td style=\"text-align: center;\">\/<\/td>\n<td style=\"text-align: center;\">dr.Komljanec<\/td>\n<\/tr>\n<tr>\n<td width=\"40\"><strong>Sre.<\/strong><\/td>\n<td style=\"text-align: center;\">08.30 &#8211; 14.30<\/td>\n<td style=\"text-align: center;\">\/<\/td>\n<td style=\"text-align: center;\">dr. Farka\u0161<\/td>\n<\/tr>\n<tr>\n<td width=\"40\"><strong>\u010cet.<\/strong><\/td>\n<td style=\"text-align: center;\">12.00 \u2013 19.00<\/td>\n<td style=\"text-align: center;\">\/<\/td>\n<td style=\"text-align: center;\">dr.Komljanec<\/td>\n<\/tr>\n<tr>\n<td width=\"40\"><strong>Pet.<\/strong><\/td>\n<td style=\"text-align: center;\">08.00 &#8211; 13.00<\/td>\n<td style=\"text-align: center;\">\/<\/td>\n<td style=\"text-align: center;\">dr.Ho\u010devar<\/td>\n<\/tr>\n<\/tbody>\n<\/table><\/div><\/div>\n","protected":false},"excerpt":{"rendered":"<p>ZZZ ORTHODONTIO C. solinarjev 1, Portoro\u017e Evgenij Komljanec,dr.dent.med.,spec.\u010deljustne in zobne ortopedije. Ure za na\u010drtovanje: v TOREK: 14:00-15:30. Ma\u0161a Farka\u0161,dr.dent.med.,spec.\u010deljustne in zobne ortopedije. Ure za na\u010drtovanje: v SREDO: 07:00-08:30. Maja Ho\u010devar,dr.dent.med.,spec.\u010deljustne in zobne ortopedije. Ure za na\u010drtovanje: v ponedeljek: 12:00-13:00, v \u010detrtek: 08:00-11:00 asistentka:Katja Krajnc, zdravstveni tehnik. 041 672 222 https:\/\/www.ortodontija-piran.si info@ortodontija-piran.si Ostale informacije: \u010cakalna doba&#8230;<\/p>\n","protected":false},"author":1,"featured_media":0,"parent":988312,"menu_order":0,"comment_status":"closed","ping_status":"closed","template":"","meta":{"ngg_post_thumbnail":0,"footnotes":""},"class_list":["post-988353","page","type-page","status-publish"],"_links":{"self":[{"href":"https:\/\/zd-piran.si\/index.php\/wp-json\/wp\/v2\/pages\/988353","targetHints":{"allow":["GET"]}}],"collection":[{"href":"https:\/\/zd-piran.si\/index.php\/wp-json\/wp\/v2\/pages"}],"about":[{"href":"https:\/\/zd-piran.si\/index.php\/wp-json\/wp\/v2\/types\/page"}],"author":[{"embeddable":true,"href":"https:\/\/zd-piran.si\/index.php\/wp-json\/wp\/v2\/users\/1"}],"replies":[{"embeddable":true,"href":"https:\/\/zd-piran.si\/index.php\/wp-json\/wp\/v2\/comments?post=988353"}],"version-history":[{"count":13,"href":"https:\/\/zd-piran.si\/index.php\/wp-json\/wp\/v2\/pages\/988353\/revisions"}],"predecessor-version":[{"id":990676,"href":"https:\/\/zd-piran.si\/index.php\/wp-json\/wp\/v2\/pages\/988353\/revisions\/990676"}],"up":[{"embeddable":true,"href":"https:\/\/zd-piran.si\/index.php\/wp-json\/wp\/v2\/pages\/988312"}],"wp:attachment":[{"href":"https:\/\/zd-piran.si\/index.php\/wp-json\/wp\/v2\/media?parent=988353"}],"curies":[{"name":"wp","href":"https:\/\/api.w.org\/{rel}","templated":true}]}}