{"id":988362,"date":"2021-01-10T18:25:23","date_gmt":"2021-01-10T16:25:23","guid":{"rendered":"http:\/\/zd-piran.si\/index.php\/zobne_ambulante\/sutejvidmar-2\/"},"modified":"2026-02-02T09:31:57","modified_gmt":"2026-02-02T08:31:57","slug":"rtg","status":"publish","type":"page","link":"https:\/\/zd-piran.si\/index.php\/zobne_ambulante\/rtg\/","title":{"rendered":"Rentgensko slikanje zob ZD Piran"},"content":{"rendered":"<div class=\"row \"><div class=\"wpv-grid grid-1-2  wpv-first-level first unextended\" style=\"padding-top:0px;padding-bottom:0px\" id=\"wpv-column-72734984d46cf3c525df8e5e56106c5f\" ><p><strong><span class=\"oddelek_zdravnik\">Lorna Lovre\u010di\u010d <\/span><\/strong><br \/>\nC. solinarjev 1, 6320 Portoro\u017e<\/p>\n<span class='icon shortcode  ' style='font-size:16px !important;'>&#57490;<\/span> 05\/ 6207 241<br \/>\n<span class='icon shortcode theme ' style='font-size:16px !important;'>&#57353;<\/span> <a href=\"mailto:rtg@zd-piran.si\">rtg@zd-piran.si<\/a><\/div>\n<div class=\"wpv-grid grid-1-2  wpv-first-level unextended\" style=\"padding-top:0px;padding-bottom:0px\" id=\"wpv-column-12b870f6a45e9c812b032bacb0478587\" ><table class=\"paleBlueRows\">\n<thead>\n<tr>\n<th style=\"text-align: center; background: #ff7919; color: black;\">PON<\/th>\n<th style=\"text-align: center; background: #ff7919; color: black;\">TOR<\/th>\n<th style=\"text-align: center; background: #ff7919; color: black;\">SRE<\/th>\n<th style=\"text-align: center; background: #ff7919; color: black;\">\u010cET<\/th>\n<th style=\"text-align: center; background: #ff7919; color: black;\">PET<\/th>\n<th style=\"text-align: center; background: #ff7919; color: black;\">SOB<\/th>\n<th style=\"text-align: center; background: #ff7919; color: black;\">NED<\/th>\n<\/tr>\n<\/thead>\n<tbody>\n<tr>\n<td style=\"text-align: center; background: #f5dac6; color: black;\">15:00<\/td>\n<td style=\"text-align: center; background: #f5dac6; color: black;\">&#8211;<\/td>\n<td style=\"text-align: center; background: #f5dac6; color: black;\">07:30<\/td>\n<td style=\"text-align: center; background: #f5dac6; color: black;\">15:00<\/td>\n<td style=\"text-align: center; background: #f5dac6; color: black;\">07:30<\/td>\n<td style=\"text-align: center; background: #f5dac6; color: black;\">&#8211;<\/td>\n<td style=\"text-align: center; background: #f5dac6; color: black;\">&#8211;<\/td>\n<\/tr>\n<tr>\n<td style=\"text-align: center; background: #f5dac6; color: black;\">17:30<\/td>\n<td style=\"text-align: center; background: #f5dac6; color: black;\">&#8211;<\/td>\n<td style=\"text-align: center; background: #f5dac6; color: black;\">13:30<\/td>\n<td style=\"text-align: center; background: #f5dac6; color: black;\">17:30<\/td>\n<td style=\"text-align: center; background: #f5dac6; color: black;\">13:00<\/td>\n<td style=\"text-align: center; background: #f5dac6; color: black;\">&#8211;<\/td>\n<td style=\"text-align: center; background: #f5dac6; color: black;\">&#8211;<\/td>\n<\/tr>\n<\/tbody>\n<\/table><\/div><\/div>\n<div class=\"wpv-accordion-wrapper wpv-accordion-1\"><style scoped>.wpv-accordion-1 .tab .inner { background-color: #ff7919; color: #000000; }<\/style><ul class=\"wpv-accordion\" data-collapsible=\"true\"><li class=\"pane-wrapper\" style=\"\">\n\t\t\t\t\t<h4 class=\"tab\"><span class=\"inner\">Naro\u010danje<\/span><\/h4>\n\t\t\t\t\t<div class=\"pane\"><div class=\"inner\"><p>Za slikanje zob je naro\u010danje znotraj ordinacijskega \u010dasa obvezno na tel. \u0161t: 05\/ 6207 241, ali osebno.<\/div><\/div>\n\t\t\t\t\t<\/li><li class=\"pane-wrapper\" style=\"\">\n\t\t\t\t\t<h4 class=\"tab\"><span class=\"inner\">Dodatne informacije<\/span><\/h4>\n\t\t\t\t\t<div class=\"pane\"><div class=\"inner\"><\/div><\/div>\n\t\t\t\t\t<\/li><li class=\"pane-wrapper\" style=\"\">\n\t\t\t\t\t<h4 class=\"tab\"><span class=\"inner\">Cenik<\/span><\/h4>\n\t\t\t\t\t<div class=\"pane\"><div class=\"inner\"><div class=\"row \"><div class=\"wpv-grid grid-2-5  first unextended\" style=\"padding-top:0px;padding-bottom:0px\" id=\"wpv-column-d69e7b2a8f59a61ac60ce583d47e2dc8\" ><table style=\"height: 102px;\" width=\"324\" cellspacing=\"2\" cellpadding=\"2\">\n<tbody>\n<tr>\n<td class=\"text6\" style=\"text-align: left;\" align=\"center\" width=\"57\">ortopan<\/td>\n<td class=\"text6\" align=\"center\" width=\"56\">17\u20ac<\/td>\n<\/tr>\n<tr>\n<td class=\"text6\" style=\"text-align: left;\" align=\"center\" width=\"57\">intraoralno slikanje<\/td>\n<td class=\"text6\" align=\"center\" width=\"56\">12\u20ac<\/td>\n<\/tr>\n<tr>\n<td class=\"text6\" style=\"text-align: left;\" align=\"center\" width=\"57\">bite wing<\/td>\n<td class=\"text6\" align=\"center\" width=\"56\">7\u20ac<\/td>\n<\/tr>\n<\/tbody>\n<\/table><\/div><\/div><\/div><\/div>\n\t\t\t\t\t<\/li><\/ul><\/div>\n","protected":false},"excerpt":{"rendered":"<p>Lorna Lovre\u010di\u010d C. solinarjev 1, 6320 Portoro\u017e 05\/ 6207 241 rtg@zd-piran.si PON TOR SRE \u010cET PET SOB NED 15:00 &#8211; 07:30 15:00 07:30 &#8211; &#8211; 17:30 &#8211; 13:30 17:30 13:00 &#8211; &#8211;<\/p>\n","protected":false},"author":1,"featured_media":0,"parent":988312,"menu_order":0,"comment_status":"closed","ping_status":"closed","template":"","meta":{"ngg_post_thumbnail":0,"footnotes":""},"class_list":["post-988362","page","type-page","status-publish"],"_links":{"self":[{"href":"https:\/\/zd-piran.si\/index.php\/wp-json\/wp\/v2\/pages\/988362","targetHints":{"allow":["GET"]}}],"collection":[{"href":"https:\/\/zd-piran.si\/index.php\/wp-json\/wp\/v2\/pages"}],"about":[{"href":"https:\/\/zd-piran.si\/index.php\/wp-json\/wp\/v2\/types\/page"}],"author":[{"embeddable":true,"href":"https:\/\/zd-piran.si\/index.php\/wp-json\/wp\/v2\/users\/1"}],"replies":[{"embeddable":true,"href":"https:\/\/zd-piran.si\/index.php\/wp-json\/wp\/v2\/comments?post=988362"}],"version-history":[{"count":12,"href":"https:\/\/zd-piran.si\/index.php\/wp-json\/wp\/v2\/pages\/988362\/revisions"}],"predecessor-version":[{"id":990822,"href":"https:\/\/zd-piran.si\/index.php\/wp-json\/wp\/v2\/pages\/988362\/revisions\/990822"}],"up":[{"embeddable":true,"href":"https:\/\/zd-piran.si\/index.php\/wp-json\/wp\/v2\/pages\/988312"}],"wp:attachment":[{"href":"https:\/\/zd-piran.si\/index.php\/wp-json\/wp\/v2\/media?parent=988362"}],"curies":[{"name":"wp","href":"https:\/\/api.w.org\/{rel}","templated":true}]}}