{"id":988383,"date":"2021-01-10T18:25:23","date_gmt":"2021-01-10T16:25:23","guid":{"rendered":"http:\/\/zd-piran.si\/index.php\/ambulante-druzinske-medicine\/spolsne_ambulante\/sa05-2\/"},"modified":"2025-01-13T09:31:23","modified_gmt":"2025-01-13T08:31:23","slug":"vucko","status":"publish","type":"page","link":"https:\/\/zd-piran.si\/index.php\/ambulante-druzinske-medicine\/spolsne_ambulante\/vucko\/","title":{"rendered":"Gregor Vu\u010dko, dr.med., spec. spl.med."},"content":{"rendered":"<div class=\"row \"><div class=\"wpv-grid grid-1-2  wpv-first-level first unextended\" style=\"padding-top:0px;padding-bottom:0px\" id=\"wpv-column-080459d2989da2d80cc6add25b01d0e8\" ><p><strong><span class=\"oddelek_zdravnik\">Gregor Vu\u010dko, dr.med., spec. spl.med.<\/span><\/strong><br \/>\nZZ dr. Vu\u010dko, Cesta solinarjev 1, Portoro\u017e<\/p>\n<span class='icon shortcode  ' style='font-size:16px !important;'>&#57490;<\/span> 05 677 99 00<br \/>\n<span class='icon shortcode theme ' style='font-size:16px !important;'>&#57353;<\/span> narocanje@zavod-vucko.si<br \/>\n<span class='icon shortcode  ' style='font-size:16px !important;'>&#57823;<\/span> <a href=\"http:\/\/zavod-vucko.si\/splosna.html\">Spletna stran<\/a><\/div>\n<div class=\"wpv-grid grid-1-2  wpv-first-level unextended\" style=\"padding-top:0px;padding-bottom:0px\" id=\"wpv-column-db9b76a3287b2e4f1ab22314bdaf1116\" ><table class=\"paleBlueRows\">\n<thead>\n<tr>\n<th style=\"text-align: center; background: #F2C74F; color: black;\">PON<\/th>\n<th style=\"text-align: center; background: #F2C74F; color: black;\">TOR<\/th>\n<th style=\"text-align: center; background: #F2C74F; color: black;\">SRE<\/th>\n<th style=\"text-align: center; background: #F2C74F; color: black;\">\u010cET<\/th>\n<th style=\"text-align: center; background: #F2C74F; color: black;\">PET<\/th>\n<th style=\"text-align: center; background: #F2C74F; color: black;\">SOB<\/th>\n<th style=\"text-align: center; background: #F2C74F; color: black;\">NED<\/th>\n<\/tr>\n<\/thead>\n<tbody>\n<tr>\n<td style=\"text-align: center; background: #EFE0B6; color: black;\">13:00<\/td>\n<td style=\"text-align: center; background: #EFE0B6; color: black;\">07:00<\/td>\n<td style=\"text-align: center; background: #EFE0B6; color: black;\">07:00<\/td>\n<td style=\"text-align: center; background: #EFE0B6; color: black;\">07:00<\/td>\n<td style=\"text-align: center; background: #EFE0B6; color: black;\">07:00<\/td>\n<td style=\"text-align: center; background: #EFE0B6; color: black;\">&#8211;<\/td>\n<td style=\"text-align: center; background: #EFE0B6; color: black;\">&#8211;<\/td>\n<\/tr>\n<tr>\n<td style=\"text-align: center; background: #EFE0B6; color: black;\">20:00<\/td>\n<td style=\"text-align: center; background: #EFE0B6; color: black;\">14:00<\/td>\n<td style=\"text-align: center; background: #EFE0B6; color: black;\">14:00<\/td>\n<td style=\"text-align: center; background: #EFE0B6; color: black;\">14:00<\/td>\n<td style=\"text-align: center; background: #EFE0B6; color: black;\">14:00<\/td>\n<td style=\"text-align: center; background: #EFE0B6; color: black;\">&#8211;<\/td>\n<td style=\"text-align: center; background: #EFE0B6; color: black;\">&#8211;<\/td>\n<\/tr>\n<\/tbody>\n<\/table>\n<p>PETEK: 1x mese\u010dno popoldne od 13:30 do 20:00.<\/div><\/div>\n<div class=\"row \"><div class=\"wpv-grid grid-1-1  wpv-first-level first unextended animation-fade-in animated-active\" style=\"padding-top:0px;padding-bottom:0px\" id=\"wpv-column-e47f4cf2ea4bc4b36f5f032c1d6607f1\" ><div class=\"wpv-accordion-wrapper wpv-accordion-1\"><style scoped>.wpv-accordion-1 .tab .inner { background-color: #F2C74F; color: #000000; }<\/style><ul class=\"wpv-accordion\" data-collapsible=\"true\"><li class=\"pane-wrapper\" style=\"\">\n\t\t\t\t\t<h4 class=\"tab\"><span class=\"inner\">Naro\u010danje<\/span><\/h4>\n\t\t\t\t\t<div class=\"pane\"><div class=\"inner\"><div class=\"row \"><div class=\"wpv-grid grid-3-5  first unextended\" style=\"padding-top:0px;padding-bottom:0px\" id=\"wpv-column-8d6955dc22ab53cbef6bfd1c764fae97\" ><p>Naro\u010dite se lahko po telefonu ali osebno v ordinacijskem \u010dasu ambulante, pisno po po\u0161ti, ter spletno naro\u010danje preko portala <a href=\"https:\/\/prizdravniku.si\/#\/ambulanta\/25320\">https:\/\/prizdravniku.si\/#\/ambulanta\/25320<\/a><\/div><\/div><\/div><\/div>\n\t\t\t\t\t<\/li><li class=\"pane-wrapper\" style=\"\">\n\t\t\t\t\t<h4 class=\"tab\"><span class=\"inner\">Ostale informacije<\/span><\/h4>\n\t\t\t\t\t<div class=\"pane\"><div class=\"inner\"><p>Ambulanta dosega 2.661,92 glavarinskih koli\u010dnikov, \u00a0zato ne sprejema\/opredeljuje novih pacientov.<\/p>\n<p>V \u010dasu letnih dopustov in odsotnosti jih nadome\u0161\u010da ambulanta Jasna Primo\u017ei\u010d, dr.med.spec.dru\u017e.med (Zdravstvena postaja Se\u010dovlje) in Karmen Lakovi\u010d Bossman (Center starej\u0161ih ob\u010danov Lucija).<\/div><\/div>\n\t\t\t\t\t<\/li><\/ul><\/div><\/div><\/div>\n","protected":false},"excerpt":{"rendered":"<p>Gregor Vu\u010dko, dr.med., spec. spl.med. ZZ dr. Vu\u010dko, Cesta solinarjev 1, Portoro\u017e 05 677 99 00 narocanje@zavod-vucko.si Spletna stran PON TOR SRE \u010cET PET SOB NED 13:00 07:00 07:00 07:00 07:00 &#8211; &#8211; 20:00 14:00 14:00 14:00 14:00 &#8211; &#8211; PETEK: 1x mese\u010dno popoldne od 13:30 do 20:00.<\/p>\n","protected":false},"author":1,"featured_media":0,"parent":987987,"menu_order":0,"comment_status":"closed","ping_status":"closed","template":"","meta":{"ngg_post_thumbnail":0,"footnotes":""},"class_list":["post-988383","page","type-page","status-publish"],"_links":{"self":[{"href":"https:\/\/zd-piran.si\/index.php\/wp-json\/wp\/v2\/pages\/988383","targetHints":{"allow":["GET"]}}],"collection":[{"href":"https:\/\/zd-piran.si\/index.php\/wp-json\/wp\/v2\/pages"}],"about":[{"href":"https:\/\/zd-piran.si\/index.php\/wp-json\/wp\/v2\/types\/page"}],"author":[{"embeddable":true,"href":"https:\/\/zd-piran.si\/index.php\/wp-json\/wp\/v2\/users\/1"}],"replies":[{"embeddable":true,"href":"https:\/\/zd-piran.si\/index.php\/wp-json\/wp\/v2\/comments?post=988383"}],"version-history":[{"count":11,"href":"https:\/\/zd-piran.si\/index.php\/wp-json\/wp\/v2\/pages\/988383\/revisions"}],"predecessor-version":[{"id":990412,"href":"https:\/\/zd-piran.si\/index.php\/wp-json\/wp\/v2\/pages\/988383\/revisions\/990412"}],"up":[{"embeddable":true,"href":"https:\/\/zd-piran.si\/index.php\/wp-json\/wp\/v2\/pages\/987987"}],"wp:attachment":[{"href":"https:\/\/zd-piran.si\/index.php\/wp-json\/wp\/v2\/media?parent=988383"}],"curies":[{"name":"wp","href":"https:\/\/api.w.org\/{rel}","templated":true}]}}