{"id":988388,"date":"2021-01-10T18:25:23","date_gmt":"2021-01-10T16:25:23","guid":{"rendered":"http:\/\/zd-piran.si\/index.php\/ambulante-druzinske-medicine\/spolsne_ambulante\/vucko-2\/"},"modified":"2024-10-02T10:39:42","modified_gmt":"2024-10-02T08:39:42","slug":"lakovicbossman","status":"publish","type":"page","link":"https:\/\/zd-piran.si\/index.php\/ambulante-druzinske-medicine\/spolsne_ambulante\/lakovicbossman\/","title":{"rendered":"Karmen Lakovi\u0107 Bossman, dr.med., spec. spl.med."},"content":{"rendered":"<div class=\"row \"><div class=\"wpv-grid grid-1-2  wpv-first-level first unextended\" style=\"padding-top:0px;padding-bottom:0px\" id=\"wpv-column-2a1e16b8993926545db06569003bb263\" ><p><strong><span class=\"oddelek_zdravnik\">Karmen Lakovi\u0107 Bossman, dr.med., spec. spl.med.<\/span><\/strong><br \/>\nCenter za starej\u0161e ob\u010dane Lucija CSOL<br \/>\nSe\u010da 197\/b, 6320 Portoro\u017e<\/p>\n<span class='icon shortcode  ' style='font-size:16px !important;'>&#57490;<\/span> 082 003 022<br \/>\n<span class='icon shortcode theme ' style='font-size:16px !important;'>&#57353;<\/span> karmen.lakovic@gmail.com<\/div>\n<div class=\"wpv-grid grid-1-2  wpv-first-level unextended\" style=\"padding-top:0px;padding-bottom:0px\" id=\"wpv-column-4eee6988f6d4143ef743eafa5bed1a65\" ><p>Domska ambulanta:<\/p>\n<table class=\"paleBlueRows\">\n<thead>\n<tr>\n<th style=\"text-align: center; background: #F2C74F; color: black;\">PON<\/th>\n<th style=\"text-align: center; background: #F2C74F; color: black;\">TOR<\/th>\n<th style=\"text-align: center; background: #F2C74F; color: black;\">SRE<\/th>\n<th style=\"text-align: center; background: #F2C74F; color: black;\">\u010cET<\/th>\n<th style=\"text-align: center; background: #F2C74F; color: black;\">PET<\/th>\n<th style=\"text-align: center; background: #F2C74F; color: black;\">SOB<\/th>\n<th style=\"text-align: center; background: #F2C74F; color: black;\">NED<\/th>\n<\/tr>\n<\/thead>\n<tbody>\n<tr>\n<td style=\"text-align: center; background: #EFE0B6; color: black;\">07:00<\/td>\n<td style=\"text-align: center; background: #EFE0B6; color: black;\">07:00<\/td>\n<td style=\"text-align: center; background: #EFE0B6; color: black;\">13:00<\/td>\n<td style=\"text-align: center; background: #EFE0B6; color: black;\">07:00<\/td>\n<td style=\"text-align: center; background: #EFE0B6; color: black;\">07:00<\/td>\n<td style=\"text-align: center; background: #EFE0B6; color: black;\">&#8211;<\/td>\n<td style=\"text-align: center; background: #EFE0B6; color: black;\">&#8211;<\/td>\n<\/tr>\n<tr>\n<td style=\"text-align: center; background: #EFE0B6; color: black;\">11:00<\/td>\n<td style=\"text-align: center; background: #EFE0B6; color: black;\">11:00<\/td>\n<td style=\"text-align: center; background: #EFE0B6; color: black;\">16:00<\/td>\n<td style=\"text-align: center; background: #EFE0B6; color: black;\">11:00<\/td>\n<td style=\"text-align: center; background: #EFE0B6; color: black;\">11:00<\/td>\n<td style=\"text-align: center; background: #EFE0B6; color: black;\">&#8211;<\/td>\n<td style=\"text-align: center; background: #EFE0B6; color: black;\">&#8211;<\/td>\n<\/tr>\n<\/tbody>\n<\/table>\n<p>Splo\u0161na ambulanta:<\/p>\n<table class=\"paleBlueRows\">\n<thead>\n<tr>\n<th style=\"text-align: center; background: #F2C74F; color: black;\">PON<\/th>\n<th style=\"text-align: center; background: #F2C74F; color: black;\">TOR<\/th>\n<th style=\"text-align: center; background: #F2C74F; color: black;\">SRE<\/th>\n<th style=\"text-align: center; background: #F2C74F; color: black;\">\u010cET<\/th>\n<th style=\"text-align: center; background: #F2C74F; color: black;\">PET<\/th>\n<th style=\"text-align: center; background: #F2C74F; color: black;\">SOB<\/th>\n<th style=\"text-align: center; background: #F2C74F; color: black;\">NED<\/th>\n<\/tr>\n<\/thead>\n<tbody>\n<tr>\n<td style=\"text-align: center; background: #EFE0B6; color: black;\">11:00<\/td>\n<td style=\"text-align: center; background: #EFE0B6; color: black;\">11:00<\/td>\n<td style=\"text-align: center; background: #EFE0B6; color: black;\">16:00<\/td>\n<td style=\"text-align: center; background: #EFE0B6; color: black;\">11:00<\/td>\n<td style=\"text-align: center; background: #EFE0B6; color: black;\">11:00<\/td>\n<td style=\"text-align: center; background: #EFE0B6; color: black;\">&#8211;<\/td>\n<td style=\"text-align: center; background: #EFE0B6; color: black;\">&#8211;<\/td>\n<\/tr>\n<tr>\n<td style=\"text-align: center; background: #EFE0B6; color: black;\">14:00<\/td>\n<td style=\"text-align: center; background: #EFE0B6; color: black;\">14:00<\/td>\n<td style=\"text-align: center; background: #EFE0B6; color: black;\">20:00<\/td>\n<td style=\"text-align: center; background: #EFE0B6; color: black;\">14:00<\/td>\n<td style=\"text-align: center; background: #EFE0B6; color: black;\">14:00<\/td>\n<td style=\"text-align: center; background: #EFE0B6; color: black;\">&#8211;<\/td>\n<td style=\"text-align: center; background: #EFE0B6; color: black;\">&#8211;<\/td>\n<\/tr>\n<\/tbody>\n<\/table><\/div><\/div>\n<div class=\"row \"><div class=\"wpv-grid grid-1-1  wpv-first-level first unextended animation-fade-in animated-active\" style=\"padding-top:0px;padding-bottom:0px\" id=\"wpv-column-9484d0cf8db700e6a44ad83b5e90913b\" ><div class=\"wpv-accordion-wrapper wpv-accordion-1\"><style scoped>.wpv-accordion-1 .tab .inner { background-color: #F2C74F; color: #000000; }<\/style><ul class=\"wpv-accordion\" data-collapsible=\"true\"><li class=\"pane-wrapper\" style=\"\">\n\t\t\t\t\t<h4 class=\"tab\"><span class=\"inner\">Ostale informacije<\/span><\/h4>\n\t\t\t\t\t<div class=\"pane\"><div class=\"inner\"><p>Ambulanta dosega 2.411,74 glavarinskih koli\u010dnikov, &nbsp;zato ne sprejema\/opredeljuje novih pacientov.<\/p>\n<p>V \u010dasu letnih dopustov in odsotnosti jih nadome\u0161\u010da ambulanta Gregor Vu\u010dko, dr.med. spec.<br \/><\/div><\/div>\n\t\t\t\t\t<\/li><\/ul><\/div><\/div><\/div>\n","protected":false},"excerpt":{"rendered":"<p>Karmen Lakovi\u0107 Bossman, dr.med., spec. spl.med. Center za starej\u0161e ob\u010dane Lucija CSOL Se\u010da 197\/b, 6320 Portoro\u017e 082 003 022 karmen.lakovic@gmail.com Domska ambulanta: PON TOR SRE \u010cET PET SOB NED 07:00 07:00 13:00 07:00 07:00 &#8211; &#8211; 11:00 11:00 16:00 11:00 11:00 &#8211; &#8211; Splo\u0161na ambulanta: PON TOR SRE \u010cET PET SOB NED 11:00 11:00 16:00&#8230;<\/p>\n","protected":false},"author":1,"featured_media":0,"parent":987987,"menu_order":0,"comment_status":"closed","ping_status":"closed","template":"","meta":{"ngg_post_thumbnail":0,"footnotes":""},"class_list":["post-988388","page","type-page","status-publish"],"_links":{"self":[{"href":"https:\/\/zd-piran.si\/index.php\/wp-json\/wp\/v2\/pages\/988388","targetHints":{"allow":["GET"]}}],"collection":[{"href":"https:\/\/zd-piran.si\/index.php\/wp-json\/wp\/v2\/pages"}],"about":[{"href":"https:\/\/zd-piran.si\/index.php\/wp-json\/wp\/v2\/types\/page"}],"author":[{"embeddable":true,"href":"https:\/\/zd-piran.si\/index.php\/wp-json\/wp\/v2\/users\/1"}],"replies":[{"embeddable":true,"href":"https:\/\/zd-piran.si\/index.php\/wp-json\/wp\/v2\/comments?post=988388"}],"version-history":[{"count":7,"href":"https:\/\/zd-piran.si\/index.php\/wp-json\/wp\/v2\/pages\/988388\/revisions"}],"predecessor-version":[{"id":990213,"href":"https:\/\/zd-piran.si\/index.php\/wp-json\/wp\/v2\/pages\/988388\/revisions\/990213"}],"up":[{"embeddable":true,"href":"https:\/\/zd-piran.si\/index.php\/wp-json\/wp\/v2\/pages\/987987"}],"wp:attachment":[{"href":"https:\/\/zd-piran.si\/index.php\/wp-json\/wp\/v2\/media?parent=988388"}],"curies":[{"name":"wp","href":"https:\/\/api.w.org\/{rel}","templated":true}]}}