{"id":988409,"date":"2021-01-10T18:25:23","date_gmt":"2021-01-10T16:25:23","guid":{"rendered":"http:\/\/zd-piran.si\/index.php\/pediatrija\/ambzdpiran-2\/"},"modified":"2025-07-16T10:17:37","modified_gmt":"2025-07-16T09:17:37","slug":"rostan","status":"publish","type":"page","link":"https:\/\/zd-piran.si\/index.php\/pediatrija\/rostan\/","title":{"rendered":"Pediatri\u010dna ambulanta 2"},"content":{"rendered":"<p>Obve\u0161\u010damo vas, da ambulanta pediatrije 2 ne deluje ve\u010d. Pacienti kateri ste za svojega osebnega pediatra izbrali dr. Vesno Lazar Daneu ali dr. Trupac Sara\u017ein vabimo, da stopite v stik z njihovo ambulanto.<\/p>\n<p><strong>Povezava do kontaktov ambulant:<\/strong><br \/>\n&#8211; Amb. Vesna Lazar Daneu <a href=\"https:\/\/zd-piran.si\/index.php\/pediatrija\/lazardaneu\/\">https:\/\/zd-piran.si\/index.php\/pediatrija\/lazardaneu\/<\/a><br \/>\n&#8211; Amb. Paola Trupac Sara\u017ein <a href=\"https:\/\/zd-piran.si\/index.php\/pediatrija\/trupac\/\">https:\/\/zd-piran.si\/index.php\/pediatrija\/trupac\/<\/a><\/p>\n<p>Pacienti kateri nimajo izbranega osebnega pediatra pa si lahko izbiro uredijo pri<br \/>\n&#8211; Julija Henihgman, ZD Izola <a href=\"https:\/\/www.zd-izola.si\/ambulante-in-sluzbe\/ostroski-solski\/marisa-visnjevec-tuljak\">https:\/\/www.zd-izola.si\/ambulante-in-sluzbe\/ostroski-solski\/marisa-visnjevec-tuljak<\/a><\/p>\n<p>Hvala za razumevanje<\/p>\n","protected":false},"excerpt":{"rendered":"<p>Obve\u0161\u010damo vas, da ambulanta pediatrije 2 ne deluje ve\u010d. Pacienti kateri ste za svojega osebnega pediatra izbrali dr. Vesno Lazar Daneu ali dr. Trupac Sara\u017ein vabimo, da stopite v stik z njihovo ambulanto. Povezava do kontaktov ambulant: &#8211; Amb. Vesna Lazar Daneu https:\/\/zd-piran.si\/index.php\/pediatrija\/lazardaneu\/ &#8211; Amb. Paola Trupac Sara\u017ein https:\/\/zd-piran.si\/index.php\/pediatrija\/trupac\/ Pacienti kateri nimajo izbranega osebnega pediatra&#8230;<\/p>\n","protected":false},"author":1,"featured_media":0,"parent":988371,"menu_order":0,"comment_status":"closed","ping_status":"closed","template":"","meta":{"ngg_post_thumbnail":0,"footnotes":""},"class_list":["post-988409","page","type-page","status-publish"],"_links":{"self":[{"href":"https:\/\/zd-piran.si\/index.php\/wp-json\/wp\/v2\/pages\/988409","targetHints":{"allow":["GET"]}}],"collection":[{"href":"https:\/\/zd-piran.si\/index.php\/wp-json\/wp\/v2\/pages"}],"about":[{"href":"https:\/\/zd-piran.si\/index.php\/wp-json\/wp\/v2\/types\/page"}],"author":[{"embeddable":true,"href":"https:\/\/zd-piran.si\/index.php\/wp-json\/wp\/v2\/users\/1"}],"replies":[{"embeddable":true,"href":"https:\/\/zd-piran.si\/index.php\/wp-json\/wp\/v2\/comments?post=988409"}],"version-history":[{"count":14,"href":"https:\/\/zd-piran.si\/index.php\/wp-json\/wp\/v2\/pages\/988409\/revisions"}],"predecessor-version":[{"id":990635,"href":"https:\/\/zd-piran.si\/index.php\/wp-json\/wp\/v2\/pages\/988409\/revisions\/990635"}],"up":[{"embeddable":true,"href":"https:\/\/zd-piran.si\/index.php\/wp-json\/wp\/v2\/pages\/988371"}],"wp:attachment":[{"href":"https:\/\/zd-piran.si\/index.php\/wp-json\/wp\/v2\/media?parent=988409"}],"curies":[{"name":"wp","href":"https:\/\/api.w.org\/{rel}","templated":true}]}}