{"id":988448,"date":"2021-01-10T18:25:23","date_gmt":"2021-01-10T16:25:23","guid":{"rendered":"http:\/\/zd-piran.si\/index.php\/specambulante\/internisticna-2\/"},"modified":"2026-04-14T10:13:59","modified_gmt":"2026-04-14T09:13:59","slug":"laboratorij","status":"publish","type":"page","link":"https:\/\/zd-piran.si\/index.php\/laboratorij\/","title":{"rendered":"Laboratorij"},"content":{"rendered":"<div class=\"row \"><div class=\"wpv-grid grid-1-2  wpv-first-level first unextended\" style=\"padding-top:0px;padding-bottom:0px\" id=\"wpv-column-496af8a26593be27b86aa6083f76766b\" ><p><strong>DIAGNOSTI\u010cNI LABORATORIJ ZD PIRAN<br \/>\n<\/strong>Cesta solinarjev 1, 6320 Portoro\u017e<br \/>\n<span class='icon shortcode  ' style='font-size:16px !important;'>&#57490;<\/span> 05\/6207 239<br \/>\n<span class='icon shortcode theme ' style='font-size:16px !important;'>&#57353;<\/span> <a href=\"mailto:lab@zd-piran.si\">lab@zd-piran.si<\/a><\/p>\n<p><strong>VODJA LABORATORIJA:\u00a0Klara Mau\u010dec, spec. med. biokem.<br \/>\n<\/strong><span class='icon shortcode  ' style='font-size:16px !important;'>&#57490;<\/span> 05\/6207 224<br \/>\n<span class='icon shortcode theme ' style='font-size:16px !important;'>&#57353;<\/span> <a href=\"mailto:klara.maucec@zd-piran.si\">klara.maucec@zd-piran.si<\/a><\/p>\n<p><strong>LABORATORIJSKO OSEBJE:<\/strong><\/p>\n<p><strong>Analitik laboratorijske medicine s posebnimi znanji<br \/>\n<\/strong>Mia Prosenica, mag. biol.<\/p>\n<p><strong>In\u017eenir laboratorijske medicine s posebnimi znanji<br \/>\n<\/strong>Ajda Petaver, dipl. biol.\u00a0\u00a0\u00a0\u00a0\u00a0 \u00a0\u00a0\u00a0\u00a0<\/p>\n<p><strong>Diplomirana medicinska sestra<br \/>\n<\/strong>Andreja Lovre\u010di\u010d, dipl.med.sestra<\/div>\n<div class=\"wpv-grid grid-1-2  wpv-first-level unextended\" style=\"padding-top:0px;padding-bottom:0px\" id=\"wpv-column-b60e9e0a6eb0b3c46a03859d05bab8d8\" ><p><b>DELOVNI \u010cAS LABORATORIJA<\/b><\/p>\n<table class=\"paleBlueRows\">\n<thead>\n<tr>\n<th style=\"text-align: center; background: #a8bc59; color: white;\">PON<\/th>\n<th style=\"text-align: center; background: #a8bc59; color: white;\">TOR<\/th>\n<th style=\"text-align: center; background: #a8bc59; color: white;\">SRE<\/th>\n<th style=\"text-align: center; background: #a8bc59; color: white;\">\u010cET<\/th>\n<th style=\"text-align: center; background: #a8bc59; color: white;\">PET<\/th>\n<th style=\"text-align: center; background: #a8bc59; color: white;\">SOB<\/th>\n<th style=\"text-align: center; background: #a8bc59; color: white;\">NED<\/th>\n<\/tr>\n<\/thead>\n<tbody>\n<tr>\n<td style=\"text-align: center; background: #c9cfb4; color: black;\">06:30<\/td>\n<td style=\"text-align: center; background: #c9cfb4; color: black;\">06:30<\/td>\n<td style=\"text-align: center; background: #c9cfb4; color: black;\">06:30<\/td>\n<td style=\"text-align: center; background: #c9cfb4; color: black;\">06:30<\/td>\n<td style=\"text-align: center; background: #c9cfb4; color: black;\">06:30<\/td>\n<td style=\"text-align: center; background: #c9cfb4; color: black;\">&#8211;<\/td>\n<td style=\"text-align: center; background: #c9cfb4; color: black;\">&#8211;<\/td>\n<\/tr>\n<tr>\n<td style=\"text-align: center; background: #c9cfb4; color: black;\">14:30<\/td>\n<td style=\"text-align: center; background: #c9cfb4; color: black;\">14:30<\/td>\n<td style=\"text-align: center; background: #c9cfb4; color: black;\">14:30<\/td>\n<td style=\"text-align: center; background: #c9cfb4; color: black;\">14:30<\/td>\n<td style=\"text-align: center; background: #c9cfb4; color: black;\">14:30<\/td>\n<td style=\"text-align: center; background: #c9cfb4; color: black;\">&#8211;<\/td>\n<td style=\"text-align: center; background: #c9cfb4; color: black;\">&#8211;<\/td>\n<\/tr>\n<\/tbody>\n<\/table>\n<p>Za splo\u0161ne informacije smo Vam po telefonu na voljo vsak delovnik med 10:30 in 14:00<\/p>\n<p><strong>URNIK SPREJEMA IN ODVZEMA BIOLO\u0160KIH VZORCEV (PON\u2013PET)<\/strong><\/p>\n<ul>\n<li>Redni odvzem:\u00a07:00 \u2013 9:30<\/li>\n<li>Nujni odvzem:\u00a07:00 \u2013 13:00<\/li>\n<li>Odmor: 10:00 \u2013 10:30<\/li>\n<\/ul>\n<p><strong>\u26a0\ufe0f POMEMBNO OBVESTILO! <\/strong>Odvzem biolo\u0161kega materiala za zunanje laboratorije\u00a0 (vezano na reden transport biolo\u0161kih vzorcev v Ljubljano). Vsak delovni torek in petek od 7:00 do 7:30<\/p>\n<p><strong>IZDAJA IZVIDOV NA INFO PULTU<br \/>\n<\/strong>PON-PET 14:00 \u2013 18:00<\/div><\/div>\n<div class=\"row \"><div class=\"wpv-grid grid-1-1  wpv-first-level first unextended animation-fade-in animated-active\" style=\"padding-top:0px;padding-bottom:0px\" id=\"wpv-column-9871778ae695778a1776ed6b050b7231\" ><div class=\"wpv-accordion-wrapper wpv-accordion-1\"><style scoped>.wpv-accordion-1 .tab .inner { background-color: #c9cfb4; color: #000000; }<\/style><ul class=\"wpv-accordion\" data-collapsible=\"true\"><li class=\"pane-wrapper\" style=\"\">\n\t\t\t\t\t<h4 class=\"tab\"><span class=\"inner\">Obvestila<\/span><\/h4>\n\t\t\t\t\t<div class=\"pane\"><div class=\"inner\"><p>\u26a0\ufe0f POMEMBNO OBVESTILO!<br \/>\n<strong>Rezervacija termina<\/strong> za obravnavo v laboratoriju <strong>JE OBVEZNA<\/strong>! Povezavo za naro\u010danje najdete <a href=\"https:\/\/zd-piran.si\/index.php\/laboratorij-narocanje\/\"><strong>TUKAJ<\/strong><\/a>.<br \/>\nSamopla\u010dni\u0161kih storitev do nadaljnjega NE izvajamo. Hvala za razumevanje!<\/div><\/div>\n\t\t\t\t\t<\/li><li class=\"pane-wrapper\" style=\"\">\n\t\t\t\t\t<h4 class=\"tab\"><span class=\"inner\">Rezervacija termina za laboratorij<\/span><\/h4>\n\t\t\t\t\t<div class=\"pane\"><div class=\"inner\"><p>Za obravnavo v laboratoriju je obvezna predhodna rezervacija termina.<\/p>\n<p><strong>Pacienti ZD Piran <\/strong><em>(splo\u0161ne ali specialisti\u010dne ambulante)<\/em><\/p>\n<ul>\n<li>Termin za vas&nbsp;<strong>rezervira medicinsko osebje<\/strong>&nbsp;v ambulanti ob napotitvi v laboratorij.<\/li>\n<li><strong>Spletnega naro\u010danja ne uporabljajte!<\/strong><\/li>\n<\/ul>\n<p><strong>Pacienti zunanjih naro\u010dnikov <\/strong><em>(drugi zavod, zasebni zdravnik ali zdravnik s koncesijo ZZZS)<\/em><\/p>\n<p><strong>Imate&nbsp;dve mo\u017enosti:<\/strong><\/p>\n<ol>\n<li><strong>Rezervacija v ambulanti<\/strong>&nbsp;\u2013 medicinsko osebje vam ob napotitvi rezervira termin.<br \/>\nPrejmete&nbsp;<strong>potrditveni SMS<\/strong>&nbsp;na mobilni telefon.<\/li>\n<li><strong>Samostojna rezervacija preko spleta<\/strong>&nbsp;\u2013 \u010de vam v ambulanti&nbsp;<strong>niso rezervirali termina<\/strong>&nbsp;(npr. niste prejeli SMS-a), se naro\u010dite sami preko spodnje povezave.<\/li>\n<\/ol>\n<p><strong>Povezava za samostojno naro\u010danje v laboratorij ZD Piran:&nbsp; <\/strong><strong><a href=\"https:\/\/zd-piran.si\/index.php\/laboratorij-narocanje\/\">TUKAJ<\/a>!<\/strong><\/p>\n<p><strong>Opomba za samopla\u010dnike<\/strong><\/p>\n<p><em>Trenutno samopla\u010dni\u0161kih storitev&nbsp;ne izvajamo, zato se preko spleta ne morete naro\u010diti.<br \/>\nKo storitve ponovno za\u010dnemo opravljati, bomo objavili obvestilo.<\/em><br \/><\/div><\/div>\n\t\t\t\t\t<\/li><li class=\"pane-wrapper\" style=\"\">\n\t\t\t\t\t<h4 class=\"tab\"><span class=\"inner\">Dodatne informacije<\/span><\/h4>\n\t\t\t\t\t<div class=\"pane\"><div class=\"inner\"><p><a href=\"http:\/\/zd-piran.si\/wp-content\/uploads\/2024\/04\/Izdaja-izvidov.pdf\">Izdaja izvidov<\/a><\/p>\n<p><strong>O laboratoriju<\/strong><\/p>\n<p>Diagnosti\u010dni laboratorij ZD Piran je samostojna zdravstvena slu\u017eba v okviru Zdravstvenega doma Piran.<\/p>\n<p>Osnovna dejavnost:\u00a0izvajanje preiskav s podro\u010dja splo\u0161ne biokemije, imunokemije, hematologije, koagulacije v krvi, serumu, plazmi, urinu in blatu.<\/p>\n<p>Storitve izvajamo za:<\/p>\n<ul>\n<li>Zdravstveni dom Piran,<\/li>\n<li>zunanje naro\u010dnike,<\/li>\n<li>samopla\u010dnike.<\/li>\n<\/ul>\n<p><strong>Dovoljenje za delo<\/strong><\/p>\n<p>Ministrstvo za zdravje RS nam je\u00a022. 5. 2024\u00a0izdalo dovoljenje za delo za naslednjih 5 let (\u0161t. 1610-19\/2023-2711-12)\u00a0 na podlagi 26. \u010dlena Zakona o zdravstveni dejavnosti (Ur. l. RS \u0161t23\/05) in 4. \u010dlena Pravilnika o pogojih, ki jih morajo izpolnjevati laboratoriji za izvajanje preiskav na podro\u010dju laboratorijske medicine (Ur. l. RS \u0161t. 64\/2004)<\/p>\n<p><strong>Obseg preiskav<\/strong><\/p>\n<p>Opravljamo\u00a0ve\u010d kot 70 raznovrstnih preiskav, skupno\u00a0ve\u010d kot 200.000 letno.<\/p>\n<p><strong>Metode<\/strong><\/p>\n<p>Uporabljamo le preizku\u0161ene in standardizirane metode:<\/p>\n<ul>\n<li>mednarodnega zdru\u017eenja IFCC,<\/li>\n<li>priporo\u010dila Slovenskega zdru\u017eenja za klini\u010dno kemijo (SZKK),<\/li>\n<li>priporo\u010dila Republi\u0161kega strokovnega kolegija za laboratorijsko diagnostiko (RSK).<\/li>\n<\/ul>\n<p><strong>Zagotavljanje kakovosti rezultatov<\/strong><\/p>\n<p>Skrb za kakovost rezultatov je na\u0161a prednostna naloga.<\/p>\n<p><strong>Notranja kontrola:\u00a0<\/strong>vsakodnevno z neodvisnim materialom Bio\u2011Rad. Spremljamo natan\u010dnost in statisti\u010dne parametre. Ob vsakem odstopanju takoj ustavimo analize, poi\u0161\u010demo in odpravimo vzrok, ponovimo kontrolo \u2013 \u0161ele nato analiziramo paciente.<\/p>\n<p><strong>Zunanja kontrola:\u00a0<\/strong>sodelujemo v republi\u0161ki kontroli SNEQAS ter mednarodnih kontrolah RIQAS in EQAS. Rezultate primerjamo z laboratoriji z enako metodo (peer skupina). Tako odkrivamo sistematske napake in uvajamo korektivne ukrepe (umerjanje, servis, usposabljanje).<\/p>\n<p>Kombinacija notranjih in zunanjih kontrol zagotavlja\u00a0harmonizacijo, sledljivost in zanesljivost\u00a0vsakega izvida.<\/p>\n<p><strong>Naro\u010danje laboratorijskih preiskav<\/strong><\/p>\n<p>Naro\u010danje poteka na dva na\u010dina:<\/p>\n<ul>\n<li>ra\u010dunalni\u0161ko\u00a0preko sistema ISOZ21 (interno za ZD Piran),<\/li>\n<li>z Naro\u010dilnico laboratorijskih preiskav (za zunanje naro\u010dnike in samopla\u010dnike) \u2013 NARO\u010cILNICA.<\/li>\n<\/ul>\n<p><strong>Rezervacija termina za odvzem<\/strong><\/p>\n<p>Predhodno naro\u010danje za odvzem venske krvi in oddajo biolo\u0161kega materiala je obvezno!<br \/>\nVe\u010d o naro\u010danju in rezervaciji termina preberite v zavihku <strong>Rezervacija termina za laboratorij<\/strong>.<\/p>\n<p><strong>Postopek v \u010dakalnici:<\/strong><\/p>\n<ol>\n<li>Ko stopite v \u010dakalnico, vas ob glavnem vhodu na levi strani \u010daka\u00a0vrstomat.<\/li>\n<li>V vrstomat vstavite\u00a0zdravstveno kartico ZZZS, se registrirate in dobite\u00a0listek s \u0161tevilko.<\/li>\n<li>V \u010dakalnici se usedite in po\u010dakate na\u00a0poziv va\u0161e \u0161tevilke.<\/li>\n<\/ol>\n<p><strong>\u26a0\ufe0f\u00a0Pomembno<\/strong>:\u00a0Prosim, nikakor ne menjajte \u0161tevilk med seboj, saj so va\u0161a laboratorijska naro\u010dila vezana prav na \u0161tevilko, ki jo izda vrstomat!<\/p>\n<p><strong>Prednost pri pozivanju v laboratorij:<\/strong><\/p>\n<p>V laboratorij kli\u010demo po\u00a0zaporednih \u0161tevilkah, vendar prosimo za razumevanje, da imajo\u00a0prednost:<\/p>\n<ul>\n<li>nujni pacienti,<\/li>\n<li>otroci,<\/li>\n<li>imunsko oslabljeni kroni\u010dni pacienti,<\/li>\n<li>nose\u010dnice.<\/li>\n<\/ul>\n<p>Zaradi tega lahko ura naro\u010danja nekoliko odstopa od ure obravnave v laboratoriju!<\/p>\n<p><strong>Posebne skupine pacientov<\/strong>:<\/p>\n<ul>\n<li>Diabeti\u010dne paciente\u00a0kli\u010demo posebej, saj imajo\u00a0lo\u010deno \u010dakalno vrsto\u00a0in lo\u010den odvzem krvi.<\/li>\n<li>Pacienti, ki imajo naro\u010den\u00a0obremenitveni test na glukozo (OGTT), se registrirajo na vrstomatu in se zglasijo v laboratoriju ob\u00a07:00 uri. Dodatna navodila o sami izvedbi preiskave OGTT preberite <a href=\"http:\/\/zd-piran.si\/wp-content\/uploads\/2024\/10\/Navodila-pacientom-za-izvedbo-OGTT.pdf\">TUKAJ\u00a0<\/a><\/li>\n<\/ul>\n<p><strong>Venski odvzem krvi<\/strong><\/p>\n<p>Ko vas identificiramo in natisnemo va\u0161e kode, se prosim pripravite na odvzem krvi (slecite jakno, \u0161al, rokavice) in po\u010dakajte, da vas medicinsko osebje pokli\u010de k odvzemu.<\/p>\n<p>Natan\u010dna navodila, kako ravnati pred in po odvzemu krvi, najdete\u00a0<a href=\"http:\/\/zd-piran.si\/wp-content\/uploads\/2024\/02\/Navodilo-pred-odvzemom-krvi.pdf\">TUKAJ\u00a0<\/a><\/p>\n<p><strong>Oddaja urina in\/ali blata:<\/strong><\/p>\n<p><strong>Pacienti, ki imajo samo\u00a0oddajo urina in\/ali blata, se prav tako morajo\u00a0registrirati na vrstomatu\u00a0in nato stopijo do\u00a0sprejemnega okenca v laboratoriju.<\/strong><\/p>\n<p><strong>IZVIDI <\/strong><\/p>\n<p>Preiskave, ki jih izvajamo v na\u0161em laboratoriju, so v ve\u010dini opravljene \u0161e isti dan.<\/p>\n<p><strong>\u010cAS IZDAJE IZVIDOV:<\/strong><\/p>\n<ul>\n<li><strong>Izvidi za nujne preiskave<\/strong>so izdani v\u00a0<strong>eni uri<\/strong>.<\/li>\n<li><strong>Izvidi za ne nujne preiskave<\/strong>so izdani ob njihovem zaklju\u010dku oz. najkasneje do\u00a0<strong>14:00<\/strong><\/li>\n<li><strong>\u010cas izdaje izvidov preiskav<\/strong>, ki jih opravljajo za nas zunanji laboratoriji,\u00a0<strong>se spreminja<\/strong>.<\/li>\n<\/ul>\n<p>\u010ce potrebujete izvid za nadaljnjo obravnavo pri specialistu in je va\u0161 zdravnik na naro\u010dilnici ozna\u010dil\u00a0<strong>\u00bbIZVID PACIENTU V ROKE\u00ab<\/strong> (tukaj ve\u017ei dokument izdaja izvidov, ki je trenunto pod zavihkom dodatne informacije), \u00a0ga lahko:<\/p>\n<ul>\n<li><strong>Prevzamete osebno<\/strong>na Informacijskem pultu (vsak delovnik 14:00\u201318:00) ali<\/li>\n<li><strong>Prejmete po e-po\u0161ti<\/strong>\u2013 izpolnite obrazec na sprejemnem okencu laboratorija.<\/li>\n<\/ul><\/div><\/div>\n\t\t\t\t\t<\/li><li class=\"pane-wrapper\" style=\"\">\n\t\t\t\t\t<h4 class=\"tab\"><span class=\"inner\">Navodila pacientom<\/span><\/h4>\n\t\t\t\t\t<div class=\"pane\"><div class=\"inner\"><p><a href=\"http:\/\/zd-piran.si\/wp-content\/uploads\/2024\/02\/Navodilo-za-odvzem-perianalnega-brisa.pdf>Navodilo za odvzem perianalnega brisa<\/a><br \/>\n<a href=\">Navodilo za odvzem blata za prebavljivost<\/a><br \/>\n<a href=\"http:\/\/zd-piran.si\/wp-content\/uploads\/2024\/02\/Navodilo-za-odvzem-blata-za-analizo-okultne-krvi.pdf\">Navodilo za odvzem blata za analizo okultne krvi<\/a><br \/>\n<a href=\"http:\/\/zd-piran.si\/wp-content\/uploads\/2024\/02\/Navodilo-za-odvzem-blata-na-parazite.pdf\">Navodilo za odvzem blata na parazite<\/a><br \/>\n<a href=\"http:\/\/zd-piran.si\/wp-content\/uploads\/2024\/02\/Navodilo-pred-odvzemom-krvi.pdf\">Navodilo pred odvzemom krvi<\/a><br \/>\n<a href=\"http:\/\/zd-piran.si\/wp-content\/uploads\/2024\/02\/Navodilo-oddaja-urina-Uricult-zenske.pdf\">Navodilo oddaja urina Uricult- \u017eenske<\/a><br \/>\n<a href=\"http:\/\/zd-piran.si\/wp-content\/uploads\/2024\/02\/Navodilo-oddaja-urina-Uricult-moski.pdf\">Navodilo oddaja urina Uricult- mo\u0161ki<\/a><br \/>\n<a href=\"http:\/\/zd-piran.si\/wp-content\/uploads\/2024\/02\/Navodilo-oddaja-urina-Uricult-otroci.pdf\">Navodilo oddaja urina Uricult &#8211; otroci<\/a><br \/>\n<a href=\"http:\/\/zd-piran.si\/wp-content\/uploads\/2024\/02\/Navodila-za-oddajo-priloznostnega-urina.pdf\">Navodila za oddajo prilo\u017enostnega urina<\/a><br \/>\n<a href=\"http:\/\/zd-piran.si\/wp-content\/uploads\/2024\/10\/Navodila-pacientom-za-izvedbo-OGTT.pdf\">Navodila pacientom za izvedbo OGTT<\/a><br \/>\n<a href=\"http:\/\/zd-piran.si\/wp-content\/uploads\/2024\/02\/Navodila-pacientom-za-odvzem-blata-za-analizo-rotavirusa-in-adenovirusa.pdf.pdf\">Navodila pacientom za odvzem blata za analizo rotavirusa in adenovirusa<\/a><\/div><\/div>\n\t\t\t\t\t<\/li><\/ul><\/div><\/div><\/div>\n","protected":false},"excerpt":{"rendered":"<p>DIAGNOSTI\u010cNI LABORATORIJ ZD PIRAN Cesta solinarjev 1, 6320 Portoro\u017e 05\/6207 239 lab@zd-piran.si VODJA LABORATORIJA:\u00a0Klara Mau\u010dec, spec. med. biokem. 05\/6207 224 klara.maucec@zd-piran.si LABORATORIJSKO OSEBJE: Analitik laboratorijske medicine s posebnimi znanji Mia Prosenica, mag. biol. In\u017eenir laboratorijske medicine s posebnimi znanji Ajda Petaver, dipl. biol.\u00a0\u00a0\u00a0\u00a0\u00a0 \u00a0\u00a0\u00a0\u00a0 Diplomirana medicinska sestra Andreja Lovre\u010di\u010d, dipl.med.sestra DELOVNI \u010cAS LABORATORIJA PON TOR&#8230;<\/p>\n","protected":false},"author":1,"featured_media":0,"parent":0,"menu_order":0,"comment_status":"closed","ping_status":"closed","template":"","meta":{"ngg_post_thumbnail":0,"footnotes":""},"class_list":["post-988448","page","type-page","status-publish"],"_links":{"self":[{"href":"https:\/\/zd-piran.si\/index.php\/wp-json\/wp\/v2\/pages\/988448","targetHints":{"allow":["GET"]}}],"collection":[{"href":"https:\/\/zd-piran.si\/index.php\/wp-json\/wp\/v2\/pages"}],"about":[{"href":"https:\/\/zd-piran.si\/index.php\/wp-json\/wp\/v2\/types\/page"}],"author":[{"embeddable":true,"href":"https:\/\/zd-piran.si\/index.php\/wp-json\/wp\/v2\/users\/1"}],"replies":[{"embeddable":true,"href":"https:\/\/zd-piran.si\/index.php\/wp-json\/wp\/v2\/comments?post=988448"}],"version-history":[{"count":45,"href":"https:\/\/zd-piran.si\/index.php\/wp-json\/wp\/v2\/pages\/988448\/revisions"}],"predecessor-version":[{"id":990935,"href":"https:\/\/zd-piran.si\/index.php\/wp-json\/wp\/v2\/pages\/988448\/revisions\/990935"}],"wp:attachment":[{"href":"https:\/\/zd-piran.si\/index.php\/wp-json\/wp\/v2\/media?parent=988448"}],"curies":[{"name":"wp","href":"https:\/\/api.w.org\/{rel}","templated":true}]}}