{"id":988728,"date":"2021-01-10T18:25:23","date_gmt":"2021-01-10T16:25:23","guid":{"rendered":"https:\/\/zd-piran.si\/index.php\/zobne_ambulante\/samotorcan-2\/"},"modified":"2023-06-30T09:33:30","modified_gmt":"2023-06-30T07:33:30","slug":"gomezelj","status":"publish","type":"page","link":"https:\/\/zd-piran.si\/index.php\/zobne_ambulante\/gomezelj\/","title":{"rendered":"Samopla\u010dni\u0161ka zobozdravstvena ambulanta Luka Gomezelj, dr. dent. med., Msc"},"content":{"rendered":"<div class=\"row \"><div class=\"wpv-grid grid-1-2  wpv-first-level first unextended\" style=\"padding-top:0px;padding-bottom:0px\" id=\"wpv-column-25dbfa42d8280e8fad9d272c67a70595\" ><p><strong>Luka Gomezelj dr. dent. med., MSc Klini\u010dne endodontije<br \/>\nMiranda Gomezelj dipl. m. s.<\/strong><\/p>\n<p>Cesta solinarjev 1, 6320 Portoro\u017e<\/p>\n<span class='icon shortcode  ' style='font-size:16px !important;'>&#57490;<\/span> 051 33 22 99<br \/>\n<span class='icon shortcode theme ' style='font-size:16px !important;'>&#57353;<\/span> <a href=\"mailto:drgomezelj@gmail.com\">drgomezelj@gmail.com<\/a><\/div>\n<div class=\"wpv-grid grid-1-2  wpv-first-level unextended\" style=\"padding-top:0px;padding-bottom:0px\" id=\"wpv-column-8af4f5d0c171301534302a0650f8685e\" ><table class=\"paleBlueRows\">\n<thead>\n<tr>\n<th style=\"text-align: center; background: #ff7919; color: black;\">PON<\/th>\n<th style=\"text-align: center; background: #ff7919; color: black;\">TOR<\/th>\n<th style=\"text-align: center; background: #ff7919; color: black;\">SRE<\/th>\n<th style=\"text-align: center; background: #ff7919; color: black;\">\u010cET<\/th>\n<th style=\"text-align: center; background: #ff7919; color: black;\">PET<\/th>\n<th style=\"text-align: center; background: #ff7919; color: black;\">SOB<\/th>\n<th style=\"text-align: center; background: #ff7919; color: black;\">NED<\/th>\n<\/tr>\n<\/thead>\n<tbody>\n<tr>\n<td style=\"text-align: center; background: #f5dac6; color: black;\">08:00<\/td>\n<td style=\"text-align: center; background: #f5dac6; color: black;\">13:00<\/td>\n<td style=\"text-align: center; background: #f5dac6; color: black;\">13:00<\/td>\n<td style=\"text-align: center; background: #f5dac6; color: black;\">08:00<\/td>\n<td style=\"text-align: center; background: #f5dac6; color: black;\">08:00<\/td>\n<td style=\"text-align: center; background: #f5dac6; color: black;\">&#8211;<\/td>\n<td style=\"text-align: center; background: #f5dac6; color: black;\">&#8211;<\/td>\n<\/tr>\n<tr>\n<td style=\"text-align: center; background: #f5dac6; color: black;\">14:00<\/td>\n<td style=\"text-align: center; background: #f5dac6; color: black;\">19:00<\/td>\n<td style=\"text-align: center; background: #f5dac6; color: black;\">19:00<\/td>\n<td style=\"text-align: center; background: #f5dac6; color: black;\">14:00<\/td>\n<td style=\"text-align: center; background: #f5dac6; color: black;\">13:00<\/td>\n<td style=\"text-align: center; background: #f5dac6; color: black;\">&#8211;<\/td>\n<td style=\"text-align: center; background: #f5dac6; color: black;\">&#8211;<\/td>\n<\/tr>\n<\/tbody>\n<\/table><\/div><\/div>\n","protected":false},"excerpt":{"rendered":"<p>Luka Gomezelj dr. dent. med., MSc Klini\u010dne endodontije Miranda Gomezelj dipl. m. s. Cesta solinarjev 1, 6320 Portoro\u017e 051 33 22 99 drgomezelj@gmail.com PON TOR SRE \u010cET PET SOB NED 08:00 13:00 13:00 08:00 08:00 &#8211; &#8211; 14:00 19:00 19:00 14:00 13:00 &#8211; &#8211;<\/p>\n","protected":false},"author":1,"featured_media":0,"parent":988312,"menu_order":0,"comment_status":"closed","ping_status":"closed","template":"","meta":{"ngg_post_thumbnail":0,"footnotes":""},"class_list":["post-988728","page","type-page","status-publish"],"_links":{"self":[{"href":"https:\/\/zd-piran.si\/index.php\/wp-json\/wp\/v2\/pages\/988728","targetHints":{"allow":["GET"]}}],"collection":[{"href":"https:\/\/zd-piran.si\/index.php\/wp-json\/wp\/v2\/pages"}],"about":[{"href":"https:\/\/zd-piran.si\/index.php\/wp-json\/wp\/v2\/types\/page"}],"author":[{"embeddable":true,"href":"https:\/\/zd-piran.si\/index.php\/wp-json\/wp\/v2\/users\/1"}],"replies":[{"embeddable":true,"href":"https:\/\/zd-piran.si\/index.php\/wp-json\/wp\/v2\/comments?post=988728"}],"version-history":[{"count":7,"href":"https:\/\/zd-piran.si\/index.php\/wp-json\/wp\/v2\/pages\/988728\/revisions"}],"predecessor-version":[{"id":988729,"href":"https:\/\/zd-piran.si\/index.php\/wp-json\/wp\/v2\/pages\/988728\/revisions\/988729"}],"up":[{"embeddable":true,"href":"https:\/\/zd-piran.si\/index.php\/wp-json\/wp\/v2\/pages\/988312"}],"wp:attachment":[{"href":"https:\/\/zd-piran.si\/index.php\/wp-json\/wp\/v2\/media?parent=988728"}],"curies":[{"name":"wp","href":"https:\/\/api.w.org\/{rel}","templated":true}]}}