{"id":988878,"date":"2021-12-15T10:52:59","date_gmt":"2021-12-15T08:52:59","guid":{"rendered":"https:\/\/zd-piran.si\/?page_id=988878"},"modified":"2021-12-15T10:52:59","modified_gmt":"2021-12-15T08:52:59","slug":"povzetek-zakona-o-pacientovih-pravicah","status":"publish","type":"page","link":"https:\/\/zd-piran.si\/index.php\/povzetek-zakona-o-pacientovih-pravicah\/","title":{"rendered":"Povzetek zakona o pacientovih pravicah"},"content":{"rendered":"<p>(1) Izvajalec zdravstvene dejavnosti v mre\u017ei izvajalcev javne zdravstvene slu\u017ebe dolo\u010di enega ali ve\u010d zdravstvenih delavcev ali zdravstvenih sodelavcev za upravljanje \u010dakalnega seznama<br \/>\n(v nadaljnjem besedilu: poobla\u0161\u010dena oseba za \u010dakalni seznam).<br \/>\n(2) Pacient ali v njegovem imenu njegov o\u017eji dru\u017einski \u010dlan lahko brez navajanja razlogov odpove termin najpozneje deset dni pred izvedbo zdravstvene storitve, in sicer le enkrat v okviru iste napotitve in le v okviru napotitve<br \/>\ns stopnjo nujnosti hitro ali redno.<br \/>\nPoznej\u0161a odpoved termina je dopustna le iz pacientovih objektivnih razlogov, ki jih dolo\u010di minister, pristojen za zdravje, pri \u010demer pacient razlog za odpoved sporo\u010di pisno. V primeru odpovedi iz objektivnih razlogov ne veljajo<br \/>\nomejitve glede odpovedi termina le enkrat v okviru iste napotitve in napotitve v okviru stopnje nujnosti hitro ali redno. Po preteku 30 dni od termina odpoved ni mogo\u010da niti v primeru pacientovih objektivnih razlogov.<br \/>\n(3) \u010ce pacient ne pride na termin in termina ne odpove v skladu s prej\u0161njim odstavkom (neopravi\u010dena odsotnost), se ga \u010drta s \u010dakalnega seznama in napotna listina preneha veljati. \u010ce je pacient neupravi\u010deno odsoten na<br \/>\nenem izmed terminov v okviru iste napotitve, se zdravstvena obravnava v okviru te napotitve kon\u010da. Pacient se lahko na \u010dakalni seznam za to zdravstveno storitev pri tem izvajalcu zdravstvene dejavnosti znova uvrsti \u0161ele<br \/>\npo poteku treh mesecev od termina, na katerem je bil neopravi\u010deno odsoten. Rok iz prej\u0161njega stavka ne velja, \u010de izvajalec zdravstvene dejavnosti presodi, da taka omejitev neposredno ogro\u017ea pacientovo zdravstveno<br \/>\nstanje ali zdravstveno obravnavo. Dolo\u010dbe prej\u0161njega, tega in \u0161estega odstavka tega \u010dlena glede termina se smiselno uporabljajo tudi za okvirni termin.<br \/>\n(4) Izvajalec zdravstvene dejavnosti zaradi izvedbe zdravstvene storitve in upravljanja \u010dakalnega seznama vzpostavi stik s pacientom, ki je uvr\u0161\u010den na \u010dakalni seznam, \u010de je pacient sporo\u010dil kontaktne podatke<br \/>\n(e-naslov ali telefonsko \u0161tevilko) ali \u010de jih izvajalec \u017ee ima.<br \/>\n(5) Povratne informacije in obvestila pred izvedbo zdravstvene storitve, ki se pacientu po\u0161iljajo prek elektronskih komunikacij v ne\u0161ifrirani obliki, ne vsebujejo konkretnih podatkov o pacientovem zdravstvenem stanju ali vrsti<br \/>\nzdravstvene storitve.<br \/>\n(6) Izvajalec zdravstvene dejavnosti redno spremlja in analizira podatke o \u010dakalnih dobah, i\u0161\u010de vzroke zanje in preverja spremembe \u010dakalnega seznama z uporabo sledljivosti, o vsem tem poro\u010da organu upravljanja,<br \/>\nministrstvu, pristojnemu za zdravje, in nosilcu obveznega zdravstvenega zavarovanja ter izvaja ukrepe za njihovo zmanj\u0161anje oziroma odpravo. Izvajalec zdravstvene dejavnosti termine na\u010drtuje v skladu z analizami \u010dakalnih<br \/>\ndob v okviru posamezne stopnje nujnosti ter dele\u017eem prvih in kontrolnih pregledov. Vsebino in na\u010din poro\u010danja podrobneje dolo\u010di minister, pristojen za zdravje.<\/p>\n<p><strong>15.c \u010dlen (\u010drtanje s \u010dakalnega seznama)<\/strong><br \/>\n(1) Izvajalec zdravstvene dejavnosti v mre\u017ei izvajalcev javne zdravstvene slu\u017ebe pacienta \u010drta s \u010dakalnega seznama v naslednjih primerih in rokih:<br \/>\n&#8211; smrt pacienta: po pridobitvi take informacije ob a\u017eurnem pridobivanju podatkov iz centralnega registra podatkov o pacientih,<br \/>\n&#8211; \u017eelja pacienta po \u010drtanju s \u010dakalnega seznama: v 24 urah od izra\u017eene \u017eelje,<br \/>\n&#8211; pacientova zavrnitev izvedbe zdravstvene storitve: v 24 urah od zavrnitve,<br \/>\n&#8211; zdravstveno stanje pacienta ne omogo\u010da izvedbe zdravstvene storitve, zaradi katere je uvr\u0161\u010den na \u010dakalni seznam: v 24 urah od ugotovitve le\u010de\u010dega zdravnika o takem stanju,<br \/>\n&#8211; neopravi\u010dena odsotnost od termina: v 24 urah od termina,<br \/>\n&#8211; druga ali katera koli naslednja uvrstitev na \u010dakalni seznam za isto zdravstveno storitev (peti odstavek 15. \u010dlena tega zakona): v 24 urah od ugotovitve o naknadni uvrstitvi.<\/p>\n","protected":false},"excerpt":{"rendered":"<p>(1) Izvajalec zdravstvene dejavnosti v mre\u017ei izvajalcev javne zdravstvene slu\u017ebe dolo\u010di enega ali ve\u010d zdravstvenih delavcev ali zdravstvenih sodelavcev za upravljanje \u010dakalnega seznama (v nadaljnjem besedilu: poobla\u0161\u010dena oseba za \u010dakalni seznam). (2) Pacient ali v njegovem imenu njegov o\u017eji dru\u017einski \u010dlan lahko brez navajanja razlogov odpove termin najpozneje deset dni pred izvedbo zdravstvene storitve, in&#8230;<\/p>\n","protected":false},"author":1,"featured_media":0,"parent":0,"menu_order":0,"comment_status":"closed","ping_status":"closed","template":"","meta":{"ngg_post_thumbnail":0,"footnotes":""},"class_list":["post-988878","page","type-page","status-publish"],"_links":{"self":[{"href":"https:\/\/zd-piran.si\/index.php\/wp-json\/wp\/v2\/pages\/988878","targetHints":{"allow":["GET"]}}],"collection":[{"href":"https:\/\/zd-piran.si\/index.php\/wp-json\/wp\/v2\/pages"}],"about":[{"href":"https:\/\/zd-piran.si\/index.php\/wp-json\/wp\/v2\/types\/page"}],"author":[{"embeddable":true,"href":"https:\/\/zd-piran.si\/index.php\/wp-json\/wp\/v2\/users\/1"}],"replies":[{"embeddable":true,"href":"https:\/\/zd-piran.si\/index.php\/wp-json\/wp\/v2\/comments?post=988878"}],"version-history":[{"count":1,"href":"https:\/\/zd-piran.si\/index.php\/wp-json\/wp\/v2\/pages\/988878\/revisions"}],"predecessor-version":[{"id":988879,"href":"https:\/\/zd-piran.si\/index.php\/wp-json\/wp\/v2\/pages\/988878\/revisions\/988879"}],"wp:attachment":[{"href":"https:\/\/zd-piran.si\/index.php\/wp-json\/wp\/v2\/media?parent=988878"}],"curies":[{"name":"wp","href":"https:\/\/api.w.org\/{rel}","templated":true}]}}