{"id":988901,"date":"2021-01-10T18:25:23","date_gmt":"2021-01-10T16:25:23","guid":{"rendered":"https:\/\/zd-piran.si\/index.php\/zobne_ambulante\/komljanec-2\/"},"modified":"2024-10-04T13:13:38","modified_gmt":"2024-10-04T11:13:38","slug":"solskazobna","status":"publish","type":"page","link":"https:\/\/zd-piran.si\/index.php\/zobne_ambulante\/solskazobna\/","title":{"rendered":"\u0160olska zobna ambulanta Matic Jerman, dr. dent. med."},"content":{"rendered":"<div class=\"row \"><div class=\"wpv-grid grid-1-2  wpv-first-level first unextended\" style=\"padding-top:0px;padding-bottom:0px\" id=\"wpv-column-6dfee91024c09f46159b56aee9ffd199\" ><p><span class=\"oddelek_zdravnik\"><strong>ZD Piran<\/strong><\/span><\/p>\n<p><span class=\"oddelek_zdravnik\"><strong>\u0160olska zobna ambulanta<\/strong><br \/>\n<strong>Matic Jerman, dr. dent. med.<\/strong><br \/>\n<\/span>Fazan 1, 6320 Portoro\u017e<\/p>\n<span class='icon shortcode  ' style='font-size:16px !important;'>&#57490;<\/span> 05 677 18 53<br \/>\n<span class='icon shortcode theme ' style='font-size:16px !important;'>&#57353;<\/span> otroska.zobna@zd-piran.si<br \/>\n<span class='icon shortcode  ' style='font-size:16px !important;'>&#57823;<\/span> <a href=\"https:\/\/www.oslucija.si\/solska-zobna-ambulanta\/\">https:\/\/www.oslucija.si\/solska-zobna-ambulanta\/<\/a><\/div>\n<div class=\"wpv-grid grid-1-2  wpv-first-level unextended\" style=\"padding-top:0px;padding-bottom:0px\" id=\"wpv-column-e719f64b6580725dc9f5c4b73b9c5432\" ><table class=\"paleBlueRows\">\n<thead>\n<tr>\n<th style=\"text-align: center; background: #ff7919; color: black;\">PON<\/th>\n<th style=\"text-align: center; background: #ff7919; color: black;\">TOR<\/th>\n<th style=\"text-align: center; background: #ff7919; color: black;\">SRE<\/th>\n<th style=\"text-align: center; background: #ff7919; color: black;\">\u010cET<\/th>\n<th style=\"text-align: center; background: #ff7919; color: black;\">PET<\/th>\n<th style=\"text-align: center; background: #ff7919; color: black;\">SOB<\/th>\n<th style=\"text-align: center; background: #ff7919; color: black;\">NED<\/th>\n<\/tr>\n<\/thead>\n<tbody>\n<tr>\n<td style=\"text-align: center; background: #f5dac6; color: black;\">07:00<\/td>\n<td style=\"text-align: center; background: #f5dac6; color: black;\">07:00<\/td>\n<td style=\"text-align: center; background: #f5dac6; color: black;\">13:00<\/td>\n<td style=\"text-align: center; background: #f5dac6; color: black;\">07:00<\/td>\n<td style=\"text-align: center; background: #f5dac6; color: black;\">07:00<\/td>\n<td style=\"text-align: center; background: #f5dac6; color: black;\">&#8211;<\/td>\n<td style=\"text-align: center; background: #f5dac6; color: black;\">&#8211;<\/td>\n<\/tr>\n<tr>\n<td style=\"text-align: center; background: #f5dac6; color: black;\">13:30<\/td>\n<td style=\"text-align: center; background: #f5dac6; color: black;\">13:30<\/td>\n<td style=\"text-align: center; background: #f5dac6; color: black;\">19:30<\/td>\n<td style=\"text-align: center; background: #f5dac6; color: black;\">13:30<\/td>\n<td style=\"text-align: center; background: #f5dac6; color: black;\">13:30<\/td>\n<td style=\"text-align: center; background: #f5dac6; color: black;\">&#8211;<\/td>\n<td style=\"text-align: center; background: #f5dac6; color: black;\">&#8211;<\/td>\n<\/tr>\n<\/tbody>\n<\/table><\/div><\/div>\n<div class=\"wpv-accordion-wrapper wpv-accordion-1\"><style scoped>.wpv-accordion-1 .tab .inner { background-color: #ff7919; color: #000000; }<\/style><ul class=\"wpv-accordion\" data-collapsible=\"true\"><li class=\"pane-wrapper\" style=\"\">\n\t\t\t\t\t<h4 class=\"tab\"><span class=\"inner\">Naro\u010danje<\/span><\/h4>\n\t\t\t\t\t<div class=\"pane\"><div class=\"inner\"><p>V ordinacijskem \u010dasu ambulante osebno ali po telefonu, po elektronski po\u0161ti ali pisno po po\u0161ti.<\/div><\/div>\n\t\t\t\t\t<\/li><li class=\"pane-wrapper\" style=\"\">\n\t\t\t\t\t<h4 class=\"tab\"><span class=\"inner\">Dodatne informacije<\/span><\/h4>\n\t\t\t\t\t<div class=\"pane\"><div class=\"inner\"><p>\u010cakalne dobe za prvi pregled ni. Odgovorne osebe za vodenje \u010dakalnega seznama so osebje v ambulanti Alenka Gobbo, zdr.tehnik. ter koordinator \u010dakalnih seznamov in vrst Marko Grdina dipl.zn, Pomo\u010dnik direktorja za podro\u010dje zdr. nege.<\/div><\/div>\n\t\t\t\t\t<\/li><li class=\"pane-wrapper\" style=\"\">\n\t\t\t\t\t<h4 class=\"tab\"><span class=\"inner\">Opombe<\/span><\/h4>\n\t\t\t\t\t<div class=\"pane\"><div class=\"inner\"><\/div><\/div>\n\t\t\t\t\t<\/li><\/ul><\/div>\n","protected":false},"excerpt":{"rendered":"<p>ZD Piran \u0160olska zobna ambulanta Matic Jerman, dr. dent. med. Fazan 1, 6320 Portoro\u017e 05 677 18 53 otroska.zobna@zd-piran.si https:\/\/www.oslucija.si\/solska-zobna-ambulanta\/ PON TOR SRE \u010cET PET SOB NED 07:00 07:00 13:00 07:00 07:00 &#8211; &#8211; 13:30 13:30 19:30 13:30 13:30 &#8211; &#8211;<\/p>\n","protected":false},"author":1,"featured_media":0,"parent":988312,"menu_order":0,"comment_status":"closed","ping_status":"closed","template":"","meta":{"ngg_post_thumbnail":0,"footnotes":""},"class_list":["post-988901","page","type-page","status-publish"],"_links":{"self":[{"href":"https:\/\/zd-piran.si\/index.php\/wp-json\/wp\/v2\/pages\/988901","targetHints":{"allow":["GET"]}}],"collection":[{"href":"https:\/\/zd-piran.si\/index.php\/wp-json\/wp\/v2\/pages"}],"about":[{"href":"https:\/\/zd-piran.si\/index.php\/wp-json\/wp\/v2\/types\/page"}],"author":[{"embeddable":true,"href":"https:\/\/zd-piran.si\/index.php\/wp-json\/wp\/v2\/users\/1"}],"replies":[{"embeddable":true,"href":"https:\/\/zd-piran.si\/index.php\/wp-json\/wp\/v2\/comments?post=988901"}],"version-history":[{"count":11,"href":"https:\/\/zd-piran.si\/index.php\/wp-json\/wp\/v2\/pages\/988901\/revisions"}],"predecessor-version":[{"id":990227,"href":"https:\/\/zd-piran.si\/index.php\/wp-json\/wp\/v2\/pages\/988901\/revisions\/990227"}],"up":[{"embeddable":true,"href":"https:\/\/zd-piran.si\/index.php\/wp-json\/wp\/v2\/pages\/988312"}],"wp:attachment":[{"href":"https:\/\/zd-piran.si\/index.php\/wp-json\/wp\/v2\/media?parent=988901"}],"curies":[{"name":"wp","href":"https:\/\/api.w.org\/{rel}","templated":true}]}}