{"id":989681,"date":"2021-01-10T18:25:23","date_gmt":"2021-01-10T16:25:23","guid":{"rendered":"https:\/\/zd-piran.si\/index.php\/ambulante-druzinske-medicine\/spolsne_ambulante\/sa08-2\/"},"modified":"2023-06-27T12:12:13","modified_gmt":"2023-06-27T10:12:13","slug":"klinfarm","status":"publish","type":"page","link":"https:\/\/zd-piran.si\/index.php\/ambulante-druzinske-medicine\/spolsne_ambulante\/klinfarm\/","title":{"rendered":"Farmacevt svetovalec"},"content":{"rendered":"<div class=\"row \"><div class=\"wpv-grid grid-1-2  wpv-first-level first unextended\" style=\"padding-top:0px;padding-bottom:0px\" id=\"wpv-column-f42db00ea423038b850a8a6098fdbf17\" ><p><strong><span class=\"oddelek_zdravnik\">Marina Rogi\u010d Eiletz mag. farm. spec. klini\u010dne farmacije<\/span> <\/strong><br \/>\nCesta solinarjev 1, LUCIJA , PORTORO\u017d<\/p>\n<span class='icon shortcode theme ' style='font-size:16px !important;'>&#57353;<\/span> marina.rogic-eiletz@zd-piran.si<\/div>\n<div class=\"wpv-grid grid-1-2  wpv-first-level unextended\" style=\"padding-top:0px;padding-bottom:0px\" id=\"wpv-column-b7adf57af05ffc2191f4111bf3618e29\" ><table class=\"paleBlueRows\">\n<thead>\n<tr>\n<th style=\"text-align: center; background: #F2C74F; color: black;\">PON<\/th>\n<th style=\"text-align: center; background: #F2C74F; color: black;\">TOR<\/th>\n<th style=\"text-align: center; background: #F2C74F; color: black;\">SRE<\/th>\n<th style=\"text-align: center; background: #F2C74F; color: black;\">\u010cET<\/th>\n<th style=\"text-align: center; background: #F2C74F; color: black;\">PET<\/th>\n<th style=\"text-align: center; background: #F2C74F; color: black;\">SOB<\/th>\n<th style=\"text-align: center; background: #F2C74F; color: black;\">NED<\/th>\n<\/tr>\n<\/thead>\n<tbody>\n<tr>\n<td style=\"text-align: center; background: #EFE0B6; color: black;\">16:00<\/td>\n<td style=\"text-align: center; background: #EFE0B6; color: black;\">&#8211;<\/td>\n<td style=\"text-align: center; background: #EFE0B6; color: black;\">&#8211;<\/td>\n<td style=\"text-align: center; background: #EFE0B6; color: black;\">&#8211;<\/td>\n<td style=\"text-align: center; background: #EFE0B6; color: black;\">&#8211;<\/td>\n<td style=\"text-align: center; background: #EFE0B6; color: black;\">&#8211;<\/td>\n<td style=\"text-align: center; background: #EFE0B6; color: black;\">&#8211;<\/td>\n<\/tr>\n<tr>\n<td style=\"text-align: center; background: #EFE0B6; color: black;\">20:00<\/td>\n<td style=\"text-align: center; background: #EFE0B6; color: black;\">&#8211;<\/td>\n<td style=\"text-align: center; background: #EFE0B6; color: black;\">&#8211;<\/td>\n<td style=\"text-align: center; background: #EFE0B6; color: black;\">&#8211;<\/td>\n<td style=\"text-align: center; background: #EFE0B6; color: black;\">&#8211;<\/td>\n<td style=\"text-align: center; background: #EFE0B6; color: black;\">&#8211;<\/td>\n<td style=\"text-align: center; background: #EFE0B6; color: black;\">&#8211;<\/td>\n<\/tr>\n<\/tbody>\n<\/table><\/div><\/div>\n<div class=\"wpv-accordion-wrapper wpv-accordion-1\"><style scoped>.wpv-accordion-1 .tab .inner { background-color: #F2C74F; color: #000000; }<\/style><ul class=\"wpv-accordion\" data-collapsible=\"true\"><li class=\"pane-wrapper\" style=\"\">\n\t\t\t\t\t<h4 class=\"tab\"><span class=\"inner\">Kdo je farmacevt svetovalec<\/span><\/h4>\n\t\t\t\t\t<div class=\"pane\"><div class=\"inner\"><p>Farmacevt svetovalec je zdravstveni delavec, specialist klini\u010dne farmacije z dodatnimi kompetencami in je vklju\u010den v stalno izobra\u017eevanje. Farmacevt svetovalec sodeluje z va\u0161im osebnim zdravnikom pri zdravljenju z zdravili, zlasti glede morebitnih ne\u017eelenih u\u010dinkov in njihovega medsebojnega delovanja (interakcij). Timska obravnava va\u0161ega zdravljenja z zdravili bo bolj\u0161a, \u010de bo z zdravnikom sodeloval tudi farmacevt.<\/div><\/div>\n\t\t\t\t\t<\/li><li class=\"pane-wrapper\" style=\"\">\n\t\t\t\t\t<h4 class=\"tab\"><span class=\"inner\">Kdaj se bom sre\u010dal s farmacevtom svetovalcem?<\/span><\/h4>\n\t\t\t\t\t<div class=\"pane\"><div class=\"inner\"><p>S farmacevtom svetovalcem se boste sre\u010dali, ko bo potrebno mnenje specialista s podro\u010dja zdravil glede va\u0161ega zdravljenja z zdravili. Najprej boste obiskali osebnega zdravnika, da se boste z njim pogovorili o svojih te\u017eavah in o njihovem zdravljenju. Va\u0161 osebni zdravnik vas bo potem morda napotil k farmacevtu svetovalcu. Vsekakor pa ga lahko tudi sami povpra\u0161ate o napotitvi, \u010de \u017eelite ve\u010d informacij o zdravilih, ki jih prejemate.<\/div><\/div>\n\t\t\t\t\t<\/li><\/ul><\/div>\n","protected":false},"excerpt":{"rendered":"<p>Marina Rogi\u010d Eiletz mag. farm. spec. klini\u010dne farmacije Cesta solinarjev 1, LUCIJA , PORTORO\u017d marina.rogic-eiletz@zd-piran.si PON TOR SRE \u010cET PET SOB NED 16:00 &#8211; &#8211; &#8211; &#8211; &#8211; &#8211; 20:00 &#8211; &#8211; &#8211; &#8211; &#8211; &#8211;<\/p>\n","protected":false},"author":1,"featured_media":0,"parent":987987,"menu_order":0,"comment_status":"closed","ping_status":"closed","template":"","meta":{"ngg_post_thumbnail":0,"footnotes":""},"class_list":["post-989681","page","type-page","status-publish"],"_links":{"self":[{"href":"https:\/\/zd-piran.si\/index.php\/wp-json\/wp\/v2\/pages\/989681","targetHints":{"allow":["GET"]}}],"collection":[{"href":"https:\/\/zd-piran.si\/index.php\/wp-json\/wp\/v2\/pages"}],"about":[{"href":"https:\/\/zd-piran.si\/index.php\/wp-json\/wp\/v2\/types\/page"}],"author":[{"embeddable":true,"href":"https:\/\/zd-piran.si\/index.php\/wp-json\/wp\/v2\/users\/1"}],"replies":[{"embeddable":true,"href":"https:\/\/zd-piran.si\/index.php\/wp-json\/wp\/v2\/comments?post=989681"}],"version-history":[{"count":3,"href":"https:\/\/zd-piran.si\/index.php\/wp-json\/wp\/v2\/pages\/989681\/revisions"}],"predecessor-version":[{"id":989710,"href":"https:\/\/zd-piran.si\/index.php\/wp-json\/wp\/v2\/pages\/989681\/revisions\/989710"}],"up":[{"embeddable":true,"href":"https:\/\/zd-piran.si\/index.php\/wp-json\/wp\/v2\/pages\/987987"}],"wp:attachment":[{"href":"https:\/\/zd-piran.si\/index.php\/wp-json\/wp\/v2\/media?parent=989681"}],"curies":[{"name":"wp","href":"https:\/\/api.w.org\/{rel}","templated":true}]}}