{"id":989725,"date":"2021-01-10T18:25:23","date_gmt":"2021-01-10T16:25:23","guid":{"rendered":"http:\/\/zd-piran.si\/index.php\/ambulante-druzinske-medicine\/spolsne_ambulante\/sa04-2\/"},"modified":"2026-05-05T11:47:49","modified_gmt":"2026-05-05T10:47:49","slug":"picej","status":"publish","type":"page","link":"https:\/\/zd-piran.si\/index.php\/ambulante-druzinske-medicine\/spolsne_ambulante\/picej\/","title":{"rendered":"Amb. Sne\u017eana Picej"},"content":{"rendered":"<div class=\"row \"><div class=\"wpv-grid grid-1-2  wpv-first-level first unextended\" style=\"padding-top:0px;padding-bottom:0px\" id=\"wpv-column-60e592a71e9ba91e1d77fc6f5f507e3b\" ><p><strong><span class=\"oddelek_zdravnik\">Sne\u017eana Picej, dr.med.spec.dru\u017e.med<\/span> <\/strong><br \/>\nTehnik: Valentina Bach Poljak, zdr. tehnik<br \/>\nCesta solinarjev 1, LUCIJA , PORTORO\u017d<\/p>\n<span class='icon shortcode  ' style='font-size:16px !important;'>&#57490;<\/span> 05\/ 2927 476<br \/>\n<span class='icon shortcode  ' style='font-size:16px !important;'>&#57533;<\/span> 05\/ 6207 201<\/div>\n<div class=\"wpv-grid grid-1-2  wpv-first-level unextended\" style=\"padding-top:0px;padding-bottom:0px\" id=\"wpv-column-759f8d41a5fbdd9f204371f15974925c\" ><table class=\"paleBlueRows\">\n<thead>\n<tr>\n<th style=\"text-align: center; background: #F2C74F; color: black;\">PON<\/th>\n<th style=\"text-align: center; background: #F2C74F; color: black;\">TOR<\/th>\n<th style=\"text-align: center; background: #F2C74F; color: black;\">SRE<\/th>\n<th style=\"text-align: center; background: #F2C74F; color: black;\">\u010cET<\/th>\n<th style=\"text-align: center; background: #F2C74F; color: black;\">PET<\/th>\n<th style=\"text-align: center; background: #F2C74F; color: black;\">SOB<\/th>\n<th style=\"text-align: center; background: #F2C74F; color: black;\">NED<\/th>\n<\/tr>\n<\/thead>\n<tbody>\n<tr>\n<td style=\"text-align: center; background: #EFE0B6; color: black;\">15:00<\/td>\n<td style=\"text-align: center; background: #EFE0B6; color: black;\">08:00<\/td>\n<td style=\"text-align: center; background: #EFE0B6; color: black;\">08:00<\/td>\n<td style=\"text-align: center; background: #EFE0B6; color: black;\">08:00<\/td>\n<td style=\"text-align: center; background: #EFE0B6; color: black;\">08:00<\/td>\n<td style=\"text-align: center; background: #EFE0B6; color: black;\">&#8211;<\/td>\n<td style=\"text-align: center; background: #EFE0B6; color: black;\">&#8211;<\/td>\n<\/tr>\n<tr>\n<td style=\"text-align: center; background: #EFE0B6; color: black;\">20:00<\/td>\n<td style=\"text-align: center; background: #EFE0B6; color: black;\">12:00<\/td>\n<td style=\"text-align: center; background: #EFE0B6; color: black;\">12:00<\/td>\n<td style=\"text-align: center; background: #EFE0B6; color: black;\">12:00<\/td>\n<td style=\"text-align: center; background: #EFE0B6; color: black;\">12:00<\/td>\n<td style=\"text-align: center; background: #EFE0B6; color: black;\">&#8211;<\/td>\n<td style=\"text-align: center; background: #EFE0B6; color: black;\">&#8211;<\/td>\n<\/tr>\n<\/tbody>\n<\/table>\n<p>Odmor za malico \/ Pausa pranzo:<br \/>\nDopoldan \/ Mattina : 10:00 &#8211; 10:30<br \/>\nPopoldan \/ Pomeriggio: 16:30 &#8211; 17:00<\/p>\n<p>Ob petkih ambulanta ne naro\u010da pacientov saj bo zdravnica de\u017eurna v ambulanti NMP.<\/p>\n<p><strong>Ambulanta deluje: ob ponedeljkih, torkih in \u010detrtkih v ambulanti \u0161t.8, ob sredah v ambulanti \u0161t.1.<\/strong><\/div><\/div>\n<div class=\"wpv-accordion-wrapper wpv-accordion-1\"><style scoped>.wpv-accordion-1 .tab .inner { background-color: #F2C74F; color: #000000; }<\/style><ul class=\"wpv-accordion\" data-collapsible=\"true\"><li class=\"pane-wrapper\" style=\"\">\n\t\t\t\t\t<h4 class=\"tab\"><span class=\"inner\">Naro\u010danje<\/span><\/h4>\n\t\t\t\t\t<div class=\"pane\"><div class=\"inner\"><div class=\"row \"><div class=\"wpv-grid grid-2-5  first unextended\" style=\"padding-top:0px;padding-bottom:0px\" id=\"wpv-column-d65fcf20e9bbece4da8f6ae7df6ce5b0\" ><p>Naro\u010dite se lahko po telefonu ali osebno v ordinacijskem \u010dasu ambulante, pisno po po\u0161ti, ter spletno naro\u010danje preko portala zVem.<\/div>\n<div class=\"wpv-grid grid-3-5  unextended\" style=\"padding-top:0px;padding-bottom:0px\" id=\"wpv-column-305fa5738c7b2ec7a0c0b36e50dca0e2\" ><p><a href=\"https:\/\/zvem.ezdrav.si\/portal\/gost\" rel=\"attachment wp-att-990871\"><img loading=\"lazy\" decoding=\"async\" class=\"aligncenter wp-image-990871\" title=\"povezava do portala zVem\" src=\"http:\/\/zd-piran.si\/wp-content\/uploads\/2026\/02\/zvem_pasica-1024x243.png\" alt=\"povezava do portala zVem\" width=\"620\" height=\"163\"><\/a><\/div><\/div><\/div><\/div>\n\t\t\t\t\t<\/li><li class=\"pane-wrapper\" style=\"\">\n\t\t\t\t\t<h4 class=\"tab\"><span class=\"inner\">\u010cakalna doba<\/span><\/h4>\n\t\t\t\t\t<div class=\"pane\"><div class=\"inner\"><p>Za nujne primere \u010dakalne dobe ni, za nenujne preglede oz. prvi preged do 7 dni, po predhodnem naro\u010dilu. Odgovorne osebe za vodenje \u010dakalnega seznama: Valentina Bach Poljak zdr. tehnik, koordinator \u010dakalnih seznamov in \u010dakalnih vrst: Marko Grdina, dipl.zn, Pomo\u010dnik direktorja za podro\u010dje zdr.nege.<\/div><\/div>\n\t\t\t\t\t<\/li><li class=\"pane-wrapper\" style=\"\">\n\t\t\t\t\t<h4 class=\"tab\"><span class=\"inner\">Ostale informacije<\/span><\/h4>\n\t\t\t\t\t<div class=\"pane\"><div class=\"inner\"><p>Ambulanta ob 30% programu&nbsp; dosega 1.437,83 glavarinskih koli\u010dnikov, &nbsp;zato ne sprejema\/opredeljuje novih pacientov.<\/p>\n<p>V \u010dasu letnih dopustov in odsotnosti jih nadome\u0161\u010da ambulanta Polona Lampi\u010d, dr.med.spec.dru\u017e.med<\/div><\/div>\n\t\t\t\t\t<\/li><\/ul><\/div>\n","protected":false},"excerpt":{"rendered":"<p>Sne\u017eana Picej, dr.med.spec.dru\u017e.med Tehnik: Valentina Bach Poljak, zdr. tehnik Cesta solinarjev 1, LUCIJA , PORTORO\u017d 05\/ 2927 476 05\/ 6207 201 PON TOR SRE \u010cET PET SOB NED 15:00 08:00 08:00 08:00 08:00 &#8211; &#8211; 20:00 12:00 12:00 12:00 12:00 &#8211; &#8211; Odmor za malico \/ Pausa pranzo: Dopoldan \/ Mattina : 10:00 &#8211; 10:30&#8230;<\/p>\n","protected":false},"author":1,"featured_media":0,"parent":987987,"menu_order":0,"comment_status":"closed","ping_status":"closed","template":"","meta":{"ngg_post_thumbnail":0,"footnotes":""},"class_list":["post-989725","page","type-page","status-publish"],"_links":{"self":[{"href":"https:\/\/zd-piran.si\/index.php\/wp-json\/wp\/v2\/pages\/989725","targetHints":{"allow":["GET"]}}],"collection":[{"href":"https:\/\/zd-piran.si\/index.php\/wp-json\/wp\/v2\/pages"}],"about":[{"href":"https:\/\/zd-piran.si\/index.php\/wp-json\/wp\/v2\/types\/page"}],"author":[{"embeddable":true,"href":"https:\/\/zd-piran.si\/index.php\/wp-json\/wp\/v2\/users\/1"}],"replies":[{"embeddable":true,"href":"https:\/\/zd-piran.si\/index.php\/wp-json\/wp\/v2\/comments?post=989725"}],"version-history":[{"count":57,"href":"https:\/\/zd-piran.si\/index.php\/wp-json\/wp\/v2\/pages\/989725\/revisions"}],"predecessor-version":[{"id":990959,"href":"https:\/\/zd-piran.si\/index.php\/wp-json\/wp\/v2\/pages\/989725\/revisions\/990959"}],"up":[{"embeddable":true,"href":"https:\/\/zd-piran.si\/index.php\/wp-json\/wp\/v2\/pages\/987987"}],"wp:attachment":[{"href":"https:\/\/zd-piran.si\/index.php\/wp-json\/wp\/v2\/media?parent=989725"}],"curies":[{"name":"wp","href":"https:\/\/api.w.org\/{rel}","templated":true}]}}