{"id":990170,"date":"2024-09-04T13:46:46","date_gmt":"2024-09-04T11:46:46","guid":{"rendered":"https:\/\/zd-piran.si\/?page_id=990170"},"modified":"2024-09-04T13:46:46","modified_gmt":"2024-09-04T11:46:46","slug":"navodila-mdps-piran","status":"publish","type":"page","link":"https:\/\/zd-piran.si\/index.php\/navodila-mdps-piran\/","title":{"rendered":"Navodila MDP\u0160 Piran"},"content":{"rendered":"<p><strong>Za preventivni zdravstveni pregled potrebujete:<\/strong><\/p>\n<ul>\n<li><strong>zdravstveno kartico in osebni dokument<\/strong> (osebna izkaznica ali potni list);<\/li>\n<li><span style=\"color: #ff0000;\"><strong>napotnico &#8211; OBVEZNO<\/strong><\/span> (obr. DZS&nbsp; <strong>205<\/strong> za obdobne usmerjene preglede ali <strong>8.204<\/strong> za predhodne zdrav. Preglede; kupite jo v knjigarni ali dobite na spletu oz pri svojem delodajalcu). Delodajalec jo izpolni, podpi\u0161e in \u017eigosa.<u>Brez napotnice vas ne sprejmemo&#8230;;<\/u><\/li>\n<li><span style=\"color: #ff0000;\"><strong>kartoteko le\u010de\u010dega zdravnika &#8211; obvezno<\/strong><\/span> ( izpisek iz zdrav. kartona ali kopijo kartona pridobijo tuji dr\u017eavljani, brez le\u010de\u010dega zdravnika v SLO ). \u010ce gre za predhodni zdravstveni pregled ( kartoteko naj osebni zdr. po\u0161lje na na\u0161 naslov ) . Za obdobni preventivni zdravni\u0161ki pregled kartoteke ne zahtevamo, razen v primeru ve\u010djih zdravstvenih te\u017eav, <u><strong> \u010de niste opravljali <\/strong>preventivnega zdravstvenega pregleda pri nas;<\/u><\/li>\n<li><span style=\"color: #ff0000;\"><strong>o\u010dala ali kontaktne le\u010de<\/strong><\/span>, \u010de jih uporabljate oziroma jih imate predpisane;<\/li>\n<li>izvide specialisti\u010dnih pregledov;<\/li>\n<li>izvid diabetologa, \u010de ste sladkorni bolnik;<\/li>\n<li>odlo\u010dbo ZPIZ Slovenije o delazmo\u017enosti (invalidi II. In III. Kategorije) ;&nbsp;&nbsp;<\/li>\n<li>na pregled pridite <strong>TE\u0160\u010c <\/strong><\/li>\n<\/ul>\n<p><em>Zdravnik, ki opravlja zdravstvene preglede lahko pred izdajo zdravni\u0161kega spri\u010devala, glede na rezultate pregleda in pregleda zdravstvene dokumentacije, napoti kandidata na pregled \u0161e k drugemu zdravniku specialistu ali psihologu.<\/em><\/p>\n<p><strong>NAPOTKI &nbsp;PRED PREGLEDOM :<\/strong><em>Delodajalce prosimo, da napotnici prilo\u017eijo oceno tveganja za ustrezno delovno mesto v primeru, \u010de zdravnik, ki opravlja preventivne zdravstvene preglede, ni sodeloval pri oceni tveganja.<\/em><em>&nbsp;<\/em><\/p>\n<p><strong><em><span style=\"color: #ff0000;\">Na napotnici &#8211; pod pripombo delodajalca, naj pi\u0161e kdo je pla\u010dnik: podjetje ( delodajalec ) oz. samopla\u010dnik (delavec sam); ali podjetje po\u0161ljete&nbsp; naro\u010dilnico.<\/span> &nbsp;&nbsp;&nbsp;&nbsp;<\/em><\/strong><em>\u010ce ste samopla\u010dnik stro\u0161ke pregleda lahko pla\u010date z ban\u010dnimi karticami (za\u017eeljeno) ali v gotovini, sicer pregled pla\u010da podjetje s fakturo.<\/em><\/p>\n","protected":false},"excerpt":{"rendered":"<p>Za preventivni zdravstveni pregled potrebujete: zdravstveno kartico in osebni dokument (osebna izkaznica ali potni list); napotnico &#8211; OBVEZNO (obr. DZS&nbsp; 205 za obdobne usmerjene preglede ali 8.204 za predhodne zdrav. Preglede; kupite jo v knjigarni ali dobite na spletu oz pri svojem delodajalcu). Delodajalec jo izpolni, podpi\u0161e in \u017eigosa.Brez napotnice vas ne sprejmemo&#8230;; kartoteko le\u010de\u010dega&#8230;<\/p>\n","protected":false},"author":1,"featured_media":0,"parent":0,"menu_order":0,"comment_status":"closed","ping_status":"closed","template":"","meta":{"ngg_post_thumbnail":0,"footnotes":""},"class_list":["post-990170","page","type-page","status-publish"],"_links":{"self":[{"href":"https:\/\/zd-piran.si\/index.php\/wp-json\/wp\/v2\/pages\/990170","targetHints":{"allow":["GET"]}}],"collection":[{"href":"https:\/\/zd-piran.si\/index.php\/wp-json\/wp\/v2\/pages"}],"about":[{"href":"https:\/\/zd-piran.si\/index.php\/wp-json\/wp\/v2\/types\/page"}],"author":[{"embeddable":true,"href":"https:\/\/zd-piran.si\/index.php\/wp-json\/wp\/v2\/users\/1"}],"replies":[{"embeddable":true,"href":"https:\/\/zd-piran.si\/index.php\/wp-json\/wp\/v2\/comments?post=990170"}],"version-history":[{"count":2,"href":"https:\/\/zd-piran.si\/index.php\/wp-json\/wp\/v2\/pages\/990170\/revisions"}],"predecessor-version":[{"id":990175,"href":"https:\/\/zd-piran.si\/index.php\/wp-json\/wp\/v2\/pages\/990170\/revisions\/990175"}],"wp:attachment":[{"href":"https:\/\/zd-piran.si\/index.php\/wp-json\/wp\/v2\/media?parent=990170"}],"curies":[{"name":"wp","href":"https:\/\/api.w.org\/{rel}","templated":true}]}}