{"id":990176,"date":"2024-09-04T14:01:27","date_gmt":"2024-09-04T12:01:27","guid":{"rendered":"https:\/\/zd-piran.si\/?page_id=990176"},"modified":"2024-09-04T14:01:27","modified_gmt":"2024-09-04T12:01:27","slug":"navodila-mdps-piran-vozniki","status":"publish","type":"page","link":"https:\/\/zd-piran.si\/index.php\/navodila-mdps-piran-vozniki\/","title":{"rendered":"Navodila MDP\u0160 Piran Vozniki"},"content":{"rendered":"<p><strong>ZA VSE ZDRAVSTVENE PREGLEDE SE JE POTREBNO NARO\u010cITI:<\/strong>Za naro\u010danje (datum in ura pregleda) nas pokli\u010dite&nbsp;po telefonu&nbsp;od ponedeljka do petka med 11:00 in 13:00 uro: <strong>05\/ 62 07 282; <\/strong><\/p>\n<p><strong>Za zdravstveni pregled kandidata voznika motornih vozil ali podalj\u0161anje veljavnosti vozni\u0161kega potrebujete:<\/strong><\/p>\n<ul>\n<li>zdravstveno kartico in osebni dokument (osebno izkaznico ali potni list);<\/li>\n<li>vozni\u0161ko dovoljenje (\u010de ga \u017ee imate);<\/li>\n<li><span style=\"color: #ff0000;\"><strong>kartoteko le\u010de\u010dega zdravnika <\/strong><\/span><strong>&#8211; <\/strong>kartoteko naj osebni zdravnik po\u0161lje na na\u0161 naslov ( izpisek iz zdrav. kartona ali kopijo kartona tuji dr\u017eavljani, brez le\u010de\u010dega zdravnika v SLO )&nbsp; ;&nbsp; po slovenski zakonodaji vas brez kartona ali izpiska ne moremo obravnavati;&nbsp;&nbsp;&nbsp;&nbsp;&nbsp;&nbsp;&nbsp;&nbsp;&nbsp;&nbsp;&nbsp;&nbsp;&nbsp;&nbsp;&nbsp;&nbsp;&nbsp;&nbsp;&nbsp;&nbsp;&nbsp;&nbsp;&nbsp;&nbsp;&nbsp;&nbsp;&nbsp;&nbsp;&nbsp;&nbsp;&nbsp;&nbsp;&nbsp;&nbsp;&nbsp;&nbsp;&nbsp;&nbsp;&nbsp;&nbsp;&nbsp;&nbsp;&nbsp;&nbsp;&nbsp;&nbsp;&nbsp;&nbsp;&nbsp;&nbsp;&nbsp;&nbsp;&nbsp;&nbsp;&nbsp;&nbsp;&nbsp;&nbsp;&nbsp;&nbsp;&nbsp;&nbsp;&nbsp;&nbsp;&nbsp;&nbsp;&nbsp;&nbsp;&nbsp;&nbsp;&nbsp;&nbsp;&nbsp;&nbsp;&nbsp;&nbsp;&nbsp;&nbsp;&nbsp;&nbsp;&nbsp;&nbsp;&nbsp;&nbsp;&nbsp;&nbsp;&nbsp;&nbsp;&nbsp;&nbsp;&nbsp;&nbsp;&nbsp;&nbsp;&nbsp;&nbsp;&nbsp;&nbsp;&nbsp;&nbsp;&nbsp;&nbsp;&nbsp;&nbsp;&nbsp;&nbsp;&nbsp;&nbsp;&nbsp;&nbsp;&nbsp;&nbsp;&nbsp;&nbsp;<\/li>\n<li><span style=\"color: #ff0000;\"><strong>o\u010dala ali kontaktne le\u010de<\/strong><\/span>, \u010de jih nosite ali jih imate predpisane (zadnji izvid okulista ali podatke o dioptriji va\u0161ih o\u010dal ali le\u010d, ki jih imate doma);<\/li>\n<li>zdravstvene izvide, ki jih imate doma;<\/li>\n<li>izvid diabetologa, \u010de ste sladkorni bolnik;<\/li>\n<li><em>CENA: voznik (amater)- 80 eur, poklicni voz.-120 eur+lab, starej\u0161i voznik nad 80 let- 100 eur )<\/em><\/li>\n<li><strong><u>TE\u0160\u010c,<\/u><\/strong><u> \u010de ste za pregled <\/u><span style=\"color: #ff0000;\"><strong><u>C, D, E<\/u><\/strong><\/span> <u>kategorije <\/u><\/li>\n<\/ul>\n<p><em>&nbsp;<\/em><\/p>\n<p><em>Zdravnik, ki opravlja zdravstvene preglede lahko pred izdajo zdravni\u0161kega spri\u010devala, glede na rezultate pregleda in pregleda zdravstvene dokumentacije, napoti kandidata za voznika in voznika motornega vozila na pregled \u0161e k drugemu zdravniku specialistu ali psihologu.<\/em><\/p>\n<p><em>&nbsp;<\/em><\/p>\n<p><strong><em>Stro\u0161ke pregleda lahko pla\u010date z ban\u010dnimi karticami <u>(za\u017eeljeno)<\/u> ali v gotovini.<\/em><\/strong><\/p>\n","protected":false},"excerpt":{"rendered":"<p>ZA VSE ZDRAVSTVENE PREGLEDE SE JE POTREBNO NARO\u010cITI:Za naro\u010danje (datum in ura pregleda) nas pokli\u010dite&nbsp;po telefonu&nbsp;od ponedeljka do petka med 11:00 in 13:00 uro: 05\/ 62 07 282; Za zdravstveni pregled kandidata voznika motornih vozil ali podalj\u0161anje veljavnosti vozni\u0161kega potrebujete: zdravstveno kartico in osebni dokument (osebno izkaznico ali potni list); vozni\u0161ko dovoljenje (\u010de ga \u017ee&#8230;<\/p>\n","protected":false},"author":1,"featured_media":0,"parent":0,"menu_order":0,"comment_status":"closed","ping_status":"closed","template":"","meta":{"ngg_post_thumbnail":0,"footnotes":""},"class_list":["post-990176","page","type-page","status-publish"],"_links":{"self":[{"href":"https:\/\/zd-piran.si\/index.php\/wp-json\/wp\/v2\/pages\/990176","targetHints":{"allow":["GET"]}}],"collection":[{"href":"https:\/\/zd-piran.si\/index.php\/wp-json\/wp\/v2\/pages"}],"about":[{"href":"https:\/\/zd-piran.si\/index.php\/wp-json\/wp\/v2\/types\/page"}],"author":[{"embeddable":true,"href":"https:\/\/zd-piran.si\/index.php\/wp-json\/wp\/v2\/users\/1"}],"replies":[{"embeddable":true,"href":"https:\/\/zd-piran.si\/index.php\/wp-json\/wp\/v2\/comments?post=990176"}],"version-history":[{"count":2,"href":"https:\/\/zd-piran.si\/index.php\/wp-json\/wp\/v2\/pages\/990176\/revisions"}],"predecessor-version":[{"id":990180,"href":"https:\/\/zd-piran.si\/index.php\/wp-json\/wp\/v2\/pages\/990176\/revisions\/990180"}],"wp:attachment":[{"href":"https:\/\/zd-piran.si\/index.php\/wp-json\/wp\/v2\/media?parent=990176"}],"curies":[{"name":"wp","href":"https:\/\/api.w.org\/{rel}","templated":true}]}}