{"id":990549,"date":"2021-01-10T18:25:23","date_gmt":"2021-01-10T17:25:23","guid":{"rendered":"https:\/\/zd-piran.si\/index.php\/ambulante-druzinske-medicine\/spolsne_ambulante\/sa08-2\/"},"modified":"2026-04-03T07:02:42","modified_gmt":"2026-04-03T06:02:42","slug":"dodatnasa","status":"publish","type":"page","link":"https:\/\/zd-piran.si\/index.php\/ambulante-druzinske-medicine\/spolsne_ambulante\/dodatnasa\/","title":{"rendered":"Dodatna ambulanta dru\u017einske medicine"},"content":{"rendered":"<div class=\"row \"><div class=\"wpv-grid grid-1-2  wpv-first-level first unextended\" style=\"padding-top:0px;padding-bottom:0px\" id=\"wpv-column-4283f92d92e42d5de34db91c952fdff6\" ><p><strong>Dodatna ambulanta dru\u017einske medicine (Ambulanta za neopredeljene osebe)<\/strong><br \/>\nCesta solinarjev 1, LUCIJA , PORTORO\u017d<\/p>\n<p><strong>Naro\u010danje na pregled:<\/strong>&nbsp;osebno, po po\u0161ti, telefonsko:&nbsp;<strong>030\/702582<\/strong><br \/>\n<strong>Naslov:<\/strong>&nbsp;Zdravstveni dom Piran, Amb. za neopredeljene, Cesta solinarjev 1, 6320 Portoro\u017e<\/div>\n<div class=\"wpv-grid grid-1-2  wpv-first-level unextended\" style=\"padding-top:0px;padding-bottom:0px\" id=\"wpv-column-0ef835c6c916f20263f3beec81d5a139\" ><table class=\"paleBlueRows\">\n<thead>\n<tr>\n<th style=\"text-align: center; background: #F2C74F; color: black;\">PON<\/th>\n<th style=\"text-align: center; background: #F2C74F; color: black;\">TOR<\/th>\n<th style=\"text-align: center; background: #F2C74F; color: black;\">SRE<\/th>\n<th style=\"text-align: center; background: #F2C74F; color: black;\">\u010cET<\/th>\n<th style=\"text-align: center; background: #F2C74F; color: black;\">PET<\/th>\n<th style=\"text-align: center; background: #F2C74F; color: black;\">SOB<\/th>\n<th style=\"text-align: center; background: #F2C74F; color: black;\">NED<\/th>\n<\/tr>\n<\/thead>\n<tbody>\n<tr>\n<td style=\"text-align: center; background: #EFE0B6; color: black;\">14:00<\/td>\n<td style=\"text-align: center; background: #EFE0B6; color: black;\">14:00<\/td>\n<td style=\"text-align: center; background: #EFE0B6; color: black;\">14:00<\/td>\n<td style=\"text-align: center; background: #EFE0B6; color: black;\">09:00<\/td>\n<td style=\"text-align: center; background: #EFE0B6; color: black;\">14:00<\/td>\n<td style=\"text-align: center; background: #EFE0B6; color: black;\">&#8211;<\/td>\n<td style=\"text-align: center; background: #EFE0B6; color: black;\">&#8211;<\/td>\n<\/tr>\n<tr>\n<td style=\"text-align: center; background: #EFE0B6; color: black;\">16:00<\/td>\n<td style=\"text-align: center; background: #EFE0B6; color: black;\">15:00<\/td>\n<td style=\"text-align: center; background: #EFE0B6; color: black;\">15:00<\/td>\n<td style=\"text-align: center; background: #EFE0B6; color: black;\">13:00<\/td>\n<td style=\"text-align: center; background: #EFE0B6; color: black;\">15:00<\/td>\n<td style=\"text-align: center; background: #EFE0B6; color: black;\">&#8211;<\/td>\n<td style=\"text-align: center; background: #EFE0B6; color: black;\">&#8211;<\/td>\n<\/tr>\n<\/tbody>\n<\/table>\n<p>Zaradi morebitne odsotnosti zdravstvenih delavcev, ki opravljajo delo v dodatni ambulanti dru\u017einske medicine (prej amb. za neopredeljene) (letni dopusti, bolni\u0161ke in druge odsotnosti), se urnik lahko spremeni.<\/div><\/div>\n","protected":false},"excerpt":{"rendered":"<p>Dodatna ambulanta dru\u017einske medicine (Ambulanta za neopredeljene osebe) Cesta solinarjev 1, LUCIJA , PORTORO\u017d Naro\u010danje na pregled:&nbsp;osebno, po po\u0161ti, telefonsko:&nbsp;030\/702582 Naslov:&nbsp;Zdravstveni dom Piran, Amb. za neopredeljene, Cesta solinarjev 1, 6320 Portoro\u017e PON TOR SRE \u010cET PET SOB NED 14:00 14:00 14:00 09:00 14:00 &#8211; &#8211; 16:00 15:00 15:00 13:00 15:00 &#8211; &#8211; Zaradi morebitne odsotnosti&#8230;<\/p>\n","protected":false},"author":1,"featured_media":0,"parent":987987,"menu_order":0,"comment_status":"closed","ping_status":"closed","template":"","meta":{"ngg_post_thumbnail":0,"footnotes":""},"class_list":["post-990549","page","type-page","status-publish"],"_links":{"self":[{"href":"https:\/\/zd-piran.si\/index.php\/wp-json\/wp\/v2\/pages\/990549","targetHints":{"allow":["GET"]}}],"collection":[{"href":"https:\/\/zd-piran.si\/index.php\/wp-json\/wp\/v2\/pages"}],"about":[{"href":"https:\/\/zd-piran.si\/index.php\/wp-json\/wp\/v2\/types\/page"}],"author":[{"embeddable":true,"href":"https:\/\/zd-piran.si\/index.php\/wp-json\/wp\/v2\/users\/1"}],"replies":[{"embeddable":true,"href":"https:\/\/zd-piran.si\/index.php\/wp-json\/wp\/v2\/comments?post=990549"}],"version-history":[{"count":19,"href":"https:\/\/zd-piran.si\/index.php\/wp-json\/wp\/v2\/pages\/990549\/revisions"}],"predecessor-version":[{"id":990917,"href":"https:\/\/zd-piran.si\/index.php\/wp-json\/wp\/v2\/pages\/990549\/revisions\/990917"}],"up":[{"embeddable":true,"href":"https:\/\/zd-piran.si\/index.php\/wp-json\/wp\/v2\/pages\/987987"}],"wp:attachment":[{"href":"https:\/\/zd-piran.si\/index.php\/wp-json\/wp\/v2\/media?parent=990549"}],"curies":[{"name":"wp","href":"https:\/\/api.w.org\/{rel}","templated":true}]}}