{"id":990700,"date":"2025-10-14T09:10:42","date_gmt":"2025-10-14T08:10:42","guid":{"rendered":"https:\/\/zd-piran.si\/?page_id=990700"},"modified":"2025-10-14T09:50:18","modified_gmt":"2025-10-14T08:50:18","slug":"zemljevid-spletisca","status":"publish","type":"page","link":"https:\/\/zd-piran.si\/index.php\/zemljevid-spletisca\/","title":{"rendered":"Zemljevid spleti\u0161\u010da"},"content":{"rendered":"<div id=\"simple-sitemap-container-69f8b17529204\" class=\"simple-sitemap-container simple-sitemap-container-69f8b17529204 tab-disabled\"><div class=\"simple-sitemap-wrap\"><h3 class=\"post-type\">Pages<\/h3><ul class=\"simple-sitemap-page main\"><li class=\"sitemap-item page_item page-item-987949 page_item_has_children\"><a href=\"https:\/\/zd-piran.si\/index.php\/ambulante-druzinske-medicine\/\">Ambulante dru\u017einske medicine<\/a>\n<ul class='children'>\n\t<li class=\"sitemap-item page_item page-item-988170\"><a href=\"https:\/\/zd-piran.si\/index.php\/ambulante-druzinske-medicine\/sa02\/\">Dr. Bernarda Javornik<\/a><\/li>\n\t<li class=\"sitemap-item page_item page-item-987988\"><a href=\"https:\/\/zd-piran.si\/index.php\/ambulante-druzinske-medicine\/referencne_ambulante\/\">Referen\u010dne ambulante<\/a><\/li>\n\t<li class=\"sitemap-item page_item page-item-987987 page_item_has_children\"><a href=\"https:\/\/zd-piran.si\/index.php\/ambulante-druzinske-medicine\/spolsne_ambulante\/\">Splo\u0161ne ambulante<\/a>\n\t<ul class='children'>\n\t\t<li class=\"sitemap-item page_item page-item-989725\"><a href=\"https:\/\/zd-piran.si\/index.php\/ambulante-druzinske-medicine\/spolsne_ambulante\/picej\/\">Amb. Sne\u017eana Picej<\/a><\/li>\n\t\t<li class=\"sitemap-item page_item page-item-990549\"><a href=\"https:\/\/zd-piran.si\/index.php\/ambulante-druzinske-medicine\/spolsne_ambulante\/dodatnasa\/\">Dodatna ambulanta dru\u017einske medicine<\/a><\/li>\n\t\t<li class=\"sitemap-item page_item page-item-988113\"><a href=\"https:\/\/zd-piran.si\/index.php\/ambulante-druzinske-medicine\/spolsne_ambulante\/ambprimozic\/\">Dr. Jasna Primo\u017ei\u010d<\/a><\/li>\n\t\t<li class=\"sitemap-item page_item page-item-988109\"><a href=\"https:\/\/zd-piran.si\/index.php\/ambulante-druzinske-medicine\/spolsne_ambulante\/sa01\/\">Dr. Katarina Ralca<\/a><\/li>\n\t\t<li class=\"sitemap-item page_item page-item-988119\"><a href=\"https:\/\/zd-piran.si\/index.php\/ambulante-druzinske-medicine\/spolsne_ambulante\/sa05\/\">Dr. Kristina Babi\u010d, dr. med. spec. dru\u017e. med.<\/a><\/li>\n\t\t<li class=\"sitemap-item page_item page-item-988117\"><a href=\"https:\/\/zd-piran.si\/index.php\/ambulante-druzinske-medicine\/spolsne_ambulante\/sa07\/\">Dr. Maja Cvetko Gomezelj<\/a><\/li>\n\t\t<li class=\"sitemap-item page_item page-item-987946\"><a href=\"https:\/\/zd-piran.si\/index.php\/ambulante-druzinske-medicine\/spolsne_ambulante\/sa08\/\">Dr. Nata\u0161a Ukota Ro\u017eman<\/a><\/li>\n\t\t<li class=\"sitemap-item page_item page-item-988100\"><a href=\"https:\/\/zd-piran.si\/index.php\/ambulante-druzinske-medicine\/spolsne_ambulante\/sa06\/\">Dr. Polona Lampi\u010d<\/a><\/li>\n\t\t<li class=\"sitemap-item page_item page-item-990391\"><a href=\"https:\/\/zd-piran.si\/index.php\/ambulante-druzinske-medicine\/spolsne_ambulante\/sa04\/\">Dr.Ivana Kosti\u0107<\/a><\/li>\n\t\t<li class=\"sitemap-item page_item page-item-989681\"><a href=\"https:\/\/zd-piran.si\/index.php\/ambulante-druzinske-medicine\/spolsne_ambulante\/klinfarm\/\">Farmacevt svetovalec<\/a><\/li>\n\t\t<li class=\"sitemap-item page_item page-item-988383\"><a href=\"https:\/\/zd-piran.si\/index.php\/ambulante-druzinske-medicine\/spolsne_ambulante\/vucko\/\">Gregor Vu\u010dko, dr.med., spec. spl.med.<\/a><\/li>\n\t\t<li class=\"sitemap-item page_item page-item-988388\"><a href=\"https:\/\/zd-piran.si\/index.php\/ambulante-druzinske-medicine\/spolsne_ambulante\/lakovicbossman\/\">Karmen Lakovi\u0107 Bossman, dr.med., spec. spl.med.<\/a><\/li>\n\t\t<li class=\"sitemap-item page_item page-item-988153\"><a href=\"https:\/\/zd-piran.si\/index.php\/ambulante-druzinske-medicine\/spolsne_ambulante\/referencna-piran\/\">Referen\u010dna ambulanta dr. Babi\u010d in dr. Javornik<\/a><\/li>\n\t\t<li class=\"sitemap-item page_item page-item-988156\"><a href=\"https:\/\/zd-piran.si\/index.php\/ambulante-druzinske-medicine\/spolsne_ambulante\/referencna3\/\">Referen\u010dna ambulanta Dr. Lampi\u010d Polona in Dr. Maja Cvetko Gomezelj<\/a><\/li>\n\t\t<li class=\"sitemap-item page_item page-item-988175\"><a href=\"https:\/\/zd-piran.si\/index.php\/ambulante-druzinske-medicine\/spolsne_ambulante\/referencna2\/\">Referen\u010dna ambulanta Dr. Nata\u0161a Ukota Ro\u017eman<\/a><\/li>\n\t\t<li class=\"sitemap-item page_item page-item-988148\"><a href=\"https:\/\/zd-piran.si\/index.php\/ambulante-druzinske-medicine\/spolsne_ambulante\/referencna1\/\">Referen\u010dna ambulanta Dr. Ralca in Dr. Kosti\u0107<\/a><\/li>\n\t<\/ul>\n<\/li>\n<\/ul>\n<\/li>\n<li class=\"sitemap-item page_item page-item-988418\"><a href=\"https:\/\/zd-piran.si\/index.php\/cpzopd\/\">Center za prepre\u010devanje in zdravljenje odvisnosti od prepovedanih drog<\/a><\/li>\n<li class=\"sitemap-item page_item page-item-990800\"><a href=\"https:\/\/zd-piran.si\/index.php\/dolgotrajna-oskrba-na-domu\/\">DOLGOTRAJNA OSKRBA NA DOMU<\/a><\/li>\n<li class=\"sitemap-item page_item page-item-990757\"><a href=\"https:\/\/zd-piran.si\/index.php\/iso-certifikat\/\">ISO Certifikat<\/a><\/li>\n<li class=\"sitemap-item page_item page-item-990305\"><a href=\"https:\/\/zd-piran.si\/index.php\/izjava-o-dostopnosti\/\">Izjava o dostopnosti<\/a><\/li>\n<li class=\"sitemap-item page_item page-item-988448\"><a href=\"https:\/\/zd-piran.si\/index.php\/laboratorij\/\">Laboratorij<\/a><\/li>\n<li class=\"sitemap-item page_item page-item-990896\"><a href=\"https:\/\/zd-piran.si\/index.php\/laboratorij-narocanje\/\">Laboratorij - Naro\u010danje<\/a><\/li>\n<li class=\"sitemap-item page_item page-item-988029\"><a href=\"https:\/\/zd-piran.si\/index.php\/nase-cakalne-dobe\/\">Na\u0161e \u010dakalne dobe<\/a><\/li>\n<li class=\"sitemap-item page_item page-item-990170\"><a href=\"https:\/\/zd-piran.si\/index.php\/navodila-mdps-piran\/\">Navodila MDP\u0160 Piran<\/a><\/li>\n<li class=\"sitemap-item page_item page-item-990176\"><a href=\"https:\/\/zd-piran.si\/index.php\/navodila-mdps-piran-vozniki\/\">Navodila MDP\u0160 Piran Vozniki<\/a><\/li>\n<li class=\"sitemap-item page_item page-item-988088\"><a href=\"https:\/\/zd-piran.si\/index.php\/nmp\/\">NMP<\/a><\/li>\n<li class=\"sitemap-item page_item page-item-988074\"><a href=\"https:\/\/zd-piran.si\/index.php\/obvestila\/\">Obvestila<\/a><\/li>\n<li class=\"sitemap-item page_item page-item-988371 page_item_has_children\"><a href=\"https:\/\/zd-piran.si\/index.php\/pediatrija\/\">Otro\u0161ki in \u0161olski dispanzer<\/a>\n<ul class='children'>\n\t<li class=\"sitemap-item page_item page-item-988409\"><a href=\"https:\/\/zd-piran.si\/index.php\/pediatrija\/rostan\/\">Pediatri\u010dna ambulanta 2<\/a><\/li>\n\t<li class=\"sitemap-item page_item page-item-989821\"><a href=\"https:\/\/zd-piran.si\/index.php\/pediatrija\/padozzs\/\">Preventivna ambulanta za dru\u017einsko obravnavo za zdrav \u017eivljenjski slog<\/a><\/li>\n\t<li class=\"sitemap-item page_item page-item-988396\"><a href=\"https:\/\/zd-piran.si\/index.php\/pediatrija\/trupac\/\">Trupac Sara\u017ein Paola, dr.med. spec. ped.<\/a><\/li>\n\t<li class=\"sitemap-item page_item page-item-988405\"><a href=\"https:\/\/zd-piran.si\/index.php\/pediatrija\/lazardaneu\/\">Vesna Lazar Daneu, dr.med., spec. pediater<\/a><\/li>\n<\/ul>\n<\/li>\n<li class=\"sitemap-item page_item page-item-988290\"><a href=\"https:\/\/zd-piran.si\/index.php\/patronazna-sluzba\/\">Patrona\u017ena slu\u017eba in nega na domu<\/a><\/li>\n<li class=\"sitemap-item page_item page-item-990561\"><a href=\"https:\/\/zd-piran.si\/index.php\/poletna-nmp-ambulanta\/\">Poletna NMP ambulanta<\/a><\/li>\n<li class=\"sitemap-item page_item page-item-988053\"><a href=\"https:\/\/zd-piran.si\/index.php\/poslovna-porocila\/\">Poslovna poro\u010dila<\/a><\/li>\n<li class=\"sitemap-item page_item page-item-988878\"><a href=\"https:\/\/zd-piran.si\/index.php\/povzetek-zakona-o-pacientovih-pravicah\/\">Povzetek zakona o pacientovih pravicah<\/a><\/li>\n<li class=\"sitemap-item page_item page-item-988188 page_item_has_children\"><a href=\"https:\/\/zd-piran.si\/index.php\/specambulante\/\">Specialisti\u010dne ambulante<\/a>\n<ul class='children'>\n\t<li class=\"sitemap-item page_item page-item-988204\"><a href=\"https:\/\/zd-piran.si\/index.php\/specambulante\/mdps\/\">Ambulanta medicine dela, prometa in \u0161porta<\/a><\/li>\n\t<li class=\"sitemap-item page_item page-item-988259\"><a href=\"https:\/\/zd-piran.si\/index.php\/specambulante\/antikoag\/\">Antikoagulantna ambulanta<\/a><\/li>\n\t<li class=\"sitemap-item page_item page-item-988242\"><a href=\"https:\/\/zd-piran.si\/index.php\/specambulante\/diabeticna\/\">Dispanzer za diabetike<\/a><\/li>\n\t<li class=\"sitemap-item page_item page-item-988239\"><a href=\"https:\/\/zd-piran.si\/index.php\/specambulante\/internisticna\/\">Internisti\u010dna ambulanta<\/a><\/li>\n\t<li class=\"sitemap-item page_item page-item-988215\"><a href=\"https:\/\/zd-piran.si\/index.php\/specambulante\/orlcksg\/\">Otorinolaringolo\u0161ka ambulanta CKSG<\/a><\/li>\n\t<li class=\"sitemap-item page_item page-item-988195\"><a href=\"https:\/\/zd-piran.si\/index.php\/specambulante\/orlkoper\/\">Otorinolaringolo\u0161ka ambulanta Koper<\/a><\/li>\n\t<li class=\"sitemap-item page_item page-item-988245\"><a href=\"https:\/\/zd-piran.si\/index.php\/specambulante\/psihiatrija\/\">Psihiatri\u010dni dispanzer<\/a><\/li>\n\t<li class=\"sitemap-item page_item page-item-988249\"><a href=\"https:\/\/zd-piran.si\/index.php\/specambulante\/pedopsihiatrija\/\">Psihohigienski dispanzer za otroke in mladostnike<\/a><\/li>\n\t<li class=\"sitemap-item page_item page-item-988253\"><a href=\"https:\/\/zd-piran.si\/index.php\/specambulante\/pedopsihiatrija-2\/\">Psihohigienski dispanzer za otroke in mladostnike<\/a><\/li>\n\t<li class=\"sitemap-item page_item page-item-988277\"><a href=\"https:\/\/zd-piran.si\/index.php\/specambulante\/pulmo\/\">Zasebna internisti\u010dno pulmolo\u0161ka ambulanta<\/a><\/li>\n<\/ul>\n<\/li>\n<li class=\"sitemap-item page_item page-item-988444\"><a href=\"https:\/\/zd-piran.si\/index.php\/uprava\/\">Uprava<\/a><\/li>\n<li class=\"sitemap-item page_item page-item-23 page_item_has_children\"><a href=\"https:\/\/zd-piran.si\/\">Zdravstveni dom Piran - Doma\u010da stran<\/a>\n<ul class='children'>\n\t<li class=\"sitemap-item page_item page-item-988815\"><a href=\"https:\/\/zd-piran.si\/index.php\/23-2\/cdzom\/\">CDZOM - Center za du\u0161evno zdravje otrok in mladostnikov<\/a><\/li>\n<\/ul>\n<\/li>\n<li class=\"sitemap-item page_item page-item-990700\"><a href=\"https:\/\/zd-piran.si\/index.php\/zemljevid-spletisca\/\">Zemljevid spleti\u0161\u010da<\/a><\/li>\n<li class=\"sitemap-item page_item page-item-988312 page_item_has_children\"><a href=\"https:\/\/zd-piran.si\/index.php\/zobne_ambulante\/\">Zobne ambulante<\/a>\n<ul class='children'>\n\t<li class=\"sitemap-item page_item page-item-988339\"><a href=\"https:\/\/zd-piran.si\/index.php\/zobne_ambulante\/zobnapomorska\/\">Ambulanta za mladino in odrasle: Alenka Seljak, dr. dent. med.<\/a><\/li>\n\t<li class=\"sitemap-item page_item page-item-988349\"><a href=\"https:\/\/zd-piran.si\/index.php\/zobne_ambulante\/dobravc\/\">Dobravc Vesna, dr.dent.med.<\/a><\/li>\n\t<li class=\"sitemap-item page_item page-item-988894\"><a href=\"https:\/\/zd-piran.si\/index.php\/zobne_ambulante\/cokdental\/\">Dr. \u010cOK DENTAL d.o.o.<\/a><\/li>\n\t<li class=\"sitemap-item page_item page-item-988353\"><a href=\"https:\/\/zd-piran.si\/index.php\/zobne_ambulante\/komljanec\/\">Evgenij Komljanec, dr.dent.med.,spec.zobne in \u010deljustne ortopedije - ZZZ ORTHODONTIO<\/a><\/li>\n\t<li class=\"sitemap-item page_item page-item-988324\"><a href=\"https:\/\/zd-piran.si\/index.php\/zobne_ambulante\/vatovec\/\">Miha Vatovec, dr. dent. med.<\/a><\/li>\n\t<li class=\"sitemap-item page_item page-item-988362\"><a href=\"https:\/\/zd-piran.si\/index.php\/zobne_ambulante\/rtg\/\">Rentgensko slikanje zob ZD Piran<\/a><\/li>\n\t<li class=\"sitemap-item page_item page-item-988728\"><a href=\"https:\/\/zd-piran.si\/index.php\/zobne_ambulante\/gomezelj\/\">Samopla\u010dni\u0161ka zobozdravstvena ambulanta Luka Gomezelj, dr. dent. med., Msc<\/a><\/li>\n\t<li class=\"sitemap-item page_item page-item-988331\"><a href=\"https:\/\/zd-piran.si\/index.php\/zobne_ambulante\/samotorcan\/\">Slavko Samotor\u010dan, dr.dent.med.<\/a><\/li>\n\t<li class=\"sitemap-item page_item page-item-988901\"><a href=\"https:\/\/zd-piran.si\/index.php\/zobne_ambulante\/solskazobna\/\">\u0160olska zobna ambulanta Matic Jerman, dr. dent. med.<\/a><\/li>\n\t<li class=\"sitemap-item page_item page-item-988328\"><a href=\"https:\/\/zd-piran.si\/index.php\/zobne_ambulante\/skorjasoric\/\">Vesna \u0160korja Sori\u010d , dr.dent.med.<\/a><\/li>\n<\/ul>\n<\/li>\n<\/ul><\/div><\/div><br style=\"clear: both;\">\n","protected":false},"excerpt":{"rendered":"","protected":false},"author":1,"featured_media":0,"parent":0,"menu_order":0,"comment_status":"closed","ping_status":"closed","template":"","meta":{"ngg_post_thumbnail":0,"footnotes":""},"class_list":["post-990700","page","type-page","status-publish"],"_links":{"self":[{"href":"https:\/\/zd-piran.si\/index.php\/wp-json\/wp\/v2\/pages\/990700","targetHints":{"allow":["GET"]}}],"collection":[{"href":"https:\/\/zd-piran.si\/index.php\/wp-json\/wp\/v2\/pages"}],"about":[{"href":"https:\/\/zd-piran.si\/index.php\/wp-json\/wp\/v2\/types\/page"}],"author":[{"embeddable":true,"href":"https:\/\/zd-piran.si\/index.php\/wp-json\/wp\/v2\/users\/1"}],"replies":[{"embeddable":true,"href":"https:\/\/zd-piran.si\/index.php\/wp-json\/wp\/v2\/comments?post=990700"}],"version-history":[{"count":3,"href":"https:\/\/zd-piran.si\/index.php\/wp-json\/wp\/v2\/pages\/990700\/revisions"}],"predecessor-version":[{"id":990712,"href":"https:\/\/zd-piran.si\/index.php\/wp-json\/wp\/v2\/pages\/990700\/revisions\/990712"}],"wp:attachment":[{"href":"https:\/\/zd-piran.si\/index.php\/wp-json\/wp\/v2\/media?parent=990700"}],"curies":[{"name":"wp","href":"https:\/\/api.w.org\/{rel}","templated":true}]}}